{"id":777513,"date":"2025-10-17T06:19:50","date_gmt":"2025-10-17T03:19:50","guid":{"rendered":"https:\/\/roveyayinevi.com.tr\/index.php\/urun\/demirden-kale-masal-istanbul-2\/"},"modified":"2026-04-16T02:35:55","modified_gmt":"2026-04-15T23:35:55","slug":"demirden-kale-masal-istanbul-2","status":"publish","type":"product","link":"https:\/\/roveyayinevi.com.tr\/index.php\/urun\/demirden-kale-masal-istanbul-2\/","title":{"rendered":"Demirden Kale &#8211; Masal \u0130stanbul 2"},"content":{"rendered":"<p>\u00c7ocuk edebiyat\u0131n\u0131n usta kalemi Figen Yaman Co\u015far\u2019\u0131n \u00e7ok sevilen Masalistanbul maceras\u0131 ikinci kitap ile devam ediyor.Masallar diyar\u0131n\u0131 yok ederek d\u00fcnyan\u0131n kalbini, \u0130stanbul\u2019u ele ge\u00e7irmeye \u00e7al\u0131\u015fan Merza yine i\u015f ba\u015f\u0131ndad\u0131r. \u015eehrin muhaf\u0131zlar\u0131 Kerem ile G\u00fclin Merza\u2019n\u0131n plan\u0131n\u0131 \u00f6\u011frenip masallar\u0131 korumaya \u00e7al\u0131\u015f\u0131rken Sevban ve Meryem \u00fclkelerinden ayr\u0131lm\u0131\u015f, ay y\u0131ld\u0131za do\u011fru y\u00fcr\u00fcmektedirler. Masal prensesi Rana ve di\u011fer masal kahramanlar\u0131n\u0131 kurtarman\u0131n yolu ise \u00c7ank\u0131r\u0131\u2019dan ge\u00e7mektedir. Bu defa Merza\u2019n\u0131n plan\u0131n\u0131 bozmak hayli zor olacak.<\/p>\n","protected":false},"excerpt":{"rendered":"<p>\u00c7ocuk edebiyat\u0131n\u0131n usta kalemi Figen Yaman Co\u015far\u2019\u0131n \u00e7ok sevilen Masalistanbul maceras\u0131 ikinci kitap ile devam ediyor.Masallar diyar\u0131n\u0131 yok ederek d\u00fcnyan\u0131n kalbini, \u0130stanbul\u2019u ele ge\u00e7irmeye \u00e7al\u0131\u015fan Merza<span class=\"excerpt-hellip\"> [\u2026]<\/span><\/p>\n","protected":false},"featured_media":0,"template":"","meta":{"_monsterinsights_skip_tracking":false,"_monsterinsights_sitenote_active":false,"_monsterinsights_sitenote_note":"","_monsterinsights_sitenote_category":0},"product_brand":[],"product_cat":[12275,12274],"product_tag":[],"class_list":{"0":"post-777513","1":"product","2":"type-product","3":"status-publish","5":"product_cat-6-12-yas-kitaplari","6":"product_cat-cocuk-ve-genclik-kitaplari","7":"pa_cilt-ciltsiz","8":"pa_tur-kitap","9":"pa_yayinevi-erdem-cocuk","10":"pa_yazar-figen-yaman-cosar","12":"first","13":"instock","14":"sale","15":"shipping-taxable","16":"purchasable","17":"product-type-simple"},"_links":{"self":[{"href":"https:\/\/roveyayinevi.com.tr\/index.php\/wp-json\/wp\/v2\/product\/777513","targetHints":{"allow":["GET"]}}],"collection":[{"href":"https:\/\/roveyayinevi.com.tr\/index.php\/wp-json\/wp\/v2\/product"}],"about":[{"href":"https:\/\/roveyayinevi.com.tr\/index.php\/wp-json\/wp\/v2\/types\/product"}],"wp:attachment":[{"href":"https:\/\/roveyayinevi.com.tr\/index.php\/wp-json\/wp\/v2\/media?parent=777513"}],"wp:term":[{"taxonomy":"product_brand","embeddable":true,"href":"https:\/\/roveyayinevi.com.tr\/index.php\/wp-json\/wp\/v2\/product_brand?post=777513"},{"taxonomy":"product_cat","embeddable":true,"href":"https:\/\/roveyayinevi.com.tr\/index.php\/wp-json\/wp\/v2\/product_cat?post=777513"},{"taxonomy":"product_tag","embeddable":true,"href":"https:\/\/roveyayinevi.com.tr\/index.php\/wp-json\/wp\/v2\/product_tag?post=777513"}],"curies":[{"name":"wp","href":"https:\/\/api.w.org\/{rel}","templated":true}]}}