{"id":777507,"date":"2025-10-16T21:16:04","date_gmt":"2025-10-16T18:16:04","guid":{"rendered":"https:\/\/roveyayinevi.com.tr\/?post_type=product&#038;p=777507"},"modified":"2026-04-15T03:43:37","modified_gmt":"2026-04-15T00:43:37","slug":"nakisli-cezve","status":"publish","type":"product","link":"https:\/\/roveyayinevi.com.tr\/index.php\/urun\/nakisli-cezve\/","title":{"rendered":"NAKI\u015eLI CEZVE"},"content":{"rendered":"<p>Okudu\u011fum \u00f6yk\u00fcleri, Do\u011fu\u2019nun otantik insan\u0131n\u0131n g\u00fcndelikleriyle yo\u011fruldu\u011funu hemen ele veren ve o k\u00fclt\u00fcre yo\u011funla\u015fm\u0131\u015f bir anlat\u0131c\u0131n\u0131n varl\u0131\u011f\u0131n\u0131 hemen duyumsatan \u00f6yk\u00fcler&#8230; \u015eiirlerindeki ses de geleneksel \u015fiirimizin \u00f6nemli duraklar\u0131na u\u011frad\u0131\u011f\u0131n\u0131, o duraklarda uzunca oyaland\u0131\u011f\u0131n\u0131 ve \u015fiirlerini o duraklardan hareketle kurdu\u011funu g\u00f6steriyor. Bu, \u00f6nemli. Hayat\u0131n i\u00e7inden s\u00f6yledi\u011fi s\u00f6zler, s\u0131cak ve sahici bir insan\u0131n,<br \/>\nyeni y\u00fczy\u0131la ve haks\u0131zl\u0131klara \u00e7\u0131\u011fl\u0131\u011f\u0131 gibi&#8230; \u0130nanc\u0131m \u015fu ki Fatma Bacara\u2019n\u0131n, bu duygu ve birikim zenginli\u011fi \u00f6n\u00fcm\u00fczdeki zaman i\u00e7inde mazlumlar, d\u00fc\u015fk\u00fcnler, yolda kalm\u0131\u015flar\u0131n yolda\u015f\u0131 olacak. Okuyaca\u011f\u0131n\u0131z<br \/>\n\u00f6yk\u00fcler\/\u015fiirler, sahici bir insan\u0131n gelece\u011fe g\u00f6nderdi\u011fi naiv birer feryatd\u0131r. Az \u015fey mi bu? Yoklu\u011fum onu \u00e7ok tela\u015fland\u0131rm\u0131\u015f, ya\u015fl\u0131 kalbi heyecanlanm\u0131\u015ft\u0131. Kaybetme korkusunu ta\u015f\u0131yan elleri titriyordu. Tekrar tekrar bakt\u0131 ayn\u0131 yere, sonra bir alt rafa ve sonra bir \u00fcst rafa bakt\u0131. Yoktu. \u0130lerleyen ya\u015f\u0131 ona bir oyun mu ediyordu? Akl\u0131n\u0131 zorluyor, yokluyordu. Acaba ba\u015fka bir yere mi koymu\u015ftu yoksa satm\u0131\u015f m\u0131yd\u0131? Son an\u0131lar\u0131nda b\u00f6yle bir sahne yoktu. Gidi\u015fim ona eski bir sevdan\u0131n varl\u0131\u011f\u0131n\u0131 hat\u0131rlatm\u0131\u015ft\u0131<\/p>\n","protected":false},"excerpt":{"rendered":"<p>Okudu\u011fum \u00f6yk\u00fcleri, Do\u011fu\u2019nun otantik insan\u0131n\u0131n g\u00fcndelikleriyle yo\u011fruldu\u011funu hemen ele veren ve o k\u00fclt\u00fcre yo\u011funla\u015fm\u0131\u015f bir anlat\u0131c\u0131n\u0131n varl\u0131\u011f\u0131n\u0131 hemen duyumsatan \u00f6yk\u00fcler&#8230; \u015eiirlerindeki ses de geleneksel \u015fiirimizin \u00f6nemli duraklar\u0131na u\u011frad\u0131\u011f\u0131n\u0131, o duraklarda uzunca oyaland\u0131\u011f\u0131n\u0131 ve \u015fiirlerini o duraklardan hareketle kurdu\u011funu g\u00f6steriyor. Bu, \u00f6nemli. Hayat\u0131n i\u00e7inden s\u00f6yledi\u011fi s\u00f6zler, s\u0131cak ve sahici bir insan\u0131n,<br \/>\nyeni y\u00fczy\u0131la ve haks\u0131zl\u0131klara \u00e7\u0131\u011fl\u0131\u011f\u0131 gibi&#8230; \u0130nanc\u0131m \u015fu ki Fatma Bacara\u2019n\u0131n, bu duygu ve birikim zenginli\u011fi \u00f6n\u00fcm\u00fczdeki zaman i\u00e7inde mazlumlar, d\u00fc\u015fk\u00fcnler, yolda kalm\u0131\u015flar\u0131n yolda\u015f\u0131 olacak. Okuyaca\u011f\u0131n\u0131z<br \/>\n\u00f6yk\u00fcler\/\u015fiirler, sahici bir insan\u0131n gelece\u011fe g\u00f6nderdi\u011fi naiv birer feryatd\u0131r. Az \u015fey mi bu? Yoklu\u011fum onu \u00e7ok tela\u015fland\u0131rm\u0131\u015f, ya\u015fl\u0131 kalbi heyecanlanm\u0131\u015ft\u0131. Kaybetme korkusunu ta\u015f\u0131yan elleri titriyordu. Tekrar tekrar bakt\u0131 ayn\u0131 yere, sonra bir alt rafa ve sonra bir \u00fcst rafa bakt\u0131. Yoktu. \u0130lerleyen ya\u015f\u0131 ona bir oyun mu ediyordu? Akl\u0131n\u0131 zorluyor, yokluyordu. Acaba ba\u015fka bir yere mi koymu\u015ftu yoksa satm\u0131\u015f m\u0131yd\u0131? Son an\u0131lar\u0131nda b\u00f6yle bir sahne yoktu. Gidi\u015fim ona eski bir sevdan\u0131n varl\u0131\u011f\u0131n\u0131 hat\u0131rlatm\u0131\u015ft\u0131<\/p>\n","protected":false},"featured_media":777508,"template":"","meta":{"_monsterinsights_skip_tracking":false,"_monsterinsights_sitenote_active":false,"_monsterinsights_sitenote_note":"","_monsterinsights_sitenote_category":0},"product_brand":[],"product_cat":[133334],"product_tag":[],"class_list":{"0":"post-777507","1":"product","2":"type-product","3":"status-publish","4":"has-post-thumbnail","6":"product_cat-genel","7":"pa_baski-boyutu-155-x-235-cm","8":"pa_baski-sayisi-1-baski","9":"pa_baski-tarihi-ekim-2025","10":"pa_cilt-karton-kapak","11":"pa_sayfa-sayisi-15876","12":"pa_stok-kodu-142192","13":"pa_tur-kitap","14":"pa_yayin-dili-turkce","15":"pa_yayinevi-raven","16":"pa_yazar-fatma-bacara","18":"first","19":"instock","20":"sale","21":"shipping-taxable","22":"purchasable","23":"product-type-simple"},"_links":{"self":[{"href":"https:\/\/roveyayinevi.com.tr\/index.php\/wp-json\/wp\/v2\/product\/777507","targetHints":{"allow":["GET"]}}],"collection":[{"href":"https:\/\/roveyayinevi.com.tr\/index.php\/wp-json\/wp\/v2\/product"}],"about":[{"href":"https:\/\/roveyayinevi.com.tr\/index.php\/wp-json\/wp\/v2\/types\/product"}],"wp:featuredmedia":[{"embeddable":true,"href":"https:\/\/roveyayinevi.com.tr\/index.php\/wp-json\/wp\/v2\/media\/777508"}],"wp:attachment":[{"href":"https:\/\/roveyayinevi.com.tr\/index.php\/wp-json\/wp\/v2\/media?parent=777507"}],"wp:term":[{"taxonomy":"product_brand","embeddable":true,"href":"https:\/\/roveyayinevi.com.tr\/index.php\/wp-json\/wp\/v2\/product_brand?post=777507"},{"taxonomy":"product_cat","embeddable":true,"href":"https:\/\/roveyayinevi.com.tr\/index.php\/wp-json\/wp\/v2\/product_cat?post=777507"},{"taxonomy":"product_tag","embeddable":true,"href":"https:\/\/roveyayinevi.com.tr\/index.php\/wp-json\/wp\/v2\/product_tag?post=777507"}],"curies":[{"name":"wp","href":"https:\/\/api.w.org\/{rel}","templated":true}]}}