{"id":777503,"date":"2025-10-16T21:10:19","date_gmt":"2025-10-16T18:10:19","guid":{"rendered":"https:\/\/roveyayinevi.com.tr\/?post_type=product&#038;p=777503"},"modified":"2026-04-15T03:43:36","modified_gmt":"2026-04-15T00:43:36","slug":"arasin-kiyisinda","status":"publish","type":"product","link":"https:\/\/roveyayinevi.com.tr\/index.php\/urun\/arasin-kiyisinda\/","title":{"rendered":"ARASIN KIYISINDA"},"content":{"rendered":"<p>Fatma Bacara \u00c7a\u011flayan\u2019\u0131n Aras\u2019\u0131n K\u0131y\u0131s\u0131nda adl\u0131 bu kitaba toplad\u0131\u011f\u0131 \u00f6yk\u00fcleri, \u201ctoplumcu duyarl\u0131l\u0131\u011f\u0131\u201d olabildi\u011fince y\u00fcksek bir \u00e7\u0131\u011fl\u0131k\u2026 Anadolu insan\u0131n\u0131n, \u00f6zellikle de kad\u0131n\u0131n\u0131n \u201c\u00f6zg\u00fcrl\u00fc\u011fe hasret\u201dya\u015famlar\u0131ndan aktar\u0131lan her y\u00f6n\u00fcyle \u201cger\u00e7ek\u00e7i\u201d kesitler, son derece naif ve bir o kadar da can yak\u0131c\u0131\u2026\u201cG\u00f6n\u00fcls\u00fcz gelinler\u201din, \u201cAlmanc\u0131lar\u201d\u0131n, \u201ckumac\u0131lar\u201d\u0131n, \u201c\u015f\u0131hlar\u201d\u0131n,\u201cm\u00fcba\u015firler\u201din ve daha nice insan ya\u015famlar\u0131n\u0131n hazin \u00f6yk\u00fcleri\u2026 En<br \/>\n\u00f6nemlisi de iktidarlar\u0131n, devletlerin t\u00fcm bask\u0131 ve dayatmalar\u0131na kar\u015f\u0131n halklar aras\u0131ndaki bar\u0131\u015f, dostluk ve karde\u015flik istencinin ne denli derin oldu\u011funu bize duyurmas\u0131&#8230; \u00d6rne\u011fin, bir Vali ile bir Ermeni\u2019nin \u201cAras\u2019\u0131n<br \/>\nk\u0131y\u0131s\u0131nda\u201d bal\u0131k tutarken birbirlerine sempatiyle yakla\u015fmalar\u0131 ve:\u201cGe\u00e7mi\u015fe tak\u0131l\u0131p kal\u0131rsak gelece\u011fe nas\u0131l gidece\u011fiz?\u201d diye seslenmeleri\u2026\u201cAras durgundu. Sonbahar ya\u011fmurlar\u0131yla hen\u00fcz kabar\u0131p co\u015fmam\u0131\u015ft\u0131. Dost\u00e7a ak\u0131yordu. Yan\u0131ndan kimlerin ge\u00e7ip gitti\u011finden habersizdi. K\u0131y\u0131s\u0131nda ve ba\u011fr\u0131nda bir\u00e7ok canl\u0131y\u0131 bar\u0131nd\u0131r\u0131yordu.<br \/>\nBal\u0131klar, kaplumba\u011falar, y\u0131lanlar, kurba\u011falar ve daha nice su hayvanlar\u0131; etraf\u0131nda t\u00fcrl\u00fc t\u00fcrl\u00fc bitkiler, ku\u015flar, \u00f6rdekler, b\u00f6cekler ve insanlar&#8230; Dost bir nehirdi Aras, onun kap\u0131s\u0131 herkese a\u00e7\u0131kt\u0131. G\u00f6rkemine de bu yak\u0131\u015f\u0131rd\u0131. Nehirler kimsenin de\u011fildir. Onlar yery\u00fcz\u00fcn\u00fcn miras\u0131 ve t\u00fcm canl\u0131lara arma\u011fan\u0131d\u0131r.\u201d<\/p>\n","protected":false},"excerpt":{"rendered":"<p>Fatma Bacara \u00c7a\u011flayan\u2019\u0131n Aras\u2019\u0131n K\u0131y\u0131s\u0131nda adl\u0131 bu kitaba toplad\u0131\u011f\u0131 \u00f6yk\u00fcleri, \u201ctoplumcu duyarl\u0131l\u0131\u011f\u0131\u201d olabildi\u011fince y\u00fcksek bir \u00e7\u0131\u011fl\u0131k\u2026 Anadolu insan\u0131n\u0131n, \u00f6zellikle de kad\u0131n\u0131n\u0131n \u201c\u00f6zg\u00fcrl\u00fc\u011fe hasret\u201dya\u015famlar\u0131ndan aktar\u0131lan her y\u00f6n\u00fcyle \u201cger\u00e7ek\u00e7i\u201d kesitler, son derece naif ve bir o kadar da can yak\u0131c\u0131\u2026\u201cG\u00f6n\u00fcls\u00fcz gelinler\u201din, \u201cAlmanc\u0131lar\u201d\u0131n, \u201ckumac\u0131lar\u201d\u0131n, \u201c\u015f\u0131hlar\u201d\u0131n,\u201cm\u00fcba\u015firler\u201din ve daha nice insan ya\u015famlar\u0131n\u0131n hazin \u00f6yk\u00fcleri\u2026 En<br \/>\n\u00f6nemlisi de iktidarlar\u0131n, devletlerin t\u00fcm bask\u0131 ve dayatmalar\u0131na kar\u015f\u0131n halklar aras\u0131ndaki bar\u0131\u015f, dostluk ve karde\u015flik istencinin ne denli derin oldu\u011funu bize duyurmas\u0131&#8230; \u00d6rne\u011fin, bir Vali ile bir Ermeni\u2019nin \u201cAras\u2019\u0131n<br \/>\nk\u0131y\u0131s\u0131nda\u201d bal\u0131k tutarken birbirlerine sempatiyle yakla\u015fmalar\u0131 ve:\u201cGe\u00e7mi\u015fe tak\u0131l\u0131p kal\u0131rsak gelece\u011fe nas\u0131l gidece\u011fiz?\u201d diye seslenmeleri\u2026\u201cAras durgundu. Sonbahar ya\u011fmurlar\u0131yla hen\u00fcz kabar\u0131p co\u015fmam\u0131\u015ft\u0131. Dost\u00e7a ak\u0131yordu. Yan\u0131ndan kimlerin ge\u00e7ip gitti\u011finden habersizdi. K\u0131y\u0131s\u0131nda ve ba\u011fr\u0131nda bir\u00e7ok canl\u0131y\u0131 bar\u0131nd\u0131r\u0131yordu.<br \/>\nBal\u0131klar, kaplumba\u011falar, y\u0131lanlar, kurba\u011falar ve daha nice su hayvanlar\u0131; etraf\u0131nda t\u00fcrl\u00fc t\u00fcrl\u00fc bitkiler, ku\u015flar, \u00f6rdekler, b\u00f6cekler ve insanlar&#8230; Dost bir nehirdi Aras, onun kap\u0131s\u0131 herkese a\u00e7\u0131kt\u0131. G\u00f6rkemine de bu yak\u0131\u015f\u0131rd\u0131. Nehirler kimsenin de\u011fildir. Onlar yery\u00fcz\u00fcn\u00fcn miras\u0131 ve t\u00fcm canl\u0131lara arma\u011fan\u0131d\u0131r.\u201d<\/p>\n","protected":false},"featured_media":777504,"template":"","meta":{"_monsterinsights_skip_tracking":false,"_monsterinsights_sitenote_active":false,"_monsterinsights_sitenote_note":"","_monsterinsights_sitenote_category":0},"product_brand":[],"product_cat":[12711],"product_tag":[],"class_list":{"0":"post-777503","1":"product","2":"type-product","3":"status-publish","4":"has-post-thumbnail","6":"product_cat-roman-oyku","7":"pa_baski-boyutu-155-x-235-cm","8":"pa_baski-sayisi-1-baski","9":"pa_baski-tarihi-ekim-2025","10":"pa_cilt-karton-kapak","11":"pa_sayfa-sayisi-12828","12":"pa_stok-kodu-142190","13":"pa_tur-kitap","14":"pa_yayin-dili-turkce","15":"pa_yayinevi-raven","16":"pa_yazar-fatma-bacara","18":"first","19":"instock","20":"sale","21":"shipping-taxable","22":"purchasable","23":"product-type-simple"},"_links":{"self":[{"href":"https:\/\/roveyayinevi.com.tr\/index.php\/wp-json\/wp\/v2\/product\/777503","targetHints":{"allow":["GET"]}}],"collection":[{"href":"https:\/\/roveyayinevi.com.tr\/index.php\/wp-json\/wp\/v2\/product"}],"about":[{"href":"https:\/\/roveyayinevi.com.tr\/index.php\/wp-json\/wp\/v2\/types\/product"}],"wp:featuredmedia":[{"embeddable":true,"href":"https:\/\/roveyayinevi.com.tr\/index.php\/wp-json\/wp\/v2\/media\/777504"}],"wp:attachment":[{"href":"https:\/\/roveyayinevi.com.tr\/index.php\/wp-json\/wp\/v2\/media?parent=777503"}],"wp:term":[{"taxonomy":"product_brand","embeddable":true,"href":"https:\/\/roveyayinevi.com.tr\/index.php\/wp-json\/wp\/v2\/product_brand?post=777503"},{"taxonomy":"product_cat","embeddable":true,"href":"https:\/\/roveyayinevi.com.tr\/index.php\/wp-json\/wp\/v2\/product_cat?post=777503"},{"taxonomy":"product_tag","embeddable":true,"href":"https:\/\/roveyayinevi.com.tr\/index.php\/wp-json\/wp\/v2\/product_tag?post=777503"}],"curies":[{"name":"wp","href":"https:\/\/api.w.org\/{rel}","templated":true}]}}