{"id":777501,"date":"2025-10-16T21:04:31","date_gmt":"2025-10-16T18:04:31","guid":{"rendered":"https:\/\/roveyayinevi.com.tr\/?post_type=product&#038;p=777501"},"modified":"2026-04-15T03:43:36","modified_gmt":"2026-04-15T00:43:36","slug":"guz-gelini-2","status":"publish","type":"product","link":"https:\/\/roveyayinevi.com.tr\/index.php\/urun\/guz-gelini-2\/","title":{"rendered":"G\u00dcZ GEL\u0130N\u0130"},"content":{"rendered":"<p>Ad\u0131na gelinlik denen beyaz giysilerini s\u00fcr\u00fckleyerek odadaki tek pencerenin \u00f6n\u00fcne y\u00fcr\u00fcd\u00fc. E\u011fildi bakt\u0131. Kal\u0131n duva\u011f\u0131n\u0131n ard\u0131ndan, d\u0131\u015far\u0131dakileri se\u00e7meye u\u011fra\u015ft\u0131. Bah\u00e7ede, eski bir masa etraf\u0131nda oturan \u00fc\u00e7 erkekten hangisinin kocas\u0131 oldu\u011funu tahmine \u00e7al\u0131\u015ft\u0131. Biri iyice \u00e7\u00f6km\u00fc\u015ft\u00fc, kambur oturuyordu, ya\u015fl\u0131yd\u0131. Kel denecek kadar sa\u00e7s\u0131zd\u0131. Tam kar\u015f\u0131da oturan\u0131n ba\u015f\u0131nda kocaman bir kalpak vard\u0131. \u0130ri yap\u0131l\u0131yd\u0131. \u00c7\u00fcnk\u00fc di\u011ferlerinden daha y\u00fcksek g\u00f6r\u00fcn\u00fcyordu.<br \/>\nDolgun surat\u0131 ve k\u0131rla\u015fm\u0131\u015f sakallar\u0131yla orta ya\u015fl\u0131 oldu\u011funa kanaat getiriyordu. Di\u011fer yanda oturan g\u00fcr sa\u00e7l\u0131 bir adamd\u0131.<br \/>\nOna da gen\u00e7 denemezdi. Oturdu\u011fu yerden g\u00f6be\u011finin b\u00fcy\u00fckl\u00fc\u011f\u00fc belli oluyordu. Bacaklar\u0131n\u0131 iki yana a\u00e7arak g\u00f6be\u011fini yerle\u015ftirmi\u015fti. \u0130stekanda (cam bardaklar) \u00e7ay i\u00e7ip nadir konu\u015fuyorlard\u0131. Etraflar\u0131nda dolanan, hizmet eden kad\u0131n ve erkeklere veya yanlar\u0131na sokulup ka\u00e7an \u00e7ocuklara ra\u011fmen, hi\u00e7birinde bug\u00fcn d\u00fc\u011f\u00fcn\u00fc olmu\u015f birinin sevinci, heyecan\u0131 yoktu. Bu \u00f6\u011flen indirilen geline ra\u011fmen, bir toy evinin ne\u015feli atmosferinden s\u00f6z edilemezdi. Daha \u00e7ok okunan bir mersiye sonras\u0131 durgunluk veya daha \u00f6tesi, a\u011f\u0131r bir benzetmeyle, \u00fcz\u00fclmesini pek gerektirmeyen birinin \u00f6l\u00fcm\u00fcn\u00fcn ard\u0131ndan sonraki sevimsiz hal denebilirdi ama ortama bakarak asla bir d\u00fc\u011f\u00fcn evinin mutlu senfonisi \u00e7al\u0131n\u0131yor denemezdi.<\/p>\n","protected":false},"excerpt":{"rendered":"<p>Ad\u0131na gelinlik denen beyaz giysilerini s\u00fcr\u00fckleyerek odadaki tek pencerenin \u00f6n\u00fcne y\u00fcr\u00fcd\u00fc. E\u011fildi bakt\u0131. Kal\u0131n duva\u011f\u0131n\u0131n ard\u0131ndan, d\u0131\u015far\u0131dakileri se\u00e7meye u\u011fra\u015ft\u0131. Bah\u00e7ede, eski bir masa etraf\u0131nda oturan \u00fc\u00e7 erkekten hangisinin kocas\u0131 oldu\u011funu tahmine \u00e7al\u0131\u015ft\u0131. Biri iyice \u00e7\u00f6km\u00fc\u015ft\u00fc, kambur oturuyordu, ya\u015fl\u0131yd\u0131. Kel denecek kadar sa\u00e7s\u0131zd\u0131. Tam kar\u015f\u0131da oturan\u0131n ba\u015f\u0131nda kocaman bir kalpak vard\u0131. \u0130ri yap\u0131l\u0131yd\u0131. \u00c7\u00fcnk\u00fc di\u011ferlerinden daha y\u00fcksek g\u00f6r\u00fcn\u00fcyordu.<br \/>\nDolgun surat\u0131 ve k\u0131rla\u015fm\u0131\u015f sakallar\u0131yla orta ya\u015fl\u0131 oldu\u011funa kanaat getiriyordu. Di\u011fer yanda oturan g\u00fcr sa\u00e7l\u0131 bir adamd\u0131.<br \/>\nOna da gen\u00e7 denemezdi. Oturdu\u011fu yerden g\u00f6be\u011finin b\u00fcy\u00fckl\u00fc\u011f\u00fc belli oluyordu. Bacaklar\u0131n\u0131 iki yana a\u00e7arak g\u00f6be\u011fini yerle\u015ftirmi\u015fti. \u0130stekanda (cam bardaklar) \u00e7ay i\u00e7ip nadir konu\u015fuyorlard\u0131. Etraflar\u0131nda dolanan, hizmet eden kad\u0131n ve erkeklere veya yanlar\u0131na sokulup ka\u00e7an \u00e7ocuklara ra\u011fmen, hi\u00e7birinde bug\u00fcn d\u00fc\u011f\u00fcn\u00fc olmu\u015f birinin sevinci, heyecan\u0131 yoktu. Bu \u00f6\u011flen indirilen geline ra\u011fmen, bir toy evinin ne\u015feli atmosferinden s\u00f6z edilemezdi. Daha \u00e7ok okunan bir mersiye sonras\u0131 durgunluk veya daha \u00f6tesi, a\u011f\u0131r bir benzetmeyle, \u00fcz\u00fclmesini pek gerektirmeyen birinin \u00f6l\u00fcm\u00fcn\u00fcn ard\u0131ndan sonraki sevimsiz hal denebilirdi ama ortama bakarak asla bir d\u00fc\u011f\u00fcn evinin mutlu senfonisi \u00e7al\u0131n\u0131yor denemezdi.<\/p>\n","protected":false},"featured_media":777502,"template":"","meta":{"_monsterinsights_skip_tracking":false,"_monsterinsights_sitenote_active":false,"_monsterinsights_sitenote_note":"","_monsterinsights_sitenote_category":0},"product_brand":[],"product_cat":[133334],"product_tag":[],"class_list":{"0":"post-777501","1":"product","2":"type-product","3":"status-publish","4":"has-post-thumbnail","6":"product_cat-genel","7":"pa_baski-boyutu-155-x-235-cm","8":"pa_baski-sayisi-1-baski","9":"pa_baski-tarihi-ekim-2025","10":"pa_cilt-karton-kapak","11":"pa_sayfa-sayisi-14117","12":"pa_stok-kodu-142189","13":"pa_tur-kitap","14":"pa_yayin-dili-turkce","15":"pa_yayinevi-raven","16":"pa_yazar-fatma-bacara","18":"first","19":"instock","20":"sale","21":"shipping-taxable","22":"purchasable","23":"product-type-simple"},"_links":{"self":[{"href":"https:\/\/roveyayinevi.com.tr\/index.php\/wp-json\/wp\/v2\/product\/777501","targetHints":{"allow":["GET"]}}],"collection":[{"href":"https:\/\/roveyayinevi.com.tr\/index.php\/wp-json\/wp\/v2\/product"}],"about":[{"href":"https:\/\/roveyayinevi.com.tr\/index.php\/wp-json\/wp\/v2\/types\/product"}],"wp:featuredmedia":[{"embeddable":true,"href":"https:\/\/roveyayinevi.com.tr\/index.php\/wp-json\/wp\/v2\/media\/777502"}],"wp:attachment":[{"href":"https:\/\/roveyayinevi.com.tr\/index.php\/wp-json\/wp\/v2\/media?parent=777501"}],"wp:term":[{"taxonomy":"product_brand","embeddable":true,"href":"https:\/\/roveyayinevi.com.tr\/index.php\/wp-json\/wp\/v2\/product_brand?post=777501"},{"taxonomy":"product_cat","embeddable":true,"href":"https:\/\/roveyayinevi.com.tr\/index.php\/wp-json\/wp\/v2\/product_cat?post=777501"},{"taxonomy":"product_tag","embeddable":true,"href":"https:\/\/roveyayinevi.com.tr\/index.php\/wp-json\/wp\/v2\/product_tag?post=777501"}],"curies":[{"name":"wp","href":"https:\/\/api.w.org\/{rel}","templated":true}]}}