{"id":777499,"date":"2025-10-16T20:59:09","date_gmt":"2025-10-16T17:59:09","guid":{"rendered":"https:\/\/roveyayinevi.com.tr\/?post_type=product&#038;p=777499"},"modified":"2026-04-15T03:43:36","modified_gmt":"2026-04-15T00:43:36","slug":"kagan","status":"publish","type":"product","link":"https:\/\/roveyayinevi.com.tr\/index.php\/urun\/kagan\/","title":{"rendered":"KA\u011eAN"},"content":{"rendered":"<p>\u201cSad\u0131k halk\u0131m! Yoruldu\u011funuzu biliyorum. D\u00fc\u015fmanlar\u0131m\u0131z yasaklanm\u0131\u015f olan\u0131 denemeye c\u00fcret etti. Tengri \u015fahittir ki denediler ama ba\u015far\u0131s\u0131zl\u0131\u011fa yazg\u0131l\u0131yd\u0131lar. \u00d6l\u00fc atalar\u0131n\u0131n ruhlar\u0131n\u0131 utand\u0131rmak istediler ve bunu ba\u015fard\u0131lar. Bir kez daha galip geldik. Fakat unutmay\u0131n, bu m\u00fccadele sona erdi ama harp h\u00e2l\u00e2 s\u00fcrmekte!<br \/>\n\u201cYa askerlerim?\u201d<br \/>\n\u201cDua ediyorlar Ka\u011fan\u2019\u0131m. Hepsi sizi bekliyor.\u201d<br \/>\nKa\u011fan yava\u015f\u00e7a aya\u011fa kalkt\u0131 ve Ba\u015fkak\u2019a d\u00f6nd\u00fc, \u201cG\u00f6t\u00fcr beni<br \/>\nonlara, Ba\u015fkak. G\u00f6zlerimle g\u00f6rmek isterim.<\/p>\n","protected":false},"excerpt":{"rendered":"<p>\u201cSad\u0131k halk\u0131m! Yoruldu\u011funuzu biliyorum. D\u00fc\u015fmanlar\u0131m\u0131z yasaklanm\u0131\u015f olan\u0131 denemeye c\u00fcret etti. Tengri \u015fahittir ki denediler ama ba\u015far\u0131s\u0131zl\u0131\u011fa yazg\u0131l\u0131yd\u0131lar. \u00d6l\u00fc atalar\u0131n\u0131n ruhlar\u0131n\u0131 utand\u0131rmak istediler ve bunu ba\u015fard\u0131lar. Bir kez daha galip geldik. Fakat unutmay\u0131n, bu m\u00fccadele sona erdi ama harp h\u00e2l\u00e2 s\u00fcrmekte!<br \/>\n\u201cYa askerlerim?\u201d<br \/>\n\u201cDua ediyorlar Ka\u011fan\u2019\u0131m. Hepsi sizi bekliyor.\u201d<br \/>\nKa\u011fan yava\u015f\u00e7a aya\u011fa kalkt\u0131 ve Ba\u015fkak\u2019a d\u00f6nd\u00fc, \u201cG\u00f6t\u00fcr beni<br \/>\nonlara, Ba\u015fkak. G\u00f6zlerimle g\u00f6rmek isterim.<\/p>\n","protected":false},"featured_media":777500,"template":"","meta":{"_monsterinsights_skip_tracking":false,"_monsterinsights_sitenote_active":false,"_monsterinsights_sitenote_note":"","_monsterinsights_sitenote_category":0},"product_brand":[],"product_cat":[13835,12304],"product_tag":[],"class_list":{"0":"post-777499","1":"product","2":"type-product","3":"status-publish","4":"has-post-thumbnail","6":"product_cat-cok-satanlar","7":"product_cat-tarih","8":"pa_baski-boyutu-155-x-235-cm","9":"pa_baski-sayisi-1-baski","10":"pa_baski-tarihi-ekim-2025","11":"pa_cilt-karton-kapak","12":"pa_sayfa-sayisi-12368","13":"pa_stok-kodu-142187","14":"pa_tur-kitap","15":"pa_yayin-dili-turkce","16":"pa_yayinevi-raven","17":"pa_yazar-veysel-arslan","19":"first","20":"instock","21":"sale","22":"shipping-taxable","23":"purchasable","24":"product-type-simple"},"_links":{"self":[{"href":"https:\/\/roveyayinevi.com.tr\/index.php\/wp-json\/wp\/v2\/product\/777499","targetHints":{"allow":["GET"]}}],"collection":[{"href":"https:\/\/roveyayinevi.com.tr\/index.php\/wp-json\/wp\/v2\/product"}],"about":[{"href":"https:\/\/roveyayinevi.com.tr\/index.php\/wp-json\/wp\/v2\/types\/product"}],"wp:featuredmedia":[{"embeddable":true,"href":"https:\/\/roveyayinevi.com.tr\/index.php\/wp-json\/wp\/v2\/media\/777500"}],"wp:attachment":[{"href":"https:\/\/roveyayinevi.com.tr\/index.php\/wp-json\/wp\/v2\/media?parent=777499"}],"wp:term":[{"taxonomy":"product_brand","embeddable":true,"href":"https:\/\/roveyayinevi.com.tr\/index.php\/wp-json\/wp\/v2\/product_brand?post=777499"},{"taxonomy":"product_cat","embeddable":true,"href":"https:\/\/roveyayinevi.com.tr\/index.php\/wp-json\/wp\/v2\/product_cat?post=777499"},{"taxonomy":"product_tag","embeddable":true,"href":"https:\/\/roveyayinevi.com.tr\/index.php\/wp-json\/wp\/v2\/product_tag?post=777499"}],"curies":[{"name":"wp","href":"https:\/\/api.w.org\/{rel}","templated":true}]}}