{"id":777497,"date":"2025-10-16T20:46:07","date_gmt":"2025-10-16T17:46:07","guid":{"rendered":"https:\/\/roveyayinevi.com.tr\/?post_type=product&#038;p=777497"},"modified":"2026-04-15T03:43:36","modified_gmt":"2026-04-15T00:43:36","slug":"cini-sanatiyla-terapi-insan-sanat-iliskisi","status":"publish","type":"product","link":"https:\/\/roveyayinevi.com.tr\/index.php\/urun\/cini-sanatiyla-terapi-insan-sanat-iliskisi\/","title":{"rendered":"\u00c7ini Sanat\u0131yla Terapi \u0130nsan Sanat \u0130li\u015fkisi"},"content":{"rendered":"<p>Anadolu topraklar\u0131 \u00fczerinden \u00e7e\u015fitli medeniyetlerin g\u00fcn\u00fcm\u00fcze kadar b\u0131rakt\u0131\u011f\u0131 eserlere bakt\u0131\u011f\u0131m\u0131zda geni\u015f<br \/>\nbir sanat k\u00fclt\u00fcr\u00fcne \u015fahit oluruz. \u00c7ini sanat\u0131 bu k\u00fclt\u00fcr i\u00e7inde \u00f6nemli bir yer tutmaktad\u0131r. G\u00fcn\u00fcm\u00fcz teknolojisi<br \/>\nile ge\u00e7mi\u015ften gelen tarihi belgeler niteli\u011fi ta\u015f\u0131yan somut ve soyut bilgilerle bu sanat, \u00e7e\u015fitli yollarla gelece\u011fe aktar\u0131lmaktad\u0131r. Aktar\u0131lan her belge ayn\u0131 zamanda g\u00fcn\u00fcm\u00fcze ve gelece\u011fe mesajlarda ta\u015f\u0131r. Bu mesajlar\u0131 iyi okuyup \u00e7ini sanat\u0131n\u0131n b\u00fct\u00fcnl\u00fc\u011f\u00fcn\u00fc bozmadan s\u00fcrd\u00fcrebilirli\u011finden yararlanarak kendine \u00f6zg\u00fc kurdu\u011fu medeniyeti tan\u0131tmak gerekir. Bu da bir \u00fclkenin ancak kamu ve \u00f6zel bile\u015fenlerinin maddi, manevi destek ve himayeleriyle<br \/>\neserler ortaya koyarak; s\u00f6zel gelene\u011fe ve \u00f6zellikle literat\u00fcre katk\u0131 yapmakla m\u00fcmk\u00fcn olur.<\/p>\n","protected":false},"excerpt":{"rendered":"<p>Anadolu topraklar\u0131 \u00fczerinden \u00e7e\u015fitli medeniyetlerin g\u00fcn\u00fcm\u00fcze kadar b\u0131rakt\u0131\u011f\u0131 eserlere bakt\u0131\u011f\u0131m\u0131zda geni\u015f<br \/>\nbir sanat k\u00fclt\u00fcr\u00fcne \u015fahit oluruz. \u00c7ini sanat\u0131 bu k\u00fclt\u00fcr i\u00e7inde \u00f6nemli bir yer tutmaktad\u0131r. G\u00fcn\u00fcm\u00fcz teknolojisi<br \/>\nile ge\u00e7mi\u015ften gelen tarihi belgeler niteli\u011fi ta\u015f\u0131yan somut ve soyut bilgilerle bu sanat, \u00e7e\u015fitli yollarla gelece\u011fe aktar\u0131lmaktad\u0131r. Aktar\u0131lan her belge ayn\u0131 zamanda g\u00fcn\u00fcm\u00fcze ve gelece\u011fe mesajlarda ta\u015f\u0131r. Bu mesajlar\u0131 iyi okuyup \u00e7ini sanat\u0131n\u0131n b\u00fct\u00fcnl\u00fc\u011f\u00fcn\u00fc bozmadan s\u00fcrd\u00fcrebilirli\u011finden yararlanarak kendine \u00f6zg\u00fc kurdu\u011fu medeniyeti tan\u0131tmak gerekir. Bu da bir \u00fclkenin ancak kamu ve \u00f6zel bile\u015fenlerinin maddi, manevi destek ve himayeleriyle<br \/>\neserler ortaya koyarak; s\u00f6zel gelene\u011fe ve \u00f6zellikle literat\u00fcre katk\u0131 yapmakla m\u00fcmk\u00fcn olur.<\/p>\n","protected":false},"featured_media":777498,"template":"","meta":{"_monsterinsights_skip_tracking":false,"_monsterinsights_sitenote_active":false,"_monsterinsights_sitenote_note":"","_monsterinsights_sitenote_category":0},"product_brand":[],"product_cat":[12408],"product_tag":[],"class_list":{"0":"post-777497","1":"product","2":"type-product","3":"status-publish","4":"has-post-thumbnail","6":"product_cat-sanat","7":"pa_baski-boyutu-1550-x-2350-cm","8":"pa_baski-sayisi-1-baski","9":"pa_baski-tarihi-ekim-2025","10":"pa_sayfa-sayisi-12542","11":"pa_stok-kodu-142184","12":"pa_tur-kitap","13":"pa_yayin-dili-turkce","14":"pa_yayinevi-raven","15":"pa_yazar-ummugulsum-acikoz","17":"first","18":"instock","19":"sale","20":"shipping-taxable","21":"purchasable","22":"product-type-simple"},"_links":{"self":[{"href":"https:\/\/roveyayinevi.com.tr\/index.php\/wp-json\/wp\/v2\/product\/777497","targetHints":{"allow":["GET"]}}],"collection":[{"href":"https:\/\/roveyayinevi.com.tr\/index.php\/wp-json\/wp\/v2\/product"}],"about":[{"href":"https:\/\/roveyayinevi.com.tr\/index.php\/wp-json\/wp\/v2\/types\/product"}],"wp:featuredmedia":[{"embeddable":true,"href":"https:\/\/roveyayinevi.com.tr\/index.php\/wp-json\/wp\/v2\/media\/777498"}],"wp:attachment":[{"href":"https:\/\/roveyayinevi.com.tr\/index.php\/wp-json\/wp\/v2\/media?parent=777497"}],"wp:term":[{"taxonomy":"product_brand","embeddable":true,"href":"https:\/\/roveyayinevi.com.tr\/index.php\/wp-json\/wp\/v2\/product_brand?post=777497"},{"taxonomy":"product_cat","embeddable":true,"href":"https:\/\/roveyayinevi.com.tr\/index.php\/wp-json\/wp\/v2\/product_cat?post=777497"},{"taxonomy":"product_tag","embeddable":true,"href":"https:\/\/roveyayinevi.com.tr\/index.php\/wp-json\/wp\/v2\/product_tag?post=777497"}],"curies":[{"name":"wp","href":"https:\/\/api.w.org\/{rel}","templated":true}]}}