{"id":777495,"date":"2025-10-16T20:12:43","date_gmt":"2025-10-16T17:12:43","guid":{"rendered":"https:\/\/roveyayinevi.com.tr\/index.php\/urun\/niyet-hadisinin-iki-serhi\/"},"modified":"2026-04-15T03:43:36","modified_gmt":"2026-04-15T00:43:36","slug":"niyet-hadisinin-iki-serhi","status":"publish","type":"product","link":"https:\/\/roveyayinevi.com.tr\/index.php\/urun\/niyet-hadisinin-iki-serhi\/","title":{"rendered":"Niyet Hadisinin \u0130ki \u015eerhi"},"content":{"rendered":"<p>\u201cAmeller niyetlere g\u00f6redir\u201d hadisi, ibadetlerden insanlar aras\u0131 hukuki ili\u015fkilerin tanzimine kadar f\u0131kh\u00ee h\u00fck\u00fcmlerin ilgili b\u00fct\u00fcn konu ba\u015fl\u0131klar\u0131na temas eden derin anlamlara sahiptir. K\u00e2fiyec\u00ee ve S\u00fcy\u00fbt\u00ee gibi \u00f6nde gelen \u00e2limler, bu hadisi kapsaml\u0131 \u015fekilde incelemi\u015f; dil, f\u0131k\u0131h, kel\u00e2m ve tasavvuf a\u00e7\u0131s\u0131ndan hadisi zengin ve \u00e7e\u015fitli yorumlara tabi tutmu\u015flard\u0131r.K\u00e2fiyec\u00ee\u2019nin \u015ferhi, \u00f6nceki yorumlar\u0131n derli toplu bir \u00f6zeti niteli\u011finde olup m\u00fcellifin kendi g\u00f6r\u00fc\u015flerini delillerle temellendirdi\u011fi kapsaml\u0131 bir metin olarak \u00f6ne \u00e7\u0131kar. \u00dc\u00e7 ana b\u00f6l\u00fcm h\u00e2linde d\u00fczenlenen eser, niyet hadisiyle ba\u011flant\u0131l\u0131 ihtilafl\u0131 meseleleri sistematik bir yakla\u015f\u0131mla ele al\u0131r.S\u00fcy\u00fbt\u00ee\u2019nin \u015ferhi ise niyet hadisini y\u00fcz seksen bir ba\u015fl\u0131k \u00fczerinden yorumlayarak geni\u015f bir perspektif sunar. Bu \u015ferhte S\u00fcy\u00fbt\u00ee, di\u011fer eserlerinde oldu\u011fu gibi \u00f6nceki \u00e2limlerin eserlerinden se\u00e7ti\u011fi a\u00e7\u0131klamalar\u0131 ba\u015far\u0131l\u0131 bir \u015fekilde derlemekte ve yer yer kendi yorumlar\u0131n\u0131 da sunmaktad\u0131r.Niyet Hadisinin \u0130ki \u015eerhi, hem hadis ilimleriyle ilgilenen ara\u015ft\u0131rmac\u0131lar hem de \u0130sl\u00e2m d\u00fc\u015f\u00fcncesinde niyet kavram\u0131n\u0131n f\u0131k\u0131h, ahlak ve tasavvuf eksenindeki derin anlamlar\u0131n\u0131 ke\u015ffetmek isteyen okurlar i\u00e7in de\u011ferli bir ba\u015fvuru kayna\u011f\u0131d\u0131r.250<\/p>\n","protected":false},"excerpt":{"rendered":"<p>\u201cAmeller niyetlere g\u00f6redir\u201d hadisi, ibadetlerden insanlar aras\u0131 hukuki ili\u015fkilerin tanzimine kadar f\u0131kh\u00ee h\u00fck\u00fcmlerin ilgili b\u00fct\u00fcn konu ba\u015fl\u0131klar\u0131na temas eden derin anlamlara sahiptir. K\u00e2fiyec\u00ee ve S\u00fcy\u00fbt\u00ee gibi<span class=\"excerpt-hellip\"> [\u2026]<\/span><\/p>\n","protected":false},"featured_media":0,"template":"","meta":{"_monsterinsights_skip_tracking":false,"_monsterinsights_sitenote_active":false,"_monsterinsights_sitenote_note":"","_monsterinsights_sitenote_category":0},"product_brand":[],"product_cat":[12718,12719,45552],"product_tag":[],"class_list":{"0":"post-777495","1":"product","2":"type-product","3":"status-publish","5":"product_cat-din","6":"product_cat-islam","7":"product_cat-meal-tefsir-hadis","8":"pa_cilt-ciltsiz","9":"pa_tur-kitap","10":"pa_yayinevi-albaraka-yayinlari","11":"pa_yazar-suyuti","13":"first","14":"instock","15":"sale","16":"shipping-taxable","17":"purchasable","18":"product-type-simple"},"_links":{"self":[{"href":"https:\/\/roveyayinevi.com.tr\/index.php\/wp-json\/wp\/v2\/product\/777495","targetHints":{"allow":["GET"]}}],"collection":[{"href":"https:\/\/roveyayinevi.com.tr\/index.php\/wp-json\/wp\/v2\/product"}],"about":[{"href":"https:\/\/roveyayinevi.com.tr\/index.php\/wp-json\/wp\/v2\/types\/product"}],"wp:attachment":[{"href":"https:\/\/roveyayinevi.com.tr\/index.php\/wp-json\/wp\/v2\/media?parent=777495"}],"wp:term":[{"taxonomy":"product_brand","embeddable":true,"href":"https:\/\/roveyayinevi.com.tr\/index.php\/wp-json\/wp\/v2\/product_brand?post=777495"},{"taxonomy":"product_cat","embeddable":true,"href":"https:\/\/roveyayinevi.com.tr\/index.php\/wp-json\/wp\/v2\/product_cat?post=777495"},{"taxonomy":"product_tag","embeddable":true,"href":"https:\/\/roveyayinevi.com.tr\/index.php\/wp-json\/wp\/v2\/product_tag?post=777495"}],"curies":[{"name":"wp","href":"https:\/\/api.w.org\/{rel}","templated":true}]}}