{"id":777493,"date":"2025-10-16T20:12:40","date_gmt":"2025-10-16T17:12:40","guid":{"rendered":"https:\/\/roveyayinevi.com.tr\/index.php\/urun\/psikiyatride-kisiler-arasi-iliskiler-teorisi\/"},"modified":"2026-04-15T03:43:36","modified_gmt":"2026-04-15T00:43:36","slug":"psikiyatride-kisiler-arasi-iliskiler-teorisi","status":"publish","type":"product","link":"https:\/\/roveyayinevi.com.tr\/index.php\/urun\/psikiyatride-kisiler-arasi-iliskiler-teorisi\/","title":{"rendered":"Psikiyatride Ki\u015filer Aras\u0131 \u0130li\u015fkiler Teorisi"},"content":{"rendered":"<p>Modern psikoloji ve psikiyatri literat\u00fcr\u00fc, insan ruhunu uzun s\u00fcre i\u00e7g\u00fcd\u00fcler ve bireysel ya\u015fant\u0131lar \u00fczerinden a\u00e7\u0131klamaya y\u00f6neldi. Akademik d\u00fcnyan\u0131n bu h\u00e2kim yakla\u015f\u0131m\u0131na kar\u015f\u0131l\u0131k Harry Stack Sullivan, farkl\u0131 bir bak\u0131\u015f a\u00e7\u0131s\u0131 geli\u015ftirerek ki\u015fili\u011fin olu\u015fumunu toplumsal ba\u011flar ve ileti\u015fim \u00f6r\u00fcnt\u00fcleri \u00e7er\u00e7evesinde ele ald\u0131. Psikiyatride Ki\u015filer Aras\u0131 \u0130li\u015fkiler Teorisi, bu \u00f6zg\u00fcn yakla\u015f\u0131m\u0131yla insan\u0131 ili\u015fkilerinin dokusunda yeniden okumaya davet ediyor.Eserde, erken \u00e7ocukluk deneyimlerinden kayg\u0131n\u0131n aktar\u0131m\u0131na, benlik sisteminin do\u011fu\u015fundan ergenlikteki k\u0131r\u0131lma anlar\u0131na kadar geni\u015f bir alan \u00e7al\u0131\u015f\u0131lm\u0131\u015ft\u0131r. Ruhsal bozukluklar\u0131n, ileti\u015fim kopukluklar\u0131n\u0131n ve ba\u015far\u0131s\u0131z olmu\u015f ili\u015fkilerin \u00fcr\u00fcn\u00fc olarak g\u00f6r\u00fclmesi, Sullivan\u2019\u0131n d\u00fc\u015f\u00fcncesine \u00f6zg\u00fcn bir derinlik katmaktad\u0131r.\u00c7evirmen Feyza Do\u011fan\u2019\u0131n titiz \u00e7al\u0131\u015fmas\u0131, Sullivan\u2019\u0131n katmanl\u0131 dilini g\u00fcn\u00fcm\u00fcz T\u00fcrk\u00e7esine ak\u0131c\u0131 bir \u015fekilde kazand\u0131r\u0131yor. B\u00f6ylece kitap, hem uzmanlara hem de insan ili\u015fkilerinin karma\u015f\u0131k do\u011fas\u0131na merak duyan her okura sesleniyor.Psikiyatride Ki\u015filer Aras\u0131 \u0130li\u015fkiler Teorisi, ki\u015fili\u011fin nas\u0131l olu\u015ftu\u011funu, kayg\u0131n\u0131n ili\u015fkilerdeki rol\u00fcn\u00fc ve ileti\u015fimin k\u0131r\u0131lma noktalar\u0131n\u0131 merak edenler i\u00e7in hem g\u00fc\u00e7l\u00fc bir kaynak hem de insan\u0131n kendi varolu\u015funu ba\u015fkalar\u0131yla kurdu\u011fu ba\u011flarda aramas\u0131na dair unutulmaz bir davet.<\/p>\n","protected":false},"excerpt":{"rendered":"<p>Modern psikoloji ve psikiyatri literat\u00fcr\u00fc, insan ruhunu uzun s\u00fcre i\u00e7g\u00fcd\u00fcler ve bireysel ya\u015fant\u0131lar \u00fczerinden a\u00e7\u0131klamaya y\u00f6neldi. Akademik d\u00fcnyan\u0131n bu h\u00e2kim yakla\u015f\u0131m\u0131na kar\u015f\u0131l\u0131k Harry Stack Sullivan, farkl\u0131<span class=\"excerpt-hellip\"> [\u2026]<\/span><\/p>\n","protected":false},"featured_media":0,"template":"","meta":{"_monsterinsights_skip_tracking":false,"_monsterinsights_sitenote_active":false,"_monsterinsights_sitenote_note":"","_monsterinsights_sitenote_category":0},"product_brand":[],"product_cat":[12755,12357],"product_tag":[],"class_list":{"0":"post-777493","1":"product","2":"type-product","3":"status-publish","5":"product_cat-gelisim-psikolojisi","6":"product_cat-psikoloji","7":"pa_cilt-ciltsiz","8":"pa_tur-kitap","9":"pa_yayinevi-albaraka-yayinlari","10":"pa_yazar-harry-stack-sullivan","12":"first","13":"instock","14":"sale","15":"shipping-taxable","16":"purchasable","17":"product-type-simple"},"_links":{"self":[{"href":"https:\/\/roveyayinevi.com.tr\/index.php\/wp-json\/wp\/v2\/product\/777493","targetHints":{"allow":["GET"]}}],"collection":[{"href":"https:\/\/roveyayinevi.com.tr\/index.php\/wp-json\/wp\/v2\/product"}],"about":[{"href":"https:\/\/roveyayinevi.com.tr\/index.php\/wp-json\/wp\/v2\/types\/product"}],"wp:attachment":[{"href":"https:\/\/roveyayinevi.com.tr\/index.php\/wp-json\/wp\/v2\/media?parent=777493"}],"wp:term":[{"taxonomy":"product_brand","embeddable":true,"href":"https:\/\/roveyayinevi.com.tr\/index.php\/wp-json\/wp\/v2\/product_brand?post=777493"},{"taxonomy":"product_cat","embeddable":true,"href":"https:\/\/roveyayinevi.com.tr\/index.php\/wp-json\/wp\/v2\/product_cat?post=777493"},{"taxonomy":"product_tag","embeddable":true,"href":"https:\/\/roveyayinevi.com.tr\/index.php\/wp-json\/wp\/v2\/product_tag?post=777493"}],"curies":[{"name":"wp","href":"https:\/\/api.w.org\/{rel}","templated":true}]}}