{"id":777491,"date":"2025-10-16T20:12:37","date_gmt":"2025-10-16T17:12:37","guid":{"rendered":"https:\/\/roveyayinevi.com.tr\/index.php\/urun\/medeniyet-ufku\/"},"modified":"2026-04-15T03:43:36","modified_gmt":"2026-04-15T00:43:36","slug":"medeniyet-ufku","status":"publish","type":"product","link":"https:\/\/roveyayinevi.com.tr\/index.php\/urun\/medeniyet-ufku\/","title":{"rendered":"Medeniyet Ufku"},"content":{"rendered":"<p>Medeniyet, yaln\u0131zca ge\u00e7mi\u015fin an\u0131lar\u0131yla de\u011fil; bug\u00fcn\u00fc \u015fekillendiren ve yar\u0131na y\u00f6n veren de\u011ferlerle var olur. Prof. Dr. Sadettin \u00d6kten, bir \u00f6m\u00fcr s\u00fcren ilm\u00ee \u00e7al\u0131\u015fmalar\u0131n\u0131n ve tefekk\u00fcr\u00fcn\u00fcn sonunda ula\u015ft\u0131\u011f\u0131 baz\u0131 cevaplar\u0131 Medeniyet Ufku\u2019nda okurla payla\u015f\u0131yor. Bu kitap, insan\u0131 insan yapan k\u00f6k de\u011ferler \u00fczerine yeniden d\u00fc\u015f\u00fcnmeye davet ediyor. Kitapta medeniyet kavram\u0131, tarihsel bir miras\u0131n \u00f6tesinde ya\u015fayan ve in\u015fa edilebilen bir b\u00fct\u00fcn olarak ele al\u0131n\u0131yor. \u0130slam medeniyetinin estetikten ahlaka, k\u00fclt\u00fcrden toplumsal yap\u0131ya kadar uzanan ufku; Bat\u0131 modernitesine y\u00f6neltilen ele\u015ftirilerle ve bug\u00fcn\u00fcn sorunlar\u0131yla ili\u015fkilendirilerek aktar\u0131l\u0131yor. Eserde \u00d6kten, bireyin sorumluluklar\u0131n\u0131, toplumun kimlik aray\u0131\u015f\u0131n\u0131 ve modern d\u00fcnyada aidiyet duygusunu yal\u0131n ama derinlikli bir \u00fcslupla ortaya koyuyor. B\u00f6l\u00fcmler \u201cMedeniyet nedir?\u201d, \u201cHangi de\u011ferlerle ya\u015far ve ayakta kal\u0131r\u0131z?\u201d, \u201cMedeniyetimiz bug\u00fcn bulundu\u011fu noktaya nas\u0131l geldi?\u201d gibi sorular etraf\u0131nda \u015fekilleniyor.Okur, sayfalar aras\u0131nda yaln\u0131zca ilm\u00ee bir tart\u0131\u015fmaya de\u011fil, ayn\u0131 zamanda ki\u015fisel bir muhasebeye davet ediliyor. Medeniyet Ufku, medeniyetimizin k\u00f6kleriyle yeniden ba\u011f kurmak ve bu ba\u011fdan ilhamla gelece\u011fe y\u00fcr\u00fcmek isteyenler i\u00e7in vazge\u00e7ilmez bir rehber niteli\u011finde.<\/p>\n","protected":false},"excerpt":{"rendered":"<p>Medeniyet, yaln\u0131zca ge\u00e7mi\u015fin an\u0131lar\u0131yla de\u011fil; bug\u00fcn\u00fc \u015fekillendiren ve yar\u0131na y\u00f6n veren de\u011ferlerle var olur. Prof. Dr. Sadettin \u00d6kten, bir \u00f6m\u00fcr s\u00fcren ilm\u00ee \u00e7al\u0131\u015fmalar\u0131n\u0131n ve tefekk\u00fcr\u00fcn\u00fcn sonunda<span class=\"excerpt-hellip\"> [\u2026]<\/span><\/p>\n","protected":false},"featured_media":0,"template":"","meta":{"_monsterinsights_skip_tracking":false,"_monsterinsights_sitenote_active":false,"_monsterinsights_sitenote_note":"","_monsterinsights_sitenote_category":0},"product_brand":[],"product_cat":[13036,12718,12719],"product_tag":[],"class_list":{"0":"post-777491","1":"product","2":"type-product","3":"status-publish","5":"product_cat-arastirma-inceleme-islam","6":"product_cat-din","7":"product_cat-islam","8":"pa_cilt-ciltsiz","9":"pa_tur-kitap","10":"pa_yayinevi-albaraka-yayinlari","11":"pa_yazar-sadettin-okten","13":"first","14":"instock","15":"sale","16":"shipping-taxable","17":"purchasable","18":"product-type-simple"},"_links":{"self":[{"href":"https:\/\/roveyayinevi.com.tr\/index.php\/wp-json\/wp\/v2\/product\/777491","targetHints":{"allow":["GET"]}}],"collection":[{"href":"https:\/\/roveyayinevi.com.tr\/index.php\/wp-json\/wp\/v2\/product"}],"about":[{"href":"https:\/\/roveyayinevi.com.tr\/index.php\/wp-json\/wp\/v2\/types\/product"}],"wp:attachment":[{"href":"https:\/\/roveyayinevi.com.tr\/index.php\/wp-json\/wp\/v2\/media?parent=777491"}],"wp:term":[{"taxonomy":"product_brand","embeddable":true,"href":"https:\/\/roveyayinevi.com.tr\/index.php\/wp-json\/wp\/v2\/product_brand?post=777491"},{"taxonomy":"product_cat","embeddable":true,"href":"https:\/\/roveyayinevi.com.tr\/index.php\/wp-json\/wp\/v2\/product_cat?post=777491"},{"taxonomy":"product_tag","embeddable":true,"href":"https:\/\/roveyayinevi.com.tr\/index.php\/wp-json\/wp\/v2\/product_tag?post=777491"}],"curies":[{"name":"wp","href":"https:\/\/api.w.org\/{rel}","templated":true}]}}