{"id":777490,"date":"2025-10-16T20:12:35","date_gmt":"2025-10-16T17:12:35","guid":{"rendered":"https:\/\/roveyayinevi.com.tr\/index.php\/urun\/baba-kali\/"},"modified":"2026-04-15T03:43:35","modified_gmt":"2026-04-15T00:43:35","slug":"baba-kali","status":"publish","type":"product","link":"https:\/\/roveyayinevi.com.tr\/index.php\/urun\/baba-kali\/","title":{"rendered":"Baba Kali"},"content":{"rendered":"<p>Baba Kali, Kurey\u015fan Oca\u011f\u0131\u2019na mensup K\u0131z\u0131lbelli bir Baba\u2019yd\u0131 (Alevi Dedesi) ve Fem k\u00f6y\u00fcn\u00fcn de muhtar\u0131yd\u0131. Ayn\u0131 zamanda Fem k\u00f6y\u00fcnde ilk defa okul a\u00e7an bir ayd\u0131nlanmac\u0131 ve bir hak ve adalet savunucusuydu. \u015eah H\u00fcseyin Beyler, k\u00f6yl\u00fclerin topraklar\u0131n\u0131 zorla ellerinden alarak onlar\u0131 k\u00f6lele\u015ftirmeye \u00e7al\u0131\u015f\u0131yordu. Bu zorbal\u0131\u011fa kar\u015f\u0131 \u00e7\u0131kan k\u00f6yl\u00fclerin lideri ise Baba Kali\u2019ydi. Bundan dolay\u0131 da \u015eah H\u00fcseyin Beyler taraf\u0131ndan ortadan kald\u0131r\u0131lmas\u0131 gerekiyordu. Onun ya\u015fam \u00f6yk\u00fcs\u00fc, haks\u0131zl\u0131klara kar\u015f\u0131 duran, adaletin pe\u015finde ko\u015fan bir halk kahraman\u0131n\u0131n destan\u0131d\u0131r. Baba Kali\u2019nin bundan altm\u0131\u015f alt\u0131 y\u0131l \u00f6nce ak\u0131t\u0131lan kan\u0131, halk\u0131n g\u00f6z\u00fcnde Karamusan\u2019dan Kerbela\u2019ya uzanan bir direni\u015fin sembol\u00fc oldu. Bu kitap, Baba Kali\u2019nin, cinayete yol a\u00e7an fikirlerini, bu fikir do\u011frultusunda verdi\u011fi m\u00fccadeleyi anlamak, anlamland\u0131rmak ve gelecek nesillere aktarmak i\u00e7in haz\u0131rlanm\u0131\u015ft\u0131r. <\/p>\n","protected":false},"excerpt":{"rendered":"<p>Baba Kali, Kurey\u015fan Oca\u011f\u0131\u2019na mensup K\u0131z\u0131lbelli bir Baba\u2019yd\u0131 (Alevi Dedesi) ve Fem k\u00f6y\u00fcn\u00fcn de muhtar\u0131yd\u0131. Ayn\u0131 zamanda Fem k\u00f6y\u00fcnde ilk defa okul a\u00e7an bir ayd\u0131nlanmac\u0131 ve<span class=\"excerpt-hellip\"> [\u2026]<\/span><\/p>\n","protected":false},"featured_media":0,"template":"","meta":{"_monsterinsights_skip_tracking":false,"_monsterinsights_sitenote_active":false,"_monsterinsights_sitenote_note":"","_monsterinsights_sitenote_category":0},"product_brand":[],"product_cat":[141304],"product_tag":[],"class_list":{"0":"post-777490","1":"product","2":"type-product","3":"status-publish","5":"product_cat-yeni-cikanlar","6":"pa_cilt-ciltsiz","7":"pa_tur-kitap","8":"pa_yayinevi-la-kitap-yayinlari","9":"pa_yazar-munzur-comert","11":"first","12":"instock","13":"sale","14":"shipping-taxable","15":"purchasable","16":"product-type-simple"},"_links":{"self":[{"href":"https:\/\/roveyayinevi.com.tr\/index.php\/wp-json\/wp\/v2\/product\/777490","targetHints":{"allow":["GET"]}}],"collection":[{"href":"https:\/\/roveyayinevi.com.tr\/index.php\/wp-json\/wp\/v2\/product"}],"about":[{"href":"https:\/\/roveyayinevi.com.tr\/index.php\/wp-json\/wp\/v2\/types\/product"}],"wp:attachment":[{"href":"https:\/\/roveyayinevi.com.tr\/index.php\/wp-json\/wp\/v2\/media?parent=777490"}],"wp:term":[{"taxonomy":"product_brand","embeddable":true,"href":"https:\/\/roveyayinevi.com.tr\/index.php\/wp-json\/wp\/v2\/product_brand?post=777490"},{"taxonomy":"product_cat","embeddable":true,"href":"https:\/\/roveyayinevi.com.tr\/index.php\/wp-json\/wp\/v2\/product_cat?post=777490"},{"taxonomy":"product_tag","embeddable":true,"href":"https:\/\/roveyayinevi.com.tr\/index.php\/wp-json\/wp\/v2\/product_tag?post=777490"}],"curies":[{"name":"wp","href":"https:\/\/api.w.org\/{rel}","templated":true}]}}