{"id":777489,"date":"2025-10-16T20:12:33","date_gmt":"2025-10-16T17:12:33","guid":{"rendered":"https:\/\/roveyayinevi.com.tr\/index.php\/urun\/eyvah-deyimler-cozuttu\/"},"modified":"2026-04-15T03:43:35","modified_gmt":"2026-04-15T00:43:35","slug":"eyvah-deyimler-cozuttu","status":"publish","type":"product","link":"https:\/\/roveyayinevi.com.tr\/index.php\/urun\/eyvah-deyimler-cozuttu\/","title":{"rendered":"Eyvah Deyimler Cozuttu"},"content":{"rendered":"<p>Milyonlarca \u00e7ocu\u011fa sat\u0131rlar\u0131yla sar\u0131lan Hatice K\u00fcbra Tongar\u2019dan m\u00fcthi\u015f bir macera! Hi\u00e7 d\u00fc\u015f\u00fcnd\u00fcn m\u00fc, \u201cBeklemekten a\u011fa\u00e7 oldum\u201d dedi\u011finde ger\u00e7ekten bir a\u011faca d\u00f6n\u00fc\u015fsen ne olurdu? Ya da \u201cBa\u015f\u0131m \u015fi\u015fti\u201d dedi\u011finde ba\u015f\u0131n ger\u00e7ekten \u015fi\u015fiverseydi neler olurdu? \u0130\u015fte bu kitapta tam da b\u00f6yle oluyor! Mahalle sakinleri bir sabah uyan\u0131yor ve g\u00fcnl\u00fck hayatta a\u011f\u0131zlar\u0131ndan d\u00fc\u015f\u00fcrmedikleri deyimler birer birer ger\u00e7e\u011fe d\u00f6n\u00fc\u015fmeye ba\u015fl\u0131yor. Birisi a\u011faca d\u00f6n\u00fc\u015f\u00fcyor, bir ba\u015fkas\u0131n\u0131n kafas\u0131 \u015fi\u015fiyor, kimileri buz kesiyor\u2026 Derken i\u015fler \u00e7\u0131\u011f\u0131r\u0131ndan \u00e7\u0131k\u0131yor! Bu kitapta b\u00fct\u00fcn deyimler tek tek ger\u00e7ek oluyor! Okurken kahkahalara bo\u011fulacak, \u015fa\u015fk\u0131nl\u0131ktan a\u011fz\u0131n bir kar\u0131\u015f a\u00e7\u0131k kalacak, deyimlerin s\u0131rlar\u0131n\u0131 \u00e7\u00f6zmek i\u00e7in Ahmet ve Mehmet\u2019le birlikte sen de maceraya kat\u0131lacaks\u0131n. Deyimler hi\u00e7 bu kadar e\u011flenceli olmam\u0131\u015ft\u0131! <\/p>\n","protected":false},"excerpt":{"rendered":"<p>Milyonlarca \u00e7ocu\u011fa sat\u0131rlar\u0131yla sar\u0131lan Hatice K\u00fcbra Tongar\u2019dan m\u00fcthi\u015f bir macera! Hi\u00e7 d\u00fc\u015f\u00fcnd\u00fcn m\u00fc, \u201cBeklemekten a\u011fa\u00e7 oldum\u201d dedi\u011finde ger\u00e7ekten bir a\u011faca d\u00f6n\u00fc\u015fsen ne olurdu? Ya da \u201cBa\u015f\u0131m<span class=\"excerpt-hellip\"> [\u2026]<\/span><\/p>\n","protected":false},"featured_media":0,"template":"","meta":{"_monsterinsights_skip_tracking":false,"_monsterinsights_sitenote_active":false,"_monsterinsights_sitenote_note":"","_monsterinsights_sitenote_category":0},"product_brand":[],"product_cat":[12291,14777],"product_tag":[],"class_list":{"0":"post-777489","1":"product","2":"type-product","3":"status-publish","5":"product_cat-edebiyat","6":"product_cat-fantastik","7":"pa_cilt-ciltsiz","8":"pa_tur-kitap","9":"pa_yayinevi-aile-yayinlari","10":"pa_yazar-hatice-kubra-tongar","12":"first","13":"instock","14":"sale","15":"shipping-taxable","16":"purchasable","17":"product-type-simple"},"_links":{"self":[{"href":"https:\/\/roveyayinevi.com.tr\/index.php\/wp-json\/wp\/v2\/product\/777489","targetHints":{"allow":["GET"]}}],"collection":[{"href":"https:\/\/roveyayinevi.com.tr\/index.php\/wp-json\/wp\/v2\/product"}],"about":[{"href":"https:\/\/roveyayinevi.com.tr\/index.php\/wp-json\/wp\/v2\/types\/product"}],"wp:attachment":[{"href":"https:\/\/roveyayinevi.com.tr\/index.php\/wp-json\/wp\/v2\/media?parent=777489"}],"wp:term":[{"taxonomy":"product_brand","embeddable":true,"href":"https:\/\/roveyayinevi.com.tr\/index.php\/wp-json\/wp\/v2\/product_brand?post=777489"},{"taxonomy":"product_cat","embeddable":true,"href":"https:\/\/roveyayinevi.com.tr\/index.php\/wp-json\/wp\/v2\/product_cat?post=777489"},{"taxonomy":"product_tag","embeddable":true,"href":"https:\/\/roveyayinevi.com.tr\/index.php\/wp-json\/wp\/v2\/product_tag?post=777489"}],"curies":[{"name":"wp","href":"https:\/\/api.w.org\/{rel}","templated":true}]}}