{"id":777488,"date":"2025-10-16T20:12:31","date_gmt":"2025-10-16T17:12:31","guid":{"rendered":"https:\/\/roveyayinevi.com.tr\/index.php\/urun\/oylum-hoyuk\/"},"modified":"2026-04-15T03:43:35","modified_gmt":"2026-04-15T00:43:35","slug":"oylum-hoyuk","status":"publish","type":"product","link":"https:\/\/roveyayinevi.com.tr\/index.php\/urun\/oylum-hoyuk\/","title":{"rendered":"Oylum H\u00f6y\u00fck"},"content":{"rendered":"<p>GAP B\u00f6lge Kalk\u0131nma \u0130daresi Ba\u015fkanl\u0131\u011f\u0131nca finanse edilen, Kilis Valili\u011fi\u2019nce finanse edilen Oylum H\u00f6y\u00fck Tan\u0131t\u0131m Projesi kapsam\u0131nda Prof. Dr. Atilla Engin taraf\u0131ndan haz\u0131rlanan ve Bilgin K\u00fclt\u00fcr Sanat Yay\u0131nevi taraf\u0131ndan yay\u0131mlanan \u201cOylum H\u00f6y\u00fck: Tant\u0131m Kitab\u0131\u201d, Kilis ili s\u0131n\u0131rlar\u0131 i\u00e7erisindeki Oylum H\u00f6y\u00fck\u2019deki kaz\u0131 ve ara\u015ft\u0131rmalar\u0131n geni\u015f bir \u00f6zetini sunmaktad\u0131r. Kitapta, 40 y\u0131la yakla\u015fan kaz\u0131lar\u0131 ile G\u00fcneydo\u011fu Anadolu B\u00f6lgesi\u2019nin en uzun soluklu kaz\u0131 projesi olan Oylum H\u00f6y\u00fck\u2019deki ara\u015ft\u0131rma tarih\u00e7esi, kaz\u0131 alanlar\u0131, genel kaz\u0131 sonu\u00e7lar\u0131, stratigrafi, an\u0131tsal mimari yap\u0131lar, nekropoller ve \u00f6nemli bulgular \u00e7evre merkezlerle kar\u015f\u0131la\u015ft\u0131r\u0131larak de\u011ferlendirilmi\u015ftir. Kitab\u0131n \u00f6nemli bir b\u00f6l\u00fcm\u00fcn\u00fc Oylum H\u00f6y\u00fck\u2019\u00fcn i\u00e7inde bulundu\u011fu b\u00f6lgenin M\u00d6 3. biny\u0131l ve 2. biny\u0131l siyasi ve k\u00fclt\u00fcrel tarihi ile son y\u0131llarda Kuzeybat\u0131 Alan\u2019daki kaz\u0131larda a\u00e7\u0131\u011fa \u00e7\u0131kart\u0131lan an\u0131tsal Orta ve Ge\u00e7 Tun\u00e7 \u00c7a\u011f\u0131 yap\u0131lar\u0131 ile kaz\u0131larda ele ge\u00e7en \u00e7iviyaz\u0131l\u0131 belgeler ve y\u00f6netici s\u0131n\u0131fa ait olan m\u00fch\u00fcr\/m\u00fch\u00fcr bask\u0131lar\u0131 olu\u015fturmu\u015f, bu bulgular \u0131\u015f\u0131\u011f\u0131nda Tun\u00e7 \u00c7a\u011flar\u0131\u2019nda b\u00f6lgesel bir y\u00f6netim merkezi oldu\u011fu anla\u015f\u0131lan Oylum H\u00f6y\u00fck\u2019\u00fcn lokalizasyonu problemi ele al\u0131nm\u0131\u015ft\u0131r.     <\/p>\n","protected":false},"excerpt":{"rendered":"<p>GAP B\u00f6lge Kalk\u0131nma \u0130daresi Ba\u015fkanl\u0131\u011f\u0131nca finanse edilen, Kilis Valili\u011fi\u2019nce finanse edilen Oylum H\u00f6y\u00fck Tan\u0131t\u0131m Projesi kapsam\u0131nda Prof. Dr. Atilla Engin taraf\u0131ndan haz\u0131rlanan ve Bilgin K\u00fclt\u00fcr Sanat<span class=\"excerpt-hellip\"> [\u2026]<\/span><\/p>\n","protected":false},"featured_media":0,"template":"","meta":{"_monsterinsights_skip_tracking":false,"_monsterinsights_sitenote_active":false,"_monsterinsights_sitenote_note":"","_monsterinsights_sitenote_category":0},"product_brand":[],"product_cat":[52477,52478],"product_tag":[],"class_list":{"0":"post-777488","1":"product","2":"type-product","3":"status-publish","5":"product_cat-arastirma","6":"product_cat-arkeoloji","7":"pa_cilt-ciltli","8":"pa_tur-kitap","9":"pa_yayinevi-bilgin-kultur-sanat","10":"pa_yazar-atilla-engin","12":"first","13":"instock","14":"sale","15":"shipping-taxable","16":"purchasable","17":"product-type-simple"},"_links":{"self":[{"href":"https:\/\/roveyayinevi.com.tr\/index.php\/wp-json\/wp\/v2\/product\/777488","targetHints":{"allow":["GET"]}}],"collection":[{"href":"https:\/\/roveyayinevi.com.tr\/index.php\/wp-json\/wp\/v2\/product"}],"about":[{"href":"https:\/\/roveyayinevi.com.tr\/index.php\/wp-json\/wp\/v2\/types\/product"}],"wp:attachment":[{"href":"https:\/\/roveyayinevi.com.tr\/index.php\/wp-json\/wp\/v2\/media?parent=777488"}],"wp:term":[{"taxonomy":"product_brand","embeddable":true,"href":"https:\/\/roveyayinevi.com.tr\/index.php\/wp-json\/wp\/v2\/product_brand?post=777488"},{"taxonomy":"product_cat","embeddable":true,"href":"https:\/\/roveyayinevi.com.tr\/index.php\/wp-json\/wp\/v2\/product_cat?post=777488"},{"taxonomy":"product_tag","embeddable":true,"href":"https:\/\/roveyayinevi.com.tr\/index.php\/wp-json\/wp\/v2\/product_tag?post=777488"}],"curies":[{"name":"wp","href":"https:\/\/api.w.org\/{rel}","templated":true}]}}