{"id":777486,"date":"2025-10-16T20:12:27","date_gmt":"2025-10-16T17:12:27","guid":{"rendered":"https:\/\/roveyayinevi.com.tr\/index.php\/urun\/turk-insani-ve-siyaset\/"},"modified":"2026-04-15T03:43:17","modified_gmt":"2026-04-15T00:43:17","slug":"turk-insani-ve-siyaset","status":"publish","type":"product","link":"https:\/\/roveyayinevi.com.tr\/index.php\/urun\/turk-insani-ve-siyaset\/","title":{"rendered":"T\u00fcrk \u0130nsan\u0131 ve Siyaset"},"content":{"rendered":"<p>T\u00fcrk \u0130nsan\u0131 ve Siyaset Kadir \u00c7apan T\u00fcrk insan\u0131n\u0131n siyasetle kurdu\u011fu ba\u011f, tarih kadar k\u00f6kl\u00fc, toplum kadar renkli bir yolculuktur. Bu kitap, Osmanl\u0131\u2019dan Cumhuriyet\u2019e, gelenekten dijital \u00e7a\u011fa uzanan s\u00fcre\u00e7te T\u00fcrk toplumunun siyasal k\u00fclt\u00fcr\u00fcn\u00fc, lider alg\u0131s\u0131n\u0131, demokrasiye bak\u0131\u015f\u0131n\u0131 ve kat\u0131l\u0131m bi\u00e7imlerini sade ama derin bir dille ele al\u0131yor. Kadir \u00c7apan, halk\u0131n siyasete neden b\u00f6yle bakt\u0131\u011f\u0131n\u0131, liderlerle kurdu\u011fu duygusal ba\u011f\u0131 ve toplumsal de\u011ferlerin siyasi tercihleri nas\u0131l \u015fekillendirdi\u011fini inceliyor. \u201cT\u00fcrk \u0130nsan\u0131 ve Siyaset\u201d, sadece bir inceleme de\u011fil; halk\u0131n sesi, toplumun aynas\u0131 ve gelece\u011fe uzanan bir d\u00fc\u015f\u00fcnce yolculu\u011fudur. \u201cBir milletin siyaset anlay\u0131\u015f\u0131, tarihinden, k\u00fclt\u00fcr\u00fcnden ve inanc\u0131ndan do\u011far. Halk\u0131n sesini anlamadan, siyaseti anlamak m\u00fcmk\u00fcn de\u011fildir.\u201d T\u00fcrk insan\u0131n\u0131 anlamak, T\u00fcrkiye\u2019nin gelece\u011fini anlamakt\u0131r. <\/p>\n","protected":false},"excerpt":{"rendered":"<p>T\u00fcrk \u0130nsan\u0131 ve Siyaset Kadir \u00c7apan T\u00fcrk insan\u0131n\u0131n siyasetle kurdu\u011fu ba\u011f, tarih kadar k\u00f6kl\u00fc, toplum kadar renkli bir yolculuktur. Bu kitap, Osmanl\u0131\u2019dan Cumhuriyet\u2019e, gelenekten dijital \u00e7a\u011fa<span class=\"excerpt-hellip\"> [\u2026]<\/span><\/p>\n","protected":false},"featured_media":0,"template":"","meta":{"_monsterinsights_skip_tracking":false,"_monsterinsights_sitenote_active":false,"_monsterinsights_sitenote_note":"","_monsterinsights_sitenote_category":0},"product_brand":[],"product_cat":[13590,12337],"product_tag":[],"class_list":{"0":"post-777486","1":"product","2":"type-product","3":"status-publish","5":"product_cat-arastirma-inceleme-politika-siyaset","6":"product_cat-politika-siyaset","7":"pa_cilt-ciltsiz","8":"pa_tur-kitap","9":"pa_yayinevi-kalem-lugat-yayincilik","10":"pa_yazar-kadir-capan","12":"first","13":"instock","14":"sale","15":"shipping-taxable","16":"purchasable","17":"product-type-simple"},"_links":{"self":[{"href":"https:\/\/roveyayinevi.com.tr\/index.php\/wp-json\/wp\/v2\/product\/777486","targetHints":{"allow":["GET"]}}],"collection":[{"href":"https:\/\/roveyayinevi.com.tr\/index.php\/wp-json\/wp\/v2\/product"}],"about":[{"href":"https:\/\/roveyayinevi.com.tr\/index.php\/wp-json\/wp\/v2\/types\/product"}],"wp:attachment":[{"href":"https:\/\/roveyayinevi.com.tr\/index.php\/wp-json\/wp\/v2\/media?parent=777486"}],"wp:term":[{"taxonomy":"product_brand","embeddable":true,"href":"https:\/\/roveyayinevi.com.tr\/index.php\/wp-json\/wp\/v2\/product_brand?post=777486"},{"taxonomy":"product_cat","embeddable":true,"href":"https:\/\/roveyayinevi.com.tr\/index.php\/wp-json\/wp\/v2\/product_cat?post=777486"},{"taxonomy":"product_tag","embeddable":true,"href":"https:\/\/roveyayinevi.com.tr\/index.php\/wp-json\/wp\/v2\/product_tag?post=777486"}],"curies":[{"name":"wp","href":"https:\/\/api.w.org\/{rel}","templated":true}]}}