{"id":777481,"date":"2025-10-16T20:11:49","date_gmt":"2025-10-16T17:11:49","guid":{"rendered":"https:\/\/roveyayinevi.com.tr\/index.php\/urun\/arayis-ormani-4-kul-buyucusu\/"},"modified":"2026-04-15T03:43:12","modified_gmt":"2026-04-15T00:43:12","slug":"arayis-ormani-4-kul-buyucusu","status":"publish","type":"product","link":"https:\/\/roveyayinevi.com.tr\/index.php\/urun\/arayis-ormani-4-kul-buyucusu\/","title":{"rendered":"Aray\u0131\u015f Orman\u0131 4 \u2013 K\u00fcl B\u00fcy\u00fcc\u00fcs\u00fc"},"content":{"rendered":"<p>RUHLAR SESS\u0130Z. ASALAR KIRIK.UMUTLAR PARAMPAR\u00c7A. Bek\u00e7i, Ena ve Levia, esaretin zincirlerinden kurtulduklar\u0131nda art\u0131k hi\u00e7bir \u015feyin eskisi gibi olmad\u0131\u011f\u0131n\u0131 anlarlar. Diyar\u0131n kadim d\u00fc\u015fman\u0131, karanl\u0131k efsanelerden f\u0131rlay\u0131p gelen Soysuz Athor, k\u00fcllerinden do\u011fmu\u015ftur. K\u00fcl B\u00fcy\u00fcc\u00fcs\u00fc \u2019n\u00fcn \u00f6n\u00fcnde diz \u00e7\u00f6kenlerin say\u0131s\u0131 artarken, t\u0131ls\u0131mc\u0131lar\u0131n \u00e7a\u011f\u0131n\u0131n sona erdi\u011fini ilan edenler, geriye kalan ne varsa yerle bir etmeye kararl\u0131d\u0131r. \u00dc\u00e7 arkada\u015f, g\u00fc\u00e7lerini toplamaya ve neler olup bitti\u011fini anlamaya \u00e7al\u0131\u015f\u0131rken hem ge\u00e7mi\u015fleriyle hem de kendilerine duyduklar\u0131 g\u00fcvenle y\u00fczle\u015firler. Art\u0131k sadece d\u00fc\u015fmanla de\u011fil, i\u00e7lerindeki korku ve \u00e7aresizlikle de m\u00fccadele etmeleri gerekmektedir. Aray\u0131\u015f Orman\u0131 serisinin bu son kitab\u0131, ate\u015fin k\u00fcle d\u00f6nd\u00fc\u011f\u00fc, k\u00fcllerin yeniden do\u011fdu\u011fu b\u00fcy\u00fcl\u00fc bir hik\u00e2yenin en soluksuz halkas\u0131. <\/p>\n","protected":false},"excerpt":{"rendered":"<p>RUHLAR SESS\u0130Z. ASALAR KIRIK.UMUTLAR PARAMPAR\u00c7A. Bek\u00e7i, Ena ve Levia, esaretin zincirlerinden kurtulduklar\u0131nda art\u0131k hi\u00e7bir \u015feyin eskisi gibi olmad\u0131\u011f\u0131n\u0131 anlarlar. Diyar\u0131n kadim d\u00fc\u015fman\u0131, karanl\u0131k efsanelerden f\u0131rlay\u0131p gelen<span class=\"excerpt-hellip\"> [\u2026]<\/span><\/p>\n","protected":false},"featured_media":0,"template":"","meta":{"_monsterinsights_skip_tracking":false,"_monsterinsights_sitenote_active":false,"_monsterinsights_sitenote_note":"","_monsterinsights_sitenote_category":0},"product_brand":[],"product_cat":[141304],"product_tag":[],"class_list":{"0":"post-777481","1":"product","2":"type-product","3":"status-publish","5":"product_cat-yeni-cikanlar","6":"pa_cilt-ciltsiz","7":"pa_tur-kitap","8":"pa_yayinevi-x-libris","9":"pa_yazar-goktug-canbaba","11":"first","12":"instock","13":"sale","14":"shipping-taxable","15":"purchasable","16":"product-type-simple"},"_links":{"self":[{"href":"https:\/\/roveyayinevi.com.tr\/index.php\/wp-json\/wp\/v2\/product\/777481","targetHints":{"allow":["GET"]}}],"collection":[{"href":"https:\/\/roveyayinevi.com.tr\/index.php\/wp-json\/wp\/v2\/product"}],"about":[{"href":"https:\/\/roveyayinevi.com.tr\/index.php\/wp-json\/wp\/v2\/types\/product"}],"wp:attachment":[{"href":"https:\/\/roveyayinevi.com.tr\/index.php\/wp-json\/wp\/v2\/media?parent=777481"}],"wp:term":[{"taxonomy":"product_brand","embeddable":true,"href":"https:\/\/roveyayinevi.com.tr\/index.php\/wp-json\/wp\/v2\/product_brand?post=777481"},{"taxonomy":"product_cat","embeddable":true,"href":"https:\/\/roveyayinevi.com.tr\/index.php\/wp-json\/wp\/v2\/product_cat?post=777481"},{"taxonomy":"product_tag","embeddable":true,"href":"https:\/\/roveyayinevi.com.tr\/index.php\/wp-json\/wp\/v2\/product_tag?post=777481"}],"curies":[{"name":"wp","href":"https:\/\/api.w.org\/{rel}","templated":true}]}}