{"id":777480,"date":"2025-10-16T20:11:47","date_gmt":"2025-10-16T17:11:47","guid":{"rendered":"https:\/\/roveyayinevi.com.tr\/index.php\/urun\/camellianin-pesinde-1\/"},"modified":"2026-04-15T03:43:12","modified_gmt":"2026-04-15T00:43:12","slug":"camellianin-pesinde-1","status":"publish","type":"product","link":"https:\/\/roveyayinevi.com.tr\/index.php\/urun\/camellianin-pesinde-1\/","title":{"rendered":"Camellia&#8217;n\u0131n Pe\u015finde 1"},"content":{"rendered":"<p>Bildi\u011fin tek hayattan kopar\u0131l\u0131rsan, elinde ne kal\u0131r?   Sokaklarda b\u00fcy\u00fcyen on iki ya\u015f\u0131ndaki Camellia, annesinin yan\u0131ndan bir gece yar\u0131s\u0131 ka\u00e7\u0131r\u0131l\u0131r. Ama bu i\u015fin arkas\u0131nda babas\u0131n\u0131n ailesi, sayg\u0131n Bale Hanesi vard\u0131r. Aile bireyleri onu s\u0131cak g\u00fcl\u00fcmsemeler ve kucaklamalarla kar\u015f\u0131lasa da Camellia ger\u00e7e\u011fi k\u0131sa s\u00fcrede fark eder. Buraya ailenin ikinci o\u011fluymu\u015f gibi davranmak, Camellius Bale kimli\u011fine b\u00fcr\u00fcnmek i\u00e7in getirilmi\u015ftir. Hasta abisinin yerine sa\u011fl\u0131kl\u0131 bir aile v\u00e2risi olacak \u015fekilde yeti\u015ftirilecektir.    Camellius\u2019un zamanla artan \u00e7ekicili\u011fi ve masum tav\u0131rlar\u0131 yaln\u0131zca halk\u0131n de\u011fil, veliaht prensin ve D\u00fck Ihar\u2019\u0131n o\u011flunun da ilgisini \u00e7eker. Saray\u0131n g\u00f6rkemli salonlar\u0131nda ve entrikalarla \u00f6r\u00fclm\u00fc\u015f koridorlar\u0131nda att\u0131\u011f\u0131 her ad\u0131m s\u0131rlarla \u00e7evrelenmi\u015ftir.  <\/p>\n","protected":false},"excerpt":{"rendered":"<p>Bildi\u011fin tek hayattan kopar\u0131l\u0131rsan, elinde ne kal\u0131r? Sokaklarda b\u00fcy\u00fcyen on iki ya\u015f\u0131ndaki Camellia, annesinin yan\u0131ndan bir gece yar\u0131s\u0131 ka\u00e7\u0131r\u0131l\u0131r. Ama bu i\u015fin arkas\u0131nda babas\u0131n\u0131n ailesi, sayg\u0131n<span class=\"excerpt-hellip\"> [\u2026]<\/span><\/p>\n","protected":false},"featured_media":0,"template":"","meta":{"_monsterinsights_skip_tracking":false,"_monsterinsights_sitenote_active":false,"_monsterinsights_sitenote_note":"","_monsterinsights_sitenote_category":0},"product_brand":[],"product_cat":[141304],"product_tag":[],"class_list":{"0":"post-777480","1":"product","2":"type-product","3":"status-publish","5":"product_cat-yeni-cikanlar","6":"pa_cilt-ciltsiz","7":"pa_tur-kitap","8":"pa_yayinevi-dex-yayinevi","9":"pa_yazar-jin-soye","11":"first","12":"instock","13":"sale","14":"shipping-taxable","15":"purchasable","16":"product-type-simple"},"_links":{"self":[{"href":"https:\/\/roveyayinevi.com.tr\/index.php\/wp-json\/wp\/v2\/product\/777480","targetHints":{"allow":["GET"]}}],"collection":[{"href":"https:\/\/roveyayinevi.com.tr\/index.php\/wp-json\/wp\/v2\/product"}],"about":[{"href":"https:\/\/roveyayinevi.com.tr\/index.php\/wp-json\/wp\/v2\/types\/product"}],"wp:attachment":[{"href":"https:\/\/roveyayinevi.com.tr\/index.php\/wp-json\/wp\/v2\/media?parent=777480"}],"wp:term":[{"taxonomy":"product_brand","embeddable":true,"href":"https:\/\/roveyayinevi.com.tr\/index.php\/wp-json\/wp\/v2\/product_brand?post=777480"},{"taxonomy":"product_cat","embeddable":true,"href":"https:\/\/roveyayinevi.com.tr\/index.php\/wp-json\/wp\/v2\/product_cat?post=777480"},{"taxonomy":"product_tag","embeddable":true,"href":"https:\/\/roveyayinevi.com.tr\/index.php\/wp-json\/wp\/v2\/product_tag?post=777480"}],"curies":[{"name":"wp","href":"https:\/\/api.w.org\/{rel}","templated":true}]}}