{"id":777476,"date":"2025-10-16T20:11:39","date_gmt":"2025-10-16T17:11:39","guid":{"rendered":"https:\/\/roveyayinevi.com.tr\/index.php\/urun\/insanligimi-yitirirken-9\/"},"modified":"2026-04-15T03:43:12","modified_gmt":"2026-04-15T00:43:12","slug":"insanligimi-yitirirken-9","status":"publish","type":"product","link":"https:\/\/roveyayinevi.com.tr\/index.php\/urun\/insanligimi-yitirirken-9\/","title":{"rendered":"\u0130nsanl\u0131\u011f\u0131m\u0131 Yitirirken"},"content":{"rendered":"<p>\u0130nsanlardan korkan ve utan\u00e7 i\u00e7inde ya\u015fayan Yozo\u2019ya g\u00f6re hayat cehennemden farks\u0131zd\u0131r. Onun i\u00e7in \u00e7ocuklu\u011fundan itibaren insanlarla zay\u0131f da olsa bir ba\u011f kurabilmenin tek yolu maskaral\u0131k yapmakt\u0131r. Gen\u00e7li\u011finde ise her t\u00fcrl\u00fc ba\u011f\u0131ml\u0131l\u0131\u011f\u0131n pen\u00e7esine d\u00fc\u015fer. Hayat\u0131na giren herkesi teker teker y\u00fcz\u00fcst\u00fc b\u0131rak\u0131r.   \u0130lk kez 1948 y\u0131l\u0131nda yay\u0131mlanan, Japon edebiyat\u0131n\u0131n en \u00fcnl\u00fc ve sars\u0131c\u0131 eserlerinden biri olan \u0130nsanl\u0131\u011f\u0131m\u0131 Yitirirken, d\u00fcnyayla uzla\u015famayan bir yabanc\u0131n\u0131n akl\u0131n\u0131n ve ruhunun yitiminde ne kadar s\u00fcr\u00fcklenebilece\u011fini g\u00f6steriyor.   \u201cDazai kendimde en \u00e7ok gizlemek istedi\u011fim \u015feyleri a\u00e7\u0131\u011fa \u00e7\u0131kar\u0131yor.\u201d \u2015 Yukio Mi\u015fima <\/p>\n","protected":false},"excerpt":{"rendered":"<p>\u0130nsanlardan korkan ve utan\u00e7 i\u00e7inde ya\u015fayan Yozo\u2019ya g\u00f6re hayat cehennemden farks\u0131zd\u0131r. Onun i\u00e7in \u00e7ocuklu\u011fundan itibaren insanlarla zay\u0131f da olsa bir ba\u011f kurabilmenin tek yolu maskaral\u0131k yapmakt\u0131r.<span class=\"excerpt-hellip\"> [\u2026]<\/span><\/p>\n","protected":false},"featured_media":0,"template":"","meta":{"_monsterinsights_skip_tracking":false,"_monsterinsights_sitenote_active":false,"_monsterinsights_sitenote_note":"","_monsterinsights_sitenote_category":0},"product_brand":[],"product_cat":[12291,12711],"product_tag":[],"class_list":{"0":"post-777476","1":"product","2":"type-product","3":"status-publish","5":"product_cat-edebiyat","6":"product_cat-roman-oyku","7":"pa_cilt-ciltsiz","8":"pa_tur-kitap","9":"pa_yayinevi-dogan-kitap","10":"pa_yazar-osamu-dazai","12":"first","13":"instock","14":"sale","15":"shipping-taxable","16":"purchasable","17":"product-type-simple"},"_links":{"self":[{"href":"https:\/\/roveyayinevi.com.tr\/index.php\/wp-json\/wp\/v2\/product\/777476","targetHints":{"allow":["GET"]}}],"collection":[{"href":"https:\/\/roveyayinevi.com.tr\/index.php\/wp-json\/wp\/v2\/product"}],"about":[{"href":"https:\/\/roveyayinevi.com.tr\/index.php\/wp-json\/wp\/v2\/types\/product"}],"wp:attachment":[{"href":"https:\/\/roveyayinevi.com.tr\/index.php\/wp-json\/wp\/v2\/media?parent=777476"}],"wp:term":[{"taxonomy":"product_brand","embeddable":true,"href":"https:\/\/roveyayinevi.com.tr\/index.php\/wp-json\/wp\/v2\/product_brand?post=777476"},{"taxonomy":"product_cat","embeddable":true,"href":"https:\/\/roveyayinevi.com.tr\/index.php\/wp-json\/wp\/v2\/product_cat?post=777476"},{"taxonomy":"product_tag","embeddable":true,"href":"https:\/\/roveyayinevi.com.tr\/index.php\/wp-json\/wp\/v2\/product_tag?post=777476"}],"curies":[{"name":"wp","href":"https:\/\/api.w.org\/{rel}","templated":true}]}}