{"id":777475,"date":"2025-10-16T20:10:48","date_gmt":"2025-10-16T17:10:48","guid":{"rendered":"https:\/\/roveyayinevi.com.tr\/index.php\/urun\/cocugunuzu-muzikle-buyutun\/"},"modified":"2026-04-15T03:43:06","modified_gmt":"2026-04-15T00:43:06","slug":"cocugunuzu-muzikle-buyutun","status":"publish","type":"product","link":"https:\/\/roveyayinevi.com.tr\/index.php\/urun\/cocugunuzu-muzikle-buyutun\/","title":{"rendered":"\u00c7ocu\u011funuzu M\u00fczikle B\u00fcy\u00fct\u00fcn"},"content":{"rendered":"<p>\u00c7ocu\u011funuzun hayat\u0131nda m\u00fczi\u011fin yarataca\u011f\u0131 mucizeleri ke\u015ffedin.   \u201cM\u00fczi\u011fin, bireylerin duygusal, sosyal geli\u015fimlerinin yan\u0131 s\u0131ra zihin a\u00e7\u0131c\u0131 \u00f6zelli\u011fi defalarca kan\u0131tland\u0131. E\u011fitimde sihirli de\u011fnek m\u00fczik; o de\u011fnek Benal Tanr\u0131sever\u2019in elinde.\u201d \u2014 Cem Mansur   \u201cDe\u011ferli Piyanist Benal Tanr\u0131sever ile defalarca ayn\u0131 sahneyi payla\u015fma ve birlikte m\u00fczik yapma f\u0131rsat\u0131m oldu. Onun \u00f6zellikle Mozart piyano kon\u00e7ertolar\u0131 \u00fczerine yapt\u0131\u011f\u0131 derin ara\u015ft\u0131rmalar\u0131n izlerini yorumlar\u0131nda duymak m\u00fcmk\u00fcnd\u00fcr. Tanr\u0131sever\u2019in bir di\u011fer \u00f6nemli y\u00f6n\u00fc ise e\u011fitimcili\u011fidir. Yeti\u015ftirdi\u011fi \u00f6\u011frenciler, yaln\u0131zca piyano \u00e7almay\u0131 de\u011fil, ayn\u0131 zamanda \u00e7oksesli m\u00fczi\u011fin erdemlerini \u00f6\u011frenirler. M\u00fczik disiplinini benimseyen bu gen\u00e7lerin, gelecekte mesleklerinde b\u00fcy\u00fck ba\u015far\u0131lara imza atacaklar\u0131na inan\u0131yorum. Benal Tanr\u0131sever\u2019e, daha nice binlerce gen\u00e7 m\u00fczisyen yeti\u015ftirmesi dile\u011fiyle&#8230;\u201d \u2014 G\u00fcrer Aykal   \u201c\u00c7oksesli m\u00fczikle \u00e7ocuk ya\u015fta kar\u015f\u0131la\u015fm\u0131\u015f olmak beynin d\u00f6rt bir yan\u0131na da\u011f\u0131lm\u0131\u015f olan dil, duyu ve hareket sistemleri aras\u0131ndaki ba\u011flant\u0131lar\u0131 g\u00fc\u00e7lendirir. Benal Tanr\u0131sever bu kitapta m\u00fczi\u011fin geli\u015fen zihinlerde olu\u015fturdu\u011fu zenginle\u015fmeyi her y\u00f6n\u00fcyle anlat\u0131yor. Okuduk\u00e7a insan\u0131n m\u00fczikle u\u011fra\u015fan bir \u00e7ocuk olas\u0131 geliyor.\u201d \u2014 Prof. Dr. Yank\u0131 Yazgan <\/p>\n","protected":false},"excerpt":{"rendered":"<p>\u00c7ocu\u011funuzun hayat\u0131nda m\u00fczi\u011fin yarataca\u011f\u0131 mucizeleri ke\u015ffedin. \u201cM\u00fczi\u011fin, bireylerin duygusal, sosyal geli\u015fimlerinin yan\u0131 s\u0131ra zihin a\u00e7\u0131c\u0131 \u00f6zelli\u011fi defalarca kan\u0131tland\u0131. E\u011fitimde sihirli de\u011fnek m\u00fczik; o de\u011fnek Benal Tanr\u0131sever\u2019in<span class=\"excerpt-hellip\"> [\u2026]<\/span><\/p>\n","protected":false},"featured_media":0,"template":"","meta":{"_monsterinsights_skip_tracking":false,"_monsterinsights_sitenote_active":false,"_monsterinsights_sitenote_note":"","_monsterinsights_sitenote_category":0},"product_brand":[],"product_cat":[12357],"product_tag":[],"class_list":{"0":"post-777475","1":"product","2":"type-product","3":"status-publish","5":"product_cat-psikoloji","6":"pa_cilt-ciltsiz","7":"pa_tur-kitap","8":"pa_yayinevi-dogan-kitap","9":"pa_yazar-benal-tanrisever","11":"first","12":"instock","13":"sale","14":"shipping-taxable","15":"purchasable","16":"product-type-simple"},"_links":{"self":[{"href":"https:\/\/roveyayinevi.com.tr\/index.php\/wp-json\/wp\/v2\/product\/777475","targetHints":{"allow":["GET"]}}],"collection":[{"href":"https:\/\/roveyayinevi.com.tr\/index.php\/wp-json\/wp\/v2\/product"}],"about":[{"href":"https:\/\/roveyayinevi.com.tr\/index.php\/wp-json\/wp\/v2\/types\/product"}],"wp:attachment":[{"href":"https:\/\/roveyayinevi.com.tr\/index.php\/wp-json\/wp\/v2\/media?parent=777475"}],"wp:term":[{"taxonomy":"product_brand","embeddable":true,"href":"https:\/\/roveyayinevi.com.tr\/index.php\/wp-json\/wp\/v2\/product_brand?post=777475"},{"taxonomy":"product_cat","embeddable":true,"href":"https:\/\/roveyayinevi.com.tr\/index.php\/wp-json\/wp\/v2\/product_cat?post=777475"},{"taxonomy":"product_tag","embeddable":true,"href":"https:\/\/roveyayinevi.com.tr\/index.php\/wp-json\/wp\/v2\/product_tag?post=777475"}],"curies":[{"name":"wp","href":"https:\/\/api.w.org\/{rel}","templated":true}]}}