{"id":777469,"date":"2025-10-16T20:10:00","date_gmt":"2025-10-16T17:10:00","guid":{"rendered":"https:\/\/roveyayinevi.com.tr\/index.php\/urun\/tarhan-erdemle-turkiye-ve-demokrasi-tarihimiz-uzerine-notlar\/"},"modified":"2026-04-15T03:43:02","modified_gmt":"2026-04-15T00:43:02","slug":"tarhan-erdemle-turkiye-ve-demokrasi-tarihimiz-uzerine-notlar","status":"publish","type":"product","link":"https:\/\/roveyayinevi.com.tr\/index.php\/urun\/tarhan-erdemle-turkiye-ve-demokrasi-tarihimiz-uzerine-notlar\/","title":{"rendered":"Tarhan Erdem\u2019le T\u00fcrkiye Ve Demokrasi Tarihimiz \u00dczerine Notlar"},"content":{"rendered":"<p>Siyaset\u00e7i, gazeteci-yazar ve T\u00fcrkiye\u2019nin en prestijli kamuoyu ara\u015ft\u0131rma kurumlar\u0131ndan KONDA\u2019n\u0131n kurucusu Tarhan Erdem\u2019in ta\u015frada bir \u00f6\u011fretmen baba ve ev kad\u0131n\u0131 bir annenin d\u00f6rt \u00e7ocu\u011fundan biri olarak ba\u015flad\u0131\u011f\u0131 hayat\u0131, tipik bir \u201cCumhuriyet\u2019in f\u0131rsat e\u015fitli\u011fi\u201d hik\u00e2yesidir.   Bart\u0131n\u2019daki ilk\u00f6\u011fretimin ard\u0131ndan Yozgat ve Kayseri liselerinde yat\u0131l\u0131 okur, \u0130T\u00dc \u0130n\u015faat M\u00fchendisli\u011fi B\u00f6l\u00fcm\u00fc\u2019nden mezun olur. 1955\u2019te hen\u00fcz \u00f6\u011frenciyken CHP\u2019ye kat\u0131l\u0131r ve 1980 y\u0131l\u0131na kadar il\u00e7e \u00f6rg\u00fct\u00fcnden il y\u00f6netim kuruluna, milletvekilli\u011finden k\u0131sa s\u00fcren bakanl\u0131\u011fa, siyasetin her kademesinde aktif olarak g\u00f6rev al\u0131r. 1992\u2019de yeniden kurulan CHP\u2019de 1999-2000 aras\u0131nda genel sekreterlik g\u00f6revi \u00fcstlenir. 1980\u2019lerde Milliyet gazetesinin ba\u015f\u0131na ge\u00e7er, sonras\u0131nda Milliyet TV\u2019de y\u00f6neticilik, Radikal gazetesi ve T24\u2019te k\u00f6\u015fe yazarl\u0131\u011f\u0131 yapar. 1987\u2019de KONDA\u2019y\u0131 kurar, yapt\u0131\u011f\u0131 isabetli se\u00e7im anketleriyle g\u00fcndemi belirler ve K\u00fcrtler \u00fczerine en kapsaml\u0131 ara\u015ft\u0131rmalardan birine imza atar.   T\u00fcrkiye\u2019nin \u00f6nemli siyaset bilimci ve tarih\u00e7ilerinden Prof. Dr. Mehmet \u00d6. Alkan\u2019\u0131n pandemi d\u00f6neminde Tarhan Erdem\u2019le yapt\u0131\u011f\u0131 bu nehir s\u00f6yle\u015fi, y\u00fcre\u011findeki \u201cdaha demokratik bir \u00fclke arzusu\u201dnu hep canl\u0131 tutan bir ayd\u0131n\u0131n tan\u0131kl\u0131\u011f\u0131nda yak\u0131n tarihimize tutulmu\u015f bir mercek.   \u201cTarhan Erdem\u2019in kendi deneyimleri ve g\u00f6zlemleri, asl\u0131nda CHP\u2019nin 1950-1980 aras\u0131ndaki kurumsal k\u00fclt\u00fcr\u00fcn\u00fc anlamak i\u00e7in paha bi\u00e7ilmez ayr\u0131nt\u0131lar i\u00e7eriyor. Yine kendisinin, CHP\u2019nin bir siyasal parti ve siyasal k\u00fclt\u00fcr olarak 1980 darbesiyle sona erdi\u011fine dair tespiti de \u00f6nemli. (&#8230;) Vefat\u0131ndan sonra kitap \u00fczerine \u00e7al\u0131\u015fmak duygusal olarak beni biraz zorlad\u0131, metin \u00fczerine \u00e7al\u0131\u015f\u0131rken sesi kulaklar\u0131mdayd\u0131. Bilge dostum Tarhan Erdem\u2019in emaneti olarak kitab\u0131 bu haliyle de olsa tamamlayabilmi\u015f olmaktan bahtiyar\u0131m.\u201d Mehmet \u00d6. Alkan <\/p>\n","protected":false},"excerpt":{"rendered":"<p>Siyaset\u00e7i, gazeteci-yazar ve T\u00fcrkiye\u2019nin en prestijli kamuoyu ara\u015ft\u0131rma kurumlar\u0131ndan KONDA\u2019n\u0131n kurucusu Tarhan Erdem\u2019in ta\u015frada bir \u00f6\u011fretmen baba ve ev kad\u0131n\u0131 bir annenin d\u00f6rt \u00e7ocu\u011fundan biri olarak<span class=\"excerpt-hellip\"> [\u2026]<\/span><\/p>\n","protected":false},"featured_media":0,"template":"","meta":{"_monsterinsights_skip_tracking":false,"_monsterinsights_sitenote_active":false,"_monsterinsights_sitenote_note":"","_monsterinsights_sitenote_category":0},"product_brand":[],"product_cat":[12291,30969],"product_tag":[],"class_list":{"0":"post-777469","1":"product","2":"type-product","3":"status-publish","5":"product_cat-edebiyat","6":"product_cat-soylesi-edebiyat","7":"pa_cilt-ciltsiz","8":"pa_tur-kitap","9":"pa_yayinevi-dogan-kitap","10":"pa_yazar-mehmet-o-alkan","12":"first","13":"instock","14":"sale","15":"shipping-taxable","16":"purchasable","17":"product-type-simple"},"_links":{"self":[{"href":"https:\/\/roveyayinevi.com.tr\/index.php\/wp-json\/wp\/v2\/product\/777469","targetHints":{"allow":["GET"]}}],"collection":[{"href":"https:\/\/roveyayinevi.com.tr\/index.php\/wp-json\/wp\/v2\/product"}],"about":[{"href":"https:\/\/roveyayinevi.com.tr\/index.php\/wp-json\/wp\/v2\/types\/product"}],"wp:attachment":[{"href":"https:\/\/roveyayinevi.com.tr\/index.php\/wp-json\/wp\/v2\/media?parent=777469"}],"wp:term":[{"taxonomy":"product_brand","embeddable":true,"href":"https:\/\/roveyayinevi.com.tr\/index.php\/wp-json\/wp\/v2\/product_brand?post=777469"},{"taxonomy":"product_cat","embeddable":true,"href":"https:\/\/roveyayinevi.com.tr\/index.php\/wp-json\/wp\/v2\/product_cat?post=777469"},{"taxonomy":"product_tag","embeddable":true,"href":"https:\/\/roveyayinevi.com.tr\/index.php\/wp-json\/wp\/v2\/product_tag?post=777469"}],"curies":[{"name":"wp","href":"https:\/\/api.w.org\/{rel}","templated":true}]}}