{"id":777468,"date":"2025-10-16T12:33:07","date_gmt":"2025-10-16T09:33:07","guid":{"rendered":"https:\/\/roveyayinevi.com.tr\/index.php\/urun\/degistirilmis-karbon\/"},"modified":"2026-04-16T02:20:37","modified_gmt":"2026-04-15T23:20:37","slug":"degistirilmis-karbon","status":"publish","type":"product","link":"https:\/\/roveyayinevi.com.tr\/index.php\/urun\/degistirilmis-karbon\/","title":{"rendered":"De\u011fi\u015ftirilmi\u015f Karbon"},"content":{"rendered":"<p>21. y\u00fczy\u0131l bilimkurgu edebiyat\u0131n\u0131n en \u00f6nemli eserlerinden biri olan De\u011fi\u015ftirilmi\u015f Karbon\u2019dan uyarlanan ve Netflix\u2019in yay\u0131mlayaca\u011f\u0131 distopik dizi Altered Carbon, 2018\u2019in en \u00e7ok seyredilecek projelerinden biri olmaya aday!   PHILIP K. DICK EN \u0130Y\u0130 ROMAN \u00d6D\u00dcL\u00dc 25. y\u00fczy\u0131l. \u0130nsanl\u0131k BM\u2019nin g\u00f6zetimi alt\u0131nda t\u00fcm galakside h\u00fck\u00fcm s\u00fcrmekte. Irk, inan\u00e7 ve s\u0131n\u0131f farkl\u0131l\u0131klar\u0131n\u0131n h\u00e2l\u00e2 devam etti\u011fi bu d\u00f6nemde teknolojideki y\u00fckseli\u015f hayat\u0131 \u00e2deta ba\u015ftan tan\u0131mlad\u0131. Bir insan\u0131n bilinci depolanarak yeni bir bedene (ya da \u201ck\u0131l\u0131f\u201da) kolayca indirilebilir hale geldi ve \u00f6l\u00fcm olgusu, ekrandaki bir bip sesine indirgendi. Eski bir asker ve BM el\u00e7isi olan Takeshi Kovacs daha \u00f6nce de \u00f6ld\u00fcr\u00fclmesine ra\u011fmen son \u00f6l\u00fcm\u00fc bilhassa ac\u0131 vericiydi. Evinden 180 \u0131\u015f\u0131k y\u0131l\u0131 uzakta, eski ad\u0131yla San Francisco, yeni ad\u0131yla Bay City\u2019de yeni bir bedende uyanan Kovacs kendini, \u201cvarolu\u015f\u201du al\u0131n\u0131p sat\u0131l\u0131r \u015feyler olarak g\u00f6ren bir topluma g\u00f6re bile karanl\u0131k ve b\u00fcy\u00fck \u00f6l\u00e7ekli bir komplonun tam merkezinde buldu. D\u00fcnyan\u0131n en g\u00fc\u00e7l\u00fc insanlar\u0131ndan biri olan Laurens Bancroft bir \u00f6l\u00fcm\u00fcn s\u0131rr\u0131n\u0131 a\u00e7\u0131\u011fa \u00e7\u0131karmak i\u00e7in Kovacs\u2019\u0131 tutmu\u015ftu: Kendi \u00f6l\u00fcm\u00fcn\u00fcn. Blade Runner ve Neuromancer gibi eserlerin izinden giden siberpunk t\u00fcr\u00fcndeki De\u011fi\u015ftirilmi\u015f Karbon, son zamanlar\u0131n en dikkat \u00e7eken bilimkurgu-distopya romanlar\u0131ndan biri. \u201cDe\u011fi\u015ftirilmi\u015f Karbon\u2019un evreni \u00f6zg\u00fcn ve \u00e7arp\u0131c\u0131. Muazzam karakterler ve e\u015fsiz bir gizem bar\u0131nd\u0131r\u0131yor.\u201d Patrick Rothfuss \u201c\u015eahane bir i\u015f. M\u00fckemmel bir bilimkurgu. De\u011fi\u015ftirilmi\u015f Karbon, \u00e7ok iyi bir giri\u015f yap\u0131yor ve h\u0131z\u0131n\u0131 gittik\u00e7e artt\u0131r\u0131yor. E\u015fit derecede merak uyand\u0131r\u0131c\u0131 ve \u00f6zg\u00fcn bir eser; son sayfaya kadar elinizden d\u00fc\u015f\u00fcremiyorsunuz.\u201dPeter F. Hamilton \u201cZek\u00e2 dolu bir kara noir, e\u015fsiz bir kurgu ve hik\u00e2yesini d\u00f6rt g\u00f6zle \u00f6\u011frenmek isteyece\u011finiz bir karakter.\u201d Ken McLeod \u201cBu h\u0131zl\u0131 okunan, etkileyici roman William Gibson\u2019\u0131n Neuromancer\u2019\u0131 ve Norman Spinrad\u2019\u0131n Deus X\u2019inin merak uyand\u0131r\u0131c\u0131 bir kar\u0131\u015f\u0131m\u0131.\u201dPublishers Weekly <\/p>\n","protected":false},"excerpt":{"rendered":"<p>21. y\u00fczy\u0131l bilimkurgu edebiyat\u0131n\u0131n en \u00f6nemli eserlerinden biri olan De\u011fi\u015ftirilmi\u015f Karbon\u2019dan uyarlanan ve Netflix\u2019in yay\u0131mlayaca\u011f\u0131 distopik dizi Altered Carbon, 2018\u2019in en \u00e7ok seyredilecek projelerinden biri olmaya<span class=\"excerpt-hellip\"> [\u2026]<\/span><\/p>\n","protected":false},"featured_media":0,"template":"","meta":{"_monsterinsights_skip_tracking":false,"_monsterinsights_sitenote_active":false,"_monsterinsights_sitenote_note":"","_monsterinsights_sitenote_category":0},"product_brand":[],"product_cat":[12540,12291],"product_tag":[],"class_list":{"0":"post-777468","1":"product","2":"type-product","3":"status-publish","5":"product_cat-bilim-kurgu","6":"product_cat-edebiyat","7":"pa_cilt-ciltsiz","8":"pa_tur-kitap","9":"pa_yayinevi-ithaki-yayinlari","10":"pa_yazar-richard-k-morgan","12":"first","13":"instock","14":"sale","15":"shipping-taxable","16":"purchasable","17":"product-type-simple"},"_links":{"self":[{"href":"https:\/\/roveyayinevi.com.tr\/index.php\/wp-json\/wp\/v2\/product\/777468","targetHints":{"allow":["GET"]}}],"collection":[{"href":"https:\/\/roveyayinevi.com.tr\/index.php\/wp-json\/wp\/v2\/product"}],"about":[{"href":"https:\/\/roveyayinevi.com.tr\/index.php\/wp-json\/wp\/v2\/types\/product"}],"wp:attachment":[{"href":"https:\/\/roveyayinevi.com.tr\/index.php\/wp-json\/wp\/v2\/media?parent=777468"}],"wp:term":[{"taxonomy":"product_brand","embeddable":true,"href":"https:\/\/roveyayinevi.com.tr\/index.php\/wp-json\/wp\/v2\/product_brand?post=777468"},{"taxonomy":"product_cat","embeddable":true,"href":"https:\/\/roveyayinevi.com.tr\/index.php\/wp-json\/wp\/v2\/product_cat?post=777468"},{"taxonomy":"product_tag","embeddable":true,"href":"https:\/\/roveyayinevi.com.tr\/index.php\/wp-json\/wp\/v2\/product_tag?post=777468"}],"curies":[{"name":"wp","href":"https:\/\/api.w.org\/{rel}","templated":true}]}}