{"id":777467,"date":"2025-10-16T04:44:32","date_gmt":"2025-10-16T01:44:32","guid":{"rendered":"https:\/\/roveyayinevi.com.tr\/index.php\/urun\/bir-hayale-cumburlop\/"},"modified":"2026-04-15T03:43:35","modified_gmt":"2026-04-15T00:43:35","slug":"bir-hayale-cumburlop","status":"publish","type":"product","link":"https:\/\/roveyayinevi.com.tr\/index.php\/urun\/bir-hayale-cumburlop\/","title":{"rendered":"Bir Hayale Cumburlop!"},"content":{"rendered":"<p>Sanat\u0131n b\u00fcy\u00fcs\u00fc ile hayal g\u00fcc\u00fcn\u00fc harmanlayan&#8221;Bir Hayale Cumburlop!&#8221;, \u00e7ocuklara ebrunun inceliklerini tan\u0131tan soluksuz bir macera&#8230;Meraklar\u0131n\u0131n pe\u015finden giden iki kafadar, Mahur ve Neva, Ebruzen Hikmet Barut\u00e7ugil&#8217;in at\u00f6lyesine ad\u0131m atar. Fakat k\u00fc\u00e7\u00fck bir sakarl\u0131kla kendilerini bir anda Ebristan&#8217;da bulurlar. Renklerin dans etti\u011fi bu b\u00fcy\u00fcl\u00fc diyardan \u00e7\u0131k\u0131p eve d\u00f6nebilmeleri i\u00e7in ebru sanat\u0131n\u0131n s\u0131r dolu malzemelerini toplamalar\u0131 gerekir. Ebristan&#8217;da onlara yol g\u00f6steren \u00c7ilek&#8217;le sevgiyi, sorumlulu\u011fu ve dostlu\u011fu ke\u015ffedecekleri unutulmaz bir ser\u00fcvene at\u0131l\u0131rlar.Ay\u015fenur Elhan Y\u0131ld\u0131r\u0131m, kaleme ald\u0131\u011f\u0131 bu keyifli hik\u00e2yeyi; \u00f6zg\u00fcn teknikleriyle gelene\u011fe yeni bir soluk katan ve UNESCO&#8217;nun &#8220;Ya\u015fayan \u0130nsan Hazinesi&#8221; \u00fcnvan\u0131na lay\u0131k g\u00f6r\u00fclen usta sanat\u00e7\u0131 Hikmet Barut\u00e7ugil&#8217;in e\u015fsiz ebrular\u0131yla bulu\u015fturdu.Barut\u00e7ugil&#8217;in eserleriyle zenginle\u015fen bu kitap, bizlere g\u00fczel g\u00f6rmenin, hayal kurman\u0131n ve iyi d\u00fc\u015f\u00fcnmenin \u00f6nemini hissettirecek&#8230;<\/p>\n","protected":false},"excerpt":{"rendered":"<p>Sanat\u0131n b\u00fcy\u00fcs\u00fc ile hayal g\u00fcc\u00fcn\u00fc harmanlayan&#8221;Bir Hayale Cumburlop!&#8221;, \u00e7ocuklara ebrunun inceliklerini tan\u0131tan soluksuz bir macera&#8230;Meraklar\u0131n\u0131n pe\u015finden giden iki kafadar, Mahur ve Neva, Ebruzen Hikmet Barut\u00e7ugil&#8217;in at\u00f6lyesine<span class=\"excerpt-hellip\"> [\u2026]<\/span><\/p>\n","protected":false},"featured_media":0,"template":"","meta":{"_monsterinsights_skip_tracking":false,"_monsterinsights_sitenote_active":false,"_monsterinsights_sitenote_note":"","_monsterinsights_sitenote_category":0},"product_brand":[],"product_cat":[141304],"product_tag":[],"class_list":{"0":"post-777467","1":"product","2":"type-product","3":"status-publish","5":"product_cat-yeni-cikanlar","6":"pa_cilt-ciltsiz","7":"pa_tur-kitap","8":"pa_yayinevi-profil-kitap","9":"pa_yazar-aysenur-elhan-yildirim","11":"first","12":"instock","13":"sale","14":"shipping-taxable","15":"purchasable","16":"product-type-simple"},"_links":{"self":[{"href":"https:\/\/roveyayinevi.com.tr\/index.php\/wp-json\/wp\/v2\/product\/777467","targetHints":{"allow":["GET"]}}],"collection":[{"href":"https:\/\/roveyayinevi.com.tr\/index.php\/wp-json\/wp\/v2\/product"}],"about":[{"href":"https:\/\/roveyayinevi.com.tr\/index.php\/wp-json\/wp\/v2\/types\/product"}],"wp:attachment":[{"href":"https:\/\/roveyayinevi.com.tr\/index.php\/wp-json\/wp\/v2\/media?parent=777467"}],"wp:term":[{"taxonomy":"product_brand","embeddable":true,"href":"https:\/\/roveyayinevi.com.tr\/index.php\/wp-json\/wp\/v2\/product_brand?post=777467"},{"taxonomy":"product_cat","embeddable":true,"href":"https:\/\/roveyayinevi.com.tr\/index.php\/wp-json\/wp\/v2\/product_cat?post=777467"},{"taxonomy":"product_tag","embeddable":true,"href":"https:\/\/roveyayinevi.com.tr\/index.php\/wp-json\/wp\/v2\/product_tag?post=777467"}],"curies":[{"name":"wp","href":"https:\/\/api.w.org\/{rel}","templated":true}]}}