{"id":777466,"date":"2025-10-16T04:44:30","date_gmt":"2025-10-16T01:44:30","guid":{"rendered":"https:\/\/roveyayinevi.com.tr\/index.php\/urun\/f1-perde-arkasi\/"},"modified":"2026-04-15T03:43:35","modified_gmt":"2026-04-15T00:43:35","slug":"f1-perde-arkasi","status":"publish","type":"product","link":"https:\/\/roveyayinevi.com.tr\/index.php\/urun\/f1-perde-arkasi\/","title":{"rendered":"F1 Perde Arkas\u0131"},"content":{"rendered":"<p>\u201cYARI\u015e TUTKUNLARI BUNU MUTLAKA OKUMAK \u0130STEYECEK.\u201d \u2013 PUBL\u0130SHERS WEEKLY Formula 1\u2019in kapal\u0131 kap\u0131lar ard\u0131ndaki d\u00fcnyas\u0131na hi\u00e7 olmad\u0131\u011f\u0131 kadar yak\u0131ndan bakmaya haz\u0131r m\u0131s\u0131n\u0131z? H\u0131z\u0131n, stratejinin ve b\u00fcy\u00fck s\u0131rlar\u0131n h\u00fck\u00fcm s\u00fcrd\u00fc\u011f\u00fc bu evrende d\u0131\u015far\u0131dan g\u00f6rd\u00fcklerimiz sadece buzda\u011f\u0131n\u0131n g\u00f6r\u00fcnen k\u0131sm\u0131. Drive to Survive gibi yap\u0131mlar padoktaki hayata k\u0131sa bir pencere a\u00e7t\u0131 ama anlat\u0131lmay\u0131 bekleyen daha pek \u00e7ok hik\u00e2ye var. F1 Perde Arkas\u0131, Guardian gazetesi yazar\u0131 Giles Richards\u2019\u0131n on y\u0131l\u0131 a\u015fk\u0131n deneyiminden s\u00fcz\u00fclen g\u00f6zlemleri ve \u00f6zel r\u00f6portajlar\u0131yla Formula 1\u2019in ger\u00e7ek y\u00fcz\u00fcn\u00fc ortaya koyuyor. Mercedes, Red Bull, Ferrari, McLaren, Alfa Romeo ve Aston Martin gibi dev tak\u0131mlar\u0131n i\u00e7inden gelen seslerle modern bir F1 tak\u0131m\u0131n\u0131n t\u00fcm dinamikleri ilk kez bu kadar a\u00e7\u0131k bi\u00e7imde anlat\u0131l\u0131yor. Christian Horner, Lando Norris ve Toto Wolff gibi isimlerin ki\u015fisel hik\u00e2yeleri ve \u00e7arp\u0131c\u0131 itiraflar\u0131yla zenginle\u015fen bu kitap, yaln\u0131zca yar\u0131\u015flar\u0131n de\u011fil; kulislerin, gerilimlerin ve perde arkas\u0131ndaki m\u00fccadelelerin de heyecan\u0131n\u0131 ya\u015fat\u0131yor. F1 Perde Arkas\u0131, sizi motor sporlar\u0131n\u0131n en b\u00fcy\u00fcleyici arenas\u0131n\u0131 bamba\u015fka bir a\u00e7\u0131dan g\u00f6rmeye davet ediyor.<\/p>\n","protected":false},"excerpt":{"rendered":"<p>\u201cYARI\u015e TUTKUNLARI BUNU MUTLAKA OKUMAK \u0130STEYECEK.\u201d \u2013 PUBL\u0130SHERS WEEKLY Formula 1\u2019in kapal\u0131 kap\u0131lar ard\u0131ndaki d\u00fcnyas\u0131na hi\u00e7 olmad\u0131\u011f\u0131 kadar yak\u0131ndan bakmaya haz\u0131r m\u0131s\u0131n\u0131z? H\u0131z\u0131n, stratejinin ve b\u00fcy\u00fck<span class=\"excerpt-hellip\"> [\u2026]<\/span><\/p>\n","protected":false},"featured_media":0,"template":"","meta":{"_monsterinsights_skip_tracking":false,"_monsterinsights_sitenote_active":false,"_monsterinsights_sitenote_note":"","_monsterinsights_sitenote_category":0},"product_brand":[],"product_cat":[13005,37328],"product_tag":[],"class_list":{"0":"post-777466","1":"product","2":"type-product","3":"status-publish","5":"product_cat-bilim-muhendislik","6":"product_cat-diger-bilim-muhendislik","7":"pa_cilt-ciltsiz","8":"pa_tur-kitap","9":"pa_yayinevi-profil-kitap","10":"pa_yazar-giles-richards","12":"first","13":"instock","14":"sale","15":"shipping-taxable","16":"purchasable","17":"product-type-simple"},"_links":{"self":[{"href":"https:\/\/roveyayinevi.com.tr\/index.php\/wp-json\/wp\/v2\/product\/777466","targetHints":{"allow":["GET"]}}],"collection":[{"href":"https:\/\/roveyayinevi.com.tr\/index.php\/wp-json\/wp\/v2\/product"}],"about":[{"href":"https:\/\/roveyayinevi.com.tr\/index.php\/wp-json\/wp\/v2\/types\/product"}],"wp:attachment":[{"href":"https:\/\/roveyayinevi.com.tr\/index.php\/wp-json\/wp\/v2\/media?parent=777466"}],"wp:term":[{"taxonomy":"product_brand","embeddable":true,"href":"https:\/\/roveyayinevi.com.tr\/index.php\/wp-json\/wp\/v2\/product_brand?post=777466"},{"taxonomy":"product_cat","embeddable":true,"href":"https:\/\/roveyayinevi.com.tr\/index.php\/wp-json\/wp\/v2\/product_cat?post=777466"},{"taxonomy":"product_tag","embeddable":true,"href":"https:\/\/roveyayinevi.com.tr\/index.php\/wp-json\/wp\/v2\/product_tag?post=777466"}],"curies":[{"name":"wp","href":"https:\/\/api.w.org\/{rel}","templated":true}]}}