{"id":777463,"date":"2025-10-16T04:44:25","date_gmt":"2025-10-16T01:44:25","guid":{"rendered":"https:\/\/roveyayinevi.com.tr\/index.php\/urun\/buyuk-gunah\/"},"modified":"2026-04-15T03:43:35","modified_gmt":"2026-04-15T00:43:35","slug":"buyuk-gunah","status":"publish","type":"product","link":"https:\/\/roveyayinevi.com.tr\/index.php\/urun\/buyuk-gunah\/","title":{"rendered":"B\u00fcy\u00fck G\u00fcnah"},"content":{"rendered":"<p>S\u00f6m\u00fcrgecinin kendine izafe etti\u011fi kavram medenilik. Bunu k\u00fclt\u00fcrel ve biyolojik \u00fcst\u00fcnl\u00fc\u011fe dayand\u0131r\u0131yor. Medenile\u015ftirme kavram\u0131 bu hak iddias\u0131n\u0131n eseridir. Medenile\u015ftirmek nedir? Barbar\u0131n ehlile\u015ftirilmesidir. A\u015fa\u011f\u0131dakilerin daha s\u00f6z dinleyecek h\u00e2le getirilmesidir. Konu\u015fmay\u0131 bilmeyenlere konu\u015fman\u0131n \u00f6\u011fretilmesidir. Barbara \u00f6\u011fretilen dil s\u00f6m\u00fcrgecinin dilidir. \u00c7\u00fcnk\u00fc medeni insan dili odur. Barbar o dili \u00f6\u011frendi\u011finde uyumlu olacak, hakk\u0131yla komut alacakt\u0131r. Bu yakla\u015f\u0131mdaki dil yabanc\u0131 bir dili \u00f6\u011fretmek de\u011fil, efendinin dilini belletmektir. \u0130ngilizceyi, Frans\u0131zcay\u0131, Almancay\u0131&#8230;Aslen barbar\u0131n medenile\u015ftirilmesinin gerek\u00e7esi, s\u00f6m\u00fcrgecinin be\u015fer\u00ee kaynaklar\u0131n\u0131n yetersizli\u011fidir. B\u00fcy\u00fck co\u011frafyalar\u0131,\u00e7ok boyutlu meseleleri y\u00f6netmek i\u00e7in s\u00f6m\u00fcr\u00fclenin i\u015f birli\u011fine ihtiyac\u0131 oldu\u011fundan bu y\u00f6ntemi tercih ederler, bu ihtiya\u00e7lar\u0131 olmasa topyek\u00fbn imha etmeyi pek\u00e2l\u00e2 tercih ederlerdi. \u0130\u015f birlik\u00e7iler e\u011fitmek, bu ihtiyac\u0131n gere\u011fidir. E\u011fitim eliyle, s\u00f6m\u00fcr\u00fclenlerin kendini a\u015fa\u011f\u0131l\u0131k g\u00f6r\u00fcp s\u00f6m\u00fcrgecisini \u00fcst\u00fcn g\u00f6rmesi temin edilir. \u00c7\u00fcnk\u00fc barbar, a\u015fa\u011f\u0131 \u0131rktan kimseler ancak efendisini \u00fcst\u00fcn g\u00f6rd\u00fc\u011f\u00fcnde ona hakk\u0131yla hizmet edebilir. S\u00f6m\u00fcrgeci diyor ki: &#8220;Barbar benim dilimi, benim \u00e7izdi\u011fim s\u0131n\u0131rlarda \u00f6\u011frenecek. Haddini bilecek, benim e\u011fitim ve \u00f6\u011fretim kurallar\u0131ma uyacak. \u00c7\u00fcnk\u00fc ben ayd\u0131nlanmaya sahibim, gerekti\u011fi kadar ayd\u0131nlataca\u011f\u0131m. Onu belli \u00f6l\u00e7\u00fclerde medenile\u015ftirece\u011fim ve hep bana minnettar olacak.&#8221; S\u00f6m\u00fcrgecilikle m\u00fccadele ederken \u00f6nemli hususlardan biri, \u00fcst\u00fcn olan\u0131n dilinin s\u00f6m\u00fcr\u00fclen \u00fclkedeki konumland\u0131r\u0131lmas\u0131d\u0131r.<\/p>\n","protected":false},"excerpt":{"rendered":"<p>S\u00f6m\u00fcrgecinin kendine izafe etti\u011fi kavram medenilik. Bunu k\u00fclt\u00fcrel ve biyolojik \u00fcst\u00fcnl\u00fc\u011fe dayand\u0131r\u0131yor. Medenile\u015ftirme kavram\u0131 bu hak iddias\u0131n\u0131n eseridir. Medenile\u015ftirmek nedir? Barbar\u0131n ehlile\u015ftirilmesidir. A\u015fa\u011f\u0131dakilerin daha s\u00f6z dinleyecek<span class=\"excerpt-hellip\"> [\u2026]<\/span><\/p>\n","protected":false},"featured_media":0,"template":"","meta":{"_monsterinsights_skip_tracking":false,"_monsterinsights_sitenote_active":false,"_monsterinsights_sitenote_note":"","_monsterinsights_sitenote_category":0},"product_brand":[],"product_cat":[12370,12304],"product_tag":[],"class_list":{"0":"post-777463","1":"product","2":"type-product","3":"status-publish","5":"product_cat-arastirma-inceleme","6":"product_cat-tarih","7":"pa_cilt-ciltsiz","8":"pa_tur-kitap","9":"pa_yayinevi-profil-kitap","10":"pa_yazar-azmi-ozcan","12":"first","13":"instock","14":"sale","15":"shipping-taxable","16":"purchasable","17":"product-type-simple"},"_links":{"self":[{"href":"https:\/\/roveyayinevi.com.tr\/index.php\/wp-json\/wp\/v2\/product\/777463","targetHints":{"allow":["GET"]}}],"collection":[{"href":"https:\/\/roveyayinevi.com.tr\/index.php\/wp-json\/wp\/v2\/product"}],"about":[{"href":"https:\/\/roveyayinevi.com.tr\/index.php\/wp-json\/wp\/v2\/types\/product"}],"wp:attachment":[{"href":"https:\/\/roveyayinevi.com.tr\/index.php\/wp-json\/wp\/v2\/media?parent=777463"}],"wp:term":[{"taxonomy":"product_brand","embeddable":true,"href":"https:\/\/roveyayinevi.com.tr\/index.php\/wp-json\/wp\/v2\/product_brand?post=777463"},{"taxonomy":"product_cat","embeddable":true,"href":"https:\/\/roveyayinevi.com.tr\/index.php\/wp-json\/wp\/v2\/product_cat?post=777463"},{"taxonomy":"product_tag","embeddable":true,"href":"https:\/\/roveyayinevi.com.tr\/index.php\/wp-json\/wp\/v2\/product_tag?post=777463"}],"curies":[{"name":"wp","href":"https:\/\/api.w.org\/{rel}","templated":true}]}}