{"id":777455,"date":"2025-10-16T04:44:11","date_gmt":"2025-10-16T01:44:11","guid":{"rendered":"https:\/\/roveyayinevi.com.tr\/index.php\/urun\/tik-tak-davranis-baloncuklarini-patlat\/"},"modified":"2026-04-15T03:43:16","modified_gmt":"2026-04-15T00:43:16","slug":"tik-tak-davranis-baloncuklarini-patlat","status":"publish","type":"product","link":"https:\/\/roveyayinevi.com.tr\/index.php\/urun\/tik-tak-davranis-baloncuklarini-patlat\/","title":{"rendered":"Tik Tak &#8211; Davran\u0131\u015f Baloncuklar\u0131n\u0131 Patlat!"},"content":{"rendered":"<p>Hayvanlar da t\u0131pk\u0131 bizler gibi nazik, cesur ve yard\u0131msever\u2026Peki ya sen bug\u00fcn nas\u0131l davrand\u0131n?**************************Bu kitap, \u00e7ocuklar\u0131n hem davran\u0131\u015flar\u0131n\u0131 ke\u015ffetmelerini hem de ince motor becerilerini geli\u015ftirmelerini destekliyor.Sayfalar ilerledik\u00e7e yeni davran\u0131\u015flar ke\u015ffediliyor; her biri merak dolu bir yolculuk sunuyor.Tik Tak\u2019la davran\u0131\u015f baloncuklar\u0131n\u0131 patlatman\u0131n i\u015fte tam zaman\u0131. <\/p>\n","protected":false},"excerpt":{"rendered":"<p>Hayvanlar da t\u0131pk\u0131 bizler gibi nazik, cesur ve yard\u0131msever\u2026Peki ya sen bug\u00fcn nas\u0131l davrand\u0131n?**************************Bu kitap, \u00e7ocuklar\u0131n hem davran\u0131\u015flar\u0131n\u0131 ke\u015ffetmelerini hem de ince motor becerilerini geli\u015ftirmelerini destekliyor.Sayfalar<span class=\"excerpt-hellip\"> [\u2026]<\/span><\/p>\n","protected":false},"featured_media":0,"template":"","meta":{"_monsterinsights_skip_tracking":false,"_monsterinsights_sitenote_active":false,"_monsterinsights_sitenote_note":"","_monsterinsights_sitenote_category":0},"product_brand":[],"product_cat":[12274,12518],"product_tag":[],"class_list":{"0":"post-777455","1":"product","2":"type-product","3":"status-publish","5":"product_cat-cocuk-ve-genclik-kitaplari","6":"product_cat-okul-oncesi-kitaplar","7":"pa_cilt-ciltsiz","8":"pa_tur-kitap","9":"pa_yayinevi-sincap-kitap","10":"pa_yazar-cagri-odabasi","12":"first","13":"instock","14":"sale","15":"shipping-taxable","16":"purchasable","17":"product-type-simple"},"_links":{"self":[{"href":"https:\/\/roveyayinevi.com.tr\/index.php\/wp-json\/wp\/v2\/product\/777455","targetHints":{"allow":["GET"]}}],"collection":[{"href":"https:\/\/roveyayinevi.com.tr\/index.php\/wp-json\/wp\/v2\/product"}],"about":[{"href":"https:\/\/roveyayinevi.com.tr\/index.php\/wp-json\/wp\/v2\/types\/product"}],"wp:attachment":[{"href":"https:\/\/roveyayinevi.com.tr\/index.php\/wp-json\/wp\/v2\/media?parent=777455"}],"wp:term":[{"taxonomy":"product_brand","embeddable":true,"href":"https:\/\/roveyayinevi.com.tr\/index.php\/wp-json\/wp\/v2\/product_brand?post=777455"},{"taxonomy":"product_cat","embeddable":true,"href":"https:\/\/roveyayinevi.com.tr\/index.php\/wp-json\/wp\/v2\/product_cat?post=777455"},{"taxonomy":"product_tag","embeddable":true,"href":"https:\/\/roveyayinevi.com.tr\/index.php\/wp-json\/wp\/v2\/product_tag?post=777455"}],"curies":[{"name":"wp","href":"https:\/\/api.w.org\/{rel}","templated":true}]}}