{"id":777454,"date":"2025-10-16T04:44:09","date_gmt":"2025-10-16T01:44:09","guid":{"rendered":"https:\/\/roveyayinevi.com.tr\/index.php\/urun\/sevgili-peygamberim-gunlugumde\/"},"modified":"2026-04-15T03:43:16","modified_gmt":"2026-04-15T00:43:16","slug":"sevgili-peygamberim-gunlugumde","status":"publish","type":"product","link":"https:\/\/roveyayinevi.com.tr\/index.php\/urun\/sevgili-peygamberim-gunlugumde\/","title":{"rendered":"Sevgili Peygamberim G\u00fcnl\u00fc\u011f\u00fcmde"},"content":{"rendered":"<p>Bu g\u00fcnl\u00fck, seni Peygamberimizin hayat\u0131yla yepyeni bir yolculu\u011fa \u00e7\u0131kar\u0131yor. Her g\u00fcn bir hadisle tan\u0131\u015facak, sahabelerin dostluklar\u0131n\u0131 okuyacak, merhametle dolu sat\u0131rlarda kalbini dinleyeceksin. \u201cD\u00fc\u015f\u00fcnce Kutusu\u201dnda hayallerini yazabilir, \u201cHobi Kutusu\u201dnda e\u011flenceli anlar\u0131n\u0131 i\u015faretleyebilirsin. Bu g\u00fcnl\u00fck yaln\u0131zca bir defter de\u011fil; yol arkada\u015f\u0131n, s\u0131rlar\u0131n sakl\u0131 oldu\u011fu g\u00fcvenli kutun ve her g\u00fcn seni biraz daha b\u00fcy\u00fcten rehberin olacak.  <\/p>\n","protected":false},"excerpt":{"rendered":"<p>Bu g\u00fcnl\u00fck, seni Peygamberimizin hayat\u0131yla yepyeni bir yolculu\u011fa \u00e7\u0131kar\u0131yor. Her g\u00fcn bir hadisle tan\u0131\u015facak, sahabelerin dostluklar\u0131n\u0131 okuyacak, merhametle dolu sat\u0131rlarda kalbini dinleyeceksin. \u201cD\u00fc\u015f\u00fcnce Kutusu\u201dnda hayallerini yazabilir,<span class=\"excerpt-hellip\"> [\u2026]<\/span><\/p>\n","protected":false},"featured_media":0,"template":"","meta":{"_monsterinsights_skip_tracking":false,"_monsterinsights_sitenote_active":false,"_monsterinsights_sitenote_note":"","_monsterinsights_sitenote_category":0},"product_brand":[],"product_cat":[12274,18802],"product_tag":[],"class_list":{"0":"post-777454","1":"product","2":"type-product","3":"status-publish","5":"product_cat-cocuk-ve-genclik-kitaplari","6":"product_cat-din-egitimi","7":"pa_cilt-ciltsiz","8":"pa_tur-kitap","9":"pa_yayinevi-gulce-kitap","10":"pa_yazar-merve-sultan-gunduz","12":"first","13":"instock","14":"sale","15":"shipping-taxable","16":"purchasable","17":"product-type-simple"},"_links":{"self":[{"href":"https:\/\/roveyayinevi.com.tr\/index.php\/wp-json\/wp\/v2\/product\/777454","targetHints":{"allow":["GET"]}}],"collection":[{"href":"https:\/\/roveyayinevi.com.tr\/index.php\/wp-json\/wp\/v2\/product"}],"about":[{"href":"https:\/\/roveyayinevi.com.tr\/index.php\/wp-json\/wp\/v2\/types\/product"}],"wp:attachment":[{"href":"https:\/\/roveyayinevi.com.tr\/index.php\/wp-json\/wp\/v2\/media?parent=777454"}],"wp:term":[{"taxonomy":"product_brand","embeddable":true,"href":"https:\/\/roveyayinevi.com.tr\/index.php\/wp-json\/wp\/v2\/product_brand?post=777454"},{"taxonomy":"product_cat","embeddable":true,"href":"https:\/\/roveyayinevi.com.tr\/index.php\/wp-json\/wp\/v2\/product_cat?post=777454"},{"taxonomy":"product_tag","embeddable":true,"href":"https:\/\/roveyayinevi.com.tr\/index.php\/wp-json\/wp\/v2\/product_tag?post=777454"}],"curies":[{"name":"wp","href":"https:\/\/api.w.org\/{rel}","templated":true}]}}