{"id":777451,"date":"2025-10-16T04:44:04","date_gmt":"2025-10-16T01:44:04","guid":{"rendered":"https:\/\/roveyayinevi.com.tr\/index.php\/urun\/duygu-orkestrasi\/"},"modified":"2026-04-15T03:43:16","modified_gmt":"2026-04-15T00:43:16","slug":"duygu-orkestrasi","status":"publish","type":"product","link":"https:\/\/roveyayinevi.com.tr\/index.php\/urun\/duygu-orkestrasi\/","title":{"rendered":"Duygu Orkestras\u0131"},"content":{"rendered":"<p>\u201cHer duygunun bir sesi vard\u0131r\u2026 Peki ya sen, kendi orkestran\u0131n \u015fefi olmaya haz\u0131r m\u0131s\u0131n?\u201d   Deniz\u2019in kafas\u0131n\u0131n i\u00e7inde kocaman bir orkestra \u00e7al\u0131yor: kayg\u0131s\u0131 bir akordeon, ne\u015fesi bir fl\u00fct, korkusu dev bir davul, gururu ise co\u015fkulu bir trompet! Ama bazen hepsi ayn\u0131 anda konu\u015fuyor, ortal\u0131k karmakar\u0131\u015f\u0131k oluyor. Ta ki gizemli bir m\u00fczik kutusu ve sevimli Baton ortaya \u00e7\u0131kana kadar\u2026 Duygu Orkestras\u0131, \u00e7ocuklar\u0131 kendi i\u00e7 d\u00fcnyalar\u0131na e\u011flenceli bir yolculu\u011fa \u00e7\u0131kar\u0131yor. Renkli karakterler, sihirli bir atmosfer ve s\u00fcr\u00fckleyici bir hik\u00e2yeyle duygular\u0131m\u0131z\u0131 tan\u0131may\u0131, onlar\u0131 y\u00f6netmeyi ve i\u00e7imizdeki melodiyi bulmay\u0131 \u00f6\u011fretiyor. \u00c7\u00fcnk\u00fc her \u00e7ocuk, kendi \u015fark\u0131s\u0131n\u0131n \u015fefi olabilir!<\/p>\n","protected":false},"excerpt":{"rendered":"<p>\u201cHer duygunun bir sesi vard\u0131r\u2026 Peki ya sen, kendi orkestran\u0131n \u015fefi olmaya haz\u0131r m\u0131s\u0131n?\u201d Deniz\u2019in kafas\u0131n\u0131n i\u00e7inde kocaman bir orkestra \u00e7al\u0131yor: kayg\u0131s\u0131 bir akordeon, ne\u015fesi bir<span class=\"excerpt-hellip\"> [\u2026]<\/span><\/p>\n","protected":false},"featured_media":0,"template":"","meta":{"_monsterinsights_skip_tracking":false,"_monsterinsights_sitenote_active":false,"_monsterinsights_sitenote_note":"","_monsterinsights_sitenote_category":0},"product_brand":[],"product_cat":[12274,12284],"product_tag":[],"class_list":{"0":"post-777451","1":"product","2":"type-product","3":"status-publish","5":"product_cat-cocuk-ve-genclik-kitaplari","6":"product_cat-hikayeler","7":"pa_cilt-ciltsiz","8":"pa_tur-kitap","9":"pa_yayinevi-timas-cocuk","10":"pa_yazar-betul-karaca","12":"first","13":"instock","14":"sale","15":"shipping-taxable","16":"purchasable","17":"product-type-simple"},"_links":{"self":[{"href":"https:\/\/roveyayinevi.com.tr\/index.php\/wp-json\/wp\/v2\/product\/777451","targetHints":{"allow":["GET"]}}],"collection":[{"href":"https:\/\/roveyayinevi.com.tr\/index.php\/wp-json\/wp\/v2\/product"}],"about":[{"href":"https:\/\/roveyayinevi.com.tr\/index.php\/wp-json\/wp\/v2\/types\/product"}],"wp:attachment":[{"href":"https:\/\/roveyayinevi.com.tr\/index.php\/wp-json\/wp\/v2\/media?parent=777451"}],"wp:term":[{"taxonomy":"product_brand","embeddable":true,"href":"https:\/\/roveyayinevi.com.tr\/index.php\/wp-json\/wp\/v2\/product_brand?post=777451"},{"taxonomy":"product_cat","embeddable":true,"href":"https:\/\/roveyayinevi.com.tr\/index.php\/wp-json\/wp\/v2\/product_cat?post=777451"},{"taxonomy":"product_tag","embeddable":true,"href":"https:\/\/roveyayinevi.com.tr\/index.php\/wp-json\/wp\/v2\/product_tag?post=777451"}],"curies":[{"name":"wp","href":"https:\/\/api.w.org\/{rel}","templated":true}]}}