{"id":777450,"date":"2025-10-16T04:44:02","date_gmt":"2025-10-16T01:44:02","guid":{"rendered":"https:\/\/roveyayinevi.com.tr\/index.php\/urun\/dedem-tekrar-cocuk-oldu\/"},"modified":"2026-04-15T03:43:16","modified_gmt":"2026-04-15T00:43:16","slug":"dedem-tekrar-cocuk-oldu","status":"publish","type":"product","link":"https:\/\/roveyayinevi.com.tr\/index.php\/urun\/dedem-tekrar-cocuk-oldu\/","title":{"rendered":"Dedem Tekrar \u00c7ocuk Oldu"},"content":{"rendered":"<p>Bir gece sosyal medyada dola\u015f\u0131rken beyninize bir vir\u00fcs bula\u015ft\u0131\u011f\u0131n\u0131 hayal edin\u2026 Uyudu\u011funuz anda aktifle\u015fen bu vir\u00fcs, uyku s\u00fcreniz kadar y\u0131l\u0131n\u0131z\u0131 \u00e7al\u0131yor!    Be\u015f dakika m\u0131 uyudunuz? Ge\u00e7mi\u015f olsun, be\u015f ya\u015f k\u00fc\u00e7\u00fcld\u00fcn\u00fcz.    \u00dclke genelinde ola\u011fan\u00fcst\u00fc h\u00e2l ilan ediliyor. Papatya \u00e7ay\u0131 i\u00e7mek, ninni s\u00f6ylemek, koyun saymak ve esnemek ikinci bir emre kadar yasak!    Milyonlarca insan g\u00f6z\u00fcn\u00fc a\u00e7\u0131k tutmaya \u00e7al\u0131\u015f\u0131rken gizemli sald\u0131rgan vir\u00fcsten kurtulu\u015fun anahtar\u0131n\u0131 bir \u015fifreye gizliyor. Kahraman\u0131m\u0131z Aytek bu \u015fifrenin pe\u015finde maceralar ya\u015farken okura \u015fu mesaj iletiliyor:   \u201cTeknoloji ba\u011f\u0131ml\u0131l\u0131\u011f\u0131 konusunda uyan\u0131k ol!\u201d<\/p>\n","protected":false},"excerpt":{"rendered":"<p>Bir gece sosyal medyada dola\u015f\u0131rken beyninize bir vir\u00fcs bula\u015ft\u0131\u011f\u0131n\u0131 hayal edin\u2026 Uyudu\u011funuz anda aktifle\u015fen bu vir\u00fcs, uyku s\u00fcreniz kadar y\u0131l\u0131n\u0131z\u0131 \u00e7al\u0131yor! Be\u015f dakika m\u0131 uyudunuz? Ge\u00e7mi\u015f<span class=\"excerpt-hellip\"> [\u2026]<\/span><\/p>\n","protected":false},"featured_media":0,"template":"","meta":{"_monsterinsights_skip_tracking":false,"_monsterinsights_sitenote_active":false,"_monsterinsights_sitenote_note":"","_monsterinsights_sitenote_category":0},"product_brand":[],"product_cat":[141304],"product_tag":[],"class_list":{"0":"post-777450","1":"product","2":"type-product","3":"status-publish","5":"product_cat-yeni-cikanlar","6":"pa_cilt-ciltsiz","7":"pa_tur-kitap","8":"pa_yayinevi-timas-cocuk","9":"pa_yazar-salih-uyan","11":"first","12":"instock","13":"sale","14":"shipping-taxable","15":"purchasable","16":"product-type-simple"},"_links":{"self":[{"href":"https:\/\/roveyayinevi.com.tr\/index.php\/wp-json\/wp\/v2\/product\/777450","targetHints":{"allow":["GET"]}}],"collection":[{"href":"https:\/\/roveyayinevi.com.tr\/index.php\/wp-json\/wp\/v2\/product"}],"about":[{"href":"https:\/\/roveyayinevi.com.tr\/index.php\/wp-json\/wp\/v2\/types\/product"}],"wp:attachment":[{"href":"https:\/\/roveyayinevi.com.tr\/index.php\/wp-json\/wp\/v2\/media?parent=777450"}],"wp:term":[{"taxonomy":"product_brand","embeddable":true,"href":"https:\/\/roveyayinevi.com.tr\/index.php\/wp-json\/wp\/v2\/product_brand?post=777450"},{"taxonomy":"product_cat","embeddable":true,"href":"https:\/\/roveyayinevi.com.tr\/index.php\/wp-json\/wp\/v2\/product_cat?post=777450"},{"taxonomy":"product_tag","embeddable":true,"href":"https:\/\/roveyayinevi.com.tr\/index.php\/wp-json\/wp\/v2\/product_tag?post=777450"}],"curies":[{"name":"wp","href":"https:\/\/api.w.org\/{rel}","templated":true}]}}