{"id":777449,"date":"2025-10-16T04:44:01","date_gmt":"2025-10-16T01:44:01","guid":{"rendered":"https:\/\/roveyayinevi.com.tr\/index.php\/urun\/bir-robotun-kafasi-karisirsa\/"},"modified":"2026-04-15T03:43:16","modified_gmt":"2026-04-15T00:43:16","slug":"bir-robotun-kafasi-karisirsa","status":"publish","type":"product","link":"https:\/\/roveyayinevi.com.tr\/index.php\/urun\/bir-robotun-kafasi-karisirsa\/","title":{"rendered":"Bir Robotun Kafas\u0131 Kar\u0131\u015f\u0131rsa"},"content":{"rendered":"<p>Bir robotla arkada\u015f olabilir misin? Efe\u2019nin yeni arkada\u015f\u0131 Bulut, s\u0131radan bir arkada\u015f de\u011fil. O bir yapay zek\u00e2! \u00c7ok zeki ve \u00e7ok h\u0131zl\u0131 \u00f6\u011freniyor. Ama dikkat! Bazen kafas\u0131 fena h\u00e2lde kar\u0131\u015f\u0131yor\u2026 \u0130\u015fte o zaman kahkahalar ba\u015fl\u0131yor ve macera tam gaz devam ediyor. Sen de onlar\u0131n pe\u015fine tak\u0131l\u0131p \u015fifreler \u00e7\u00f6zmeye, posterler haz\u0131rlamaya ve bol bol g\u00fclmeye var m\u0131s\u0131n? Bu hik\u00e2ye sana teknolojiyle arkada\u015f olurken onu ak\u0131ll\u0131ca kullanman\u0131n ipu\u00e7lar\u0131n\u0131 verecek.<\/p>\n","protected":false},"excerpt":{"rendered":"<p>Bir robotla arkada\u015f olabilir misin? Efe\u2019nin yeni arkada\u015f\u0131 Bulut, s\u0131radan bir arkada\u015f de\u011fil. O bir yapay zek\u00e2! \u00c7ok zeki ve \u00e7ok h\u0131zl\u0131 \u00f6\u011freniyor. Ama dikkat! Bazen<span class=\"excerpt-hellip\"> [\u2026]<\/span><\/p>\n","protected":false},"featured_media":0,"template":"","meta":{"_monsterinsights_skip_tracking":false,"_monsterinsights_sitenote_active":false,"_monsterinsights_sitenote_note":"","_monsterinsights_sitenote_category":0},"product_brand":[],"product_cat":[12274,12284],"product_tag":[],"class_list":{"0":"post-777449","1":"product","2":"type-product","3":"status-publish","5":"product_cat-cocuk-ve-genclik-kitaplari","6":"product_cat-hikayeler","7":"pa_cilt-ciltsiz","8":"pa_tur-kitap","9":"pa_yayinevi-timas-cocuk","10":"pa_yazar-yavuz-samur","12":"first","13":"instock","14":"sale","15":"shipping-taxable","16":"purchasable","17":"product-type-simple"},"_links":{"self":[{"href":"https:\/\/roveyayinevi.com.tr\/index.php\/wp-json\/wp\/v2\/product\/777449","targetHints":{"allow":["GET"]}}],"collection":[{"href":"https:\/\/roveyayinevi.com.tr\/index.php\/wp-json\/wp\/v2\/product"}],"about":[{"href":"https:\/\/roveyayinevi.com.tr\/index.php\/wp-json\/wp\/v2\/types\/product"}],"wp:attachment":[{"href":"https:\/\/roveyayinevi.com.tr\/index.php\/wp-json\/wp\/v2\/media?parent=777449"}],"wp:term":[{"taxonomy":"product_brand","embeddable":true,"href":"https:\/\/roveyayinevi.com.tr\/index.php\/wp-json\/wp\/v2\/product_brand?post=777449"},{"taxonomy":"product_cat","embeddable":true,"href":"https:\/\/roveyayinevi.com.tr\/index.php\/wp-json\/wp\/v2\/product_cat?post=777449"},{"taxonomy":"product_tag","embeddable":true,"href":"https:\/\/roveyayinevi.com.tr\/index.php\/wp-json\/wp\/v2\/product_tag?post=777449"}],"curies":[{"name":"wp","href":"https:\/\/api.w.org\/{rel}","templated":true}]}}