{"id":777448,"date":"2025-10-16T04:43:59","date_gmt":"2025-10-16T01:43:59","guid":{"rendered":"https:\/\/roveyayinevi.com.tr\/index.php\/urun\/acil-yardim-treni\/"},"modified":"2026-04-15T03:43:16","modified_gmt":"2026-04-15T00:43:16","slug":"acil-yardim-treni","status":"publish","type":"product","link":"https:\/\/roveyayinevi.com.tr\/index.php\/urun\/acil-yardim-treni\/","title":{"rendered":"Acil Yard\u0131m Treni"},"content":{"rendered":"<p>\u0130smet ve ailesi, yeni hayatlar\u0131na ba\u015flamak \u00fczere Yard\u0131mzede Kasabas\u0131\u2019na ta\u015f\u0131n\u0131r. Ancak bu kasabada i\u015fler biraz farkl\u0131d\u0131r: Kimse kimseye yar\u0131m etmez! Tek \u00e7are meydandaki Acil Yard\u0131m Treni&#8217;ndedir. Ancak trende en insani yard\u0131m bile \u00fccret kar\u015f\u0131l\u0131\u011f\u0131nda verilmektedir.   \u0130smet, Acil Yard\u0131m Treni\u2019nin gizemini \u00e7\u00f6zmeye \u00e7al\u0131\u015f\u0131rken hem kahkahalarla g\u00fclecek hem de \u201cYard\u0131mla\u015fmak\u201d \u00fczerine derin sorularla y\u00fczle\u015feceksiniz.   E\u011flenceli dili s\u0131ra d\u0131\u015f\u0131 olay \u00f6rg\u00fcs\u00fc ve s\u0131cak aile sahneleriyle bu kitap, \u00e7ocuklara hem macera hem de de\u011fer dolu bir okuma deneyimi sunuyor.<\/p>\n","protected":false},"excerpt":{"rendered":"<p>\u0130smet ve ailesi, yeni hayatlar\u0131na ba\u015flamak \u00fczere Yard\u0131mzede Kasabas\u0131\u2019na ta\u015f\u0131n\u0131r. Ancak bu kasabada i\u015fler biraz farkl\u0131d\u0131r: Kimse kimseye yar\u0131m etmez! Tek \u00e7are meydandaki Acil Yard\u0131m Treni&#8217;ndedir.<span class=\"excerpt-hellip\"> [\u2026]<\/span><\/p>\n","protected":false},"featured_media":0,"template":"","meta":{"_monsterinsights_skip_tracking":false,"_monsterinsights_sitenote_active":false,"_monsterinsights_sitenote_note":"","_monsterinsights_sitenote_category":0},"product_brand":[],"product_cat":[141304],"product_tag":[],"class_list":{"0":"post-777448","1":"product","2":"type-product","3":"status-publish","5":"product_cat-yeni-cikanlar","6":"pa_cilt-ciltsiz","7":"pa_tur-kitap","8":"pa_yayinevi-timas-cocuk","9":"pa_yazar-huseyin-keles","11":"first","12":"instock","13":"sale","14":"shipping-taxable","15":"purchasable","16":"product-type-simple"},"_links":{"self":[{"href":"https:\/\/roveyayinevi.com.tr\/index.php\/wp-json\/wp\/v2\/product\/777448","targetHints":{"allow":["GET"]}}],"collection":[{"href":"https:\/\/roveyayinevi.com.tr\/index.php\/wp-json\/wp\/v2\/product"}],"about":[{"href":"https:\/\/roveyayinevi.com.tr\/index.php\/wp-json\/wp\/v2\/types\/product"}],"wp:attachment":[{"href":"https:\/\/roveyayinevi.com.tr\/index.php\/wp-json\/wp\/v2\/media?parent=777448"}],"wp:term":[{"taxonomy":"product_brand","embeddable":true,"href":"https:\/\/roveyayinevi.com.tr\/index.php\/wp-json\/wp\/v2\/product_brand?post=777448"},{"taxonomy":"product_cat","embeddable":true,"href":"https:\/\/roveyayinevi.com.tr\/index.php\/wp-json\/wp\/v2\/product_cat?post=777448"},{"taxonomy":"product_tag","embeddable":true,"href":"https:\/\/roveyayinevi.com.tr\/index.php\/wp-json\/wp\/v2\/product_tag?post=777448"}],"curies":[{"name":"wp","href":"https:\/\/api.w.org\/{rel}","templated":true}]}}