{"id":777444,"date":"2025-10-16T04:43:54","date_gmt":"2025-10-16T01:43:54","guid":{"rendered":"https:\/\/roveyayinevi.com.tr\/index.php\/urun\/dakika-bekcileri\/"},"modified":"2026-04-15T03:43:16","modified_gmt":"2026-04-15T00:43:16","slug":"dakika-bekcileri","status":"publish","type":"product","link":"https:\/\/roveyayinevi.com.tr\/index.php\/urun\/dakika-bekcileri\/","title":{"rendered":"Dakika Bek\u00e7ileri"},"content":{"rendered":"<p>Merhaba, Benim ad\u0131m Stevie Clipper. Babam ve ben birer &#8220;f\u0131d\u0131l&#8221;\u0131z ve bizim i\u015fimiz insanlara yard\u0131mc\u0131 olmak. Bunu yapmak i\u00e7inse sadece bir dakikam\u0131z var.   \u0130nsanlar bizi g\u00f6remez. Kendimizi insanlara g\u00f6stermeye de \u00e7al\u0131\u015famay\u0131z. Kula\u011fa mant\u0131ks\u0131z gelse de kural b\u00f6yle. Ama ben&#8230; Benim kurallarla aram hi\u00e7 iyi de\u011fil. \u00d6zellikle de sevdi\u011fim insan\u0131n ba\u015f\u0131 b\u00fcy\u00fck dertteyse&#8230;   &#8220;\u0130nsan\u0131n i\u00e7ini \u0131s\u0131tan, g\u00fcld\u00fcren ve bir o kadar da maceraya s\u00fcr\u00fckleyen bir kitap.&#8221; -A. F. Harrold, \u00c7ok Satan Yazar<\/p>\n","protected":false},"excerpt":{"rendered":"<p>Merhaba, Benim ad\u0131m Stevie Clipper. Babam ve ben birer &#8220;f\u0131d\u0131l&#8221;\u0131z ve bizim i\u015fimiz insanlara yard\u0131mc\u0131 olmak. Bunu yapmak i\u00e7inse sadece bir dakikam\u0131z var. \u0130nsanlar bizi g\u00f6remez.<span class=\"excerpt-hellip\"> [\u2026]<\/span><\/p>\n","protected":false},"featured_media":0,"template":"","meta":{"_monsterinsights_skip_tracking":false,"_monsterinsights_sitenote_active":false,"_monsterinsights_sitenote_note":"","_monsterinsights_sitenote_category":0},"product_brand":[],"product_cat":[141304],"product_tag":[],"class_list":{"0":"post-777444","1":"product","2":"type-product","3":"status-publish","5":"product_cat-yeni-cikanlar","6":"pa_cilt-ciltsiz","7":"pa_tur-kitap","8":"pa_yayinevi-genc-timas","9":"pa_yazar-mary-murphy","11":"first","12":"instock","13":"sale","14":"shipping-taxable","15":"purchasable","16":"product-type-simple"},"_links":{"self":[{"href":"https:\/\/roveyayinevi.com.tr\/index.php\/wp-json\/wp\/v2\/product\/777444","targetHints":{"allow":["GET"]}}],"collection":[{"href":"https:\/\/roveyayinevi.com.tr\/index.php\/wp-json\/wp\/v2\/product"}],"about":[{"href":"https:\/\/roveyayinevi.com.tr\/index.php\/wp-json\/wp\/v2\/types\/product"}],"wp:attachment":[{"href":"https:\/\/roveyayinevi.com.tr\/index.php\/wp-json\/wp\/v2\/media?parent=777444"}],"wp:term":[{"taxonomy":"product_brand","embeddable":true,"href":"https:\/\/roveyayinevi.com.tr\/index.php\/wp-json\/wp\/v2\/product_brand?post=777444"},{"taxonomy":"product_cat","embeddable":true,"href":"https:\/\/roveyayinevi.com.tr\/index.php\/wp-json\/wp\/v2\/product_cat?post=777444"},{"taxonomy":"product_tag","embeddable":true,"href":"https:\/\/roveyayinevi.com.tr\/index.php\/wp-json\/wp\/v2\/product_tag?post=777444"}],"curies":[{"name":"wp","href":"https:\/\/api.w.org\/{rel}","templated":true}]}}