{"id":777438,"date":"2025-10-16T04:43:42","date_gmt":"2025-10-16T01:43:42","guid":{"rendered":"https:\/\/roveyayinevi.com.tr\/index.php\/urun\/ibn-teymiyye-ve-vehhabilik\/"},"modified":"2026-04-15T03:43:16","modified_gmt":"2026-04-15T00:43:16","slug":"ibn-teymiyye-ve-vehhabilik","status":"publish","type":"product","link":"https:\/\/roveyayinevi.com.tr\/index.php\/urun\/ibn-teymiyye-ve-vehhabilik\/","title":{"rendered":"\u0130bn Teymiyye ve Vehhabilik"},"content":{"rendered":"<p>\u0130bn Teymiyye, kaleme ald\u0131\u011f\u0131 eserler ve ortaya koydu\u011fu d\u00fc\u015f\u00fcncelerle \u0130slam d\u00fc\u015f\u00fcnce tarihini derinden etkilemi\u015f \u00f6nemli bir isimdir. Farkl\u0131 alanlarda geli\u015ftirdi\u011fi fikirler, d\u00f6neminde b\u00fcy\u00fck yank\u0131 uyand\u0131rm\u0131\u015f, hem yo\u011fun destek hem de sert ele\u015ftirilerle kar\u015f\u0131la\u015fm\u0131\u015ft\u0131r. \u0130bn Teymiyye, 18. y\u00fczy\u0131lda ortaya \u00e7\u0131kan Vehhabilik hareketiyle birlikte adeta yeniden ke\u015ffedilmi\u015ftir. Vehhabiler tevess\u00fcl, isti\u011fase, kabir, t\u00fcrbe, tekfir ve vel\u00e2-ber\u00e2 meseleleriyle ilgili g\u00f6r\u00fc\u015flerinin temelini b\u00fcy\u00fck \u00f6l\u00e7\u00fcde \u0130bn Teymiyye\u2019ye dayand\u0131rm\u0131\u015f; ancak onun d\u00fc\u015f\u00fcnsel miras\u0131n\u0131 zaman zaman ba\u011flam\u0131ndan kopararak kendi ideolojik yakla\u015f\u0131mlar\u0131n\u0131 destekleyecek bi\u00e7imde yorumlam\u0131\u015flard\u0131r. Uzun y\u0131llar boyunca \u0130bn Teymiyye, gerek T\u00fcrkiye\u2019de gerekse Arap ve Bat\u0131 d\u00fcnyas\u0131nda, radikalizme zemin haz\u0131rlayan; felsefe, kelam ve mant\u0131k kar\u015f\u0131t\u0131; tasavvufu, evliya inanc\u0131n\u0131 ve kerameti reddeden bir d\u00fc\u015f\u00fcn\u00fcr olarak tan\u0131mlanagelmi\u015ftir. Ancak bu indirgemeci ve hatal\u0131 tasavvurun sorgulanmas\u0131, \u0130bn Teymiyye hakk\u0131nda daha dengeli ve b\u00fct\u00fcnc\u00fcl bir bak\u0131\u015f a\u00e7\u0131s\u0131n\u0131n olu\u015fmas\u0131 gerekmektedir. Dr. Kerim Polat\u2019\u0131n kaleme ald\u0131\u011f\u0131 bu eser, \u0130bn Teymiyye\u2019nin tevhid anlay\u0131\u015f\u0131n\u0131 betimleyici bir \u015fekilde ortaya koymakta ve bu anlay\u0131\u015f\u0131n Vehhabi d\u00fc\u015f\u00fcncesi \u00fczerindeki etkilerini m\u00fcmk\u00fcn oldu\u011funca objektif bir bi\u00e7imde analiz etmektetir. B\u00f6ylece, g\u00fcn\u00fcm\u00fczde Selefi-Vehhabi \u00e7evrelerle farkl\u0131 M\u00fcsl\u00fcman gruplar aras\u0131ndaki tart\u0131\u015fmalarda \u0130bn Teymiyye\u2019nin ne \u00f6l\u00e7\u00fcde do\u011fru referans al\u0131nd\u0131\u011f\u0131n\u0131 ve onun radikalizm i\u00e7in ger\u00e7ekten bir fikr\u00ee temel sunup sunmad\u0131\u011f\u0131n\u0131 sorgulamaktad\u0131r.<\/p>\n","protected":false},"excerpt":{"rendered":"<p>\u0130bn Teymiyye, kaleme ald\u0131\u011f\u0131 eserler ve ortaya koydu\u011fu d\u00fc\u015f\u00fcncelerle \u0130slam d\u00fc\u015f\u00fcnce tarihini derinden etkilemi\u015f \u00f6nemli bir isimdir. Farkl\u0131 alanlarda geli\u015ftirdi\u011fi fikirler, d\u00f6neminde b\u00fcy\u00fck yank\u0131 uyand\u0131rm\u0131\u015f, hem<span class=\"excerpt-hellip\"> [\u2026]<\/span><\/p>\n","protected":false},"featured_media":0,"template":"","meta":{"_monsterinsights_skip_tracking":false,"_monsterinsights_sitenote_active":false,"_monsterinsights_sitenote_note":"","_monsterinsights_sitenote_category":0},"product_brand":[],"product_cat":[12718,12719,12720],"product_tag":[],"class_list":{"0":"post-777438","1":"product","2":"type-product","3":"status-publish","5":"product_cat-din","6":"product_cat-islam","7":"product_cat-tasavvuf-mezhepler-tarikatlar","8":"pa_cilt-ciltsiz","9":"pa_tur-kitap","10":"pa_yayinevi-timas-akademi-yayinlari","11":"pa_yazar-kerim-polat","13":"first","14":"instock","15":"sale","16":"shipping-taxable","17":"purchasable","18":"product-type-simple"},"_links":{"self":[{"href":"https:\/\/roveyayinevi.com.tr\/index.php\/wp-json\/wp\/v2\/product\/777438","targetHints":{"allow":["GET"]}}],"collection":[{"href":"https:\/\/roveyayinevi.com.tr\/index.php\/wp-json\/wp\/v2\/product"}],"about":[{"href":"https:\/\/roveyayinevi.com.tr\/index.php\/wp-json\/wp\/v2\/types\/product"}],"wp:attachment":[{"href":"https:\/\/roveyayinevi.com.tr\/index.php\/wp-json\/wp\/v2\/media?parent=777438"}],"wp:term":[{"taxonomy":"product_brand","embeddable":true,"href":"https:\/\/roveyayinevi.com.tr\/index.php\/wp-json\/wp\/v2\/product_brand?post=777438"},{"taxonomy":"product_cat","embeddable":true,"href":"https:\/\/roveyayinevi.com.tr\/index.php\/wp-json\/wp\/v2\/product_cat?post=777438"},{"taxonomy":"product_tag","embeddable":true,"href":"https:\/\/roveyayinevi.com.tr\/index.php\/wp-json\/wp\/v2\/product_tag?post=777438"}],"curies":[{"name":"wp","href":"https:\/\/api.w.org\/{rel}","templated":true}]}}