{"id":777435,"date":"2025-10-16T04:43:37","date_gmt":"2025-10-16T01:43:37","guid":{"rendered":"https:\/\/roveyayinevi.com.tr\/index.php\/urun\/iskenderiye-dunyayi-degistiren-sehir\/"},"modified":"2026-04-15T03:43:16","modified_gmt":"2026-04-15T00:43:16","slug":"iskenderiye-dunyayi-degistiren-sehir","status":"publish","type":"product","link":"https:\/\/roveyayinevi.com.tr\/index.php\/urun\/iskenderiye-dunyayi-degistiren-sehir\/","title":{"rendered":"\u0130skenderiye: D\u00fcnyay\u0131 De\u011fi\u015ftiren \u015eehir"},"content":{"rendered":"<p>Homeros&#8217;un \u00f6yk\u00fclerinden ilham alan B\u00fcy\u00fck \u0130skender, bir imparatorluk kurma arzusuyla Akdeniz\u2019i a\u015f\u0131p M\u0131s\u0131r\u2019a \u00e7\u0131kt\u0131\u011f\u0131nda Afrika, Avrupa ve Asya&#8217;n\u0131n kesi\u015fti\u011fi noktada kendi ad\u0131n\u0131 ta\u015f\u0131yan bir \u015fehir olsun istedi. Asl\u0131nda bu bir istekten ziyade, b\u00fcy\u00fck bir vizyondu. Ne var ki 33 y\u0131ll\u0131k k\u0131sac\u0131k hayat\u0131, ad\u0131n\u0131 \u00f6l\u00fcms\u00fczle\u015ftiren \u0130skenderiye \u015fehrinin in\u015fas\u0131n\u0131 g\u00f6rmeye yetmedi. Ama \u015fehri kurarken kafas\u0131nda canlanan \u00e7ok k\u00fclt\u00fcrl\u00fc ve \u0131\u015f\u0131lt\u0131l\u0131 bir metropol vizyonu bug\u00fcn h\u00e2l\u00e2 ayakta.\u0130skenderiye&#8217;de b\u00fcy\u00fck medeniyetler bulu\u015ftu. Bu \u015fehir Yunan, M\u0131s\u0131r, Roma ve \u0130brani etkisiyle muazzam bir bilgi ba\u015fkenti haline geldi. Araplar ve Osmanl\u0131lardan Frans\u0131zlar ve \u0130ngilizlere kadar sonraki imparatorluklar taraf\u0131ndan, zorlu sava\u015flarla ele ge\u00e7irildi, ancak \u0130skenderiye\u2019nin ba\u011f\u0131ms\u0131z ruhu varl\u0131\u011f\u0131n\u0131 s\u00fcrd\u00fcrmeye devam etti.Islam Issa tutkuyla yakla\u015ft\u0131\u011f\u0131 \u0130skenderiye \u00fczerinden eski d\u00fcnyan\u0131n uzun hik\u00e2yesini anlat\u0131yor. Bu bir \u015fehrin hik\u00e2yesi, Akdeniz k\u0131y\u0131s\u0131ndaki bir denizk\u0131z\u0131n\u0131n hik\u00e2yesi, ama ayn\u0131 zamanda Truval\u0131 Helen\u2019in, Homeros\u2019un, Aristoteles\u2019in, Julius Sezar\u2019\u0131n, Kleopatra\u2019n\u0131n, Aziz Markos\u2019un, Hz. Muhammed\u2019in, \u0130bn Battuta\u2019n\u0131n, Napolyon Bonapart\u2019\u0131n, Amiral Nelson\u2019un, E. M. Forster\u2019\u0131n ve Cemal Abd\u00fcnn\u00e2s\u0131r\u2019\u0131n hik\u00e2yesi\u2026 \u201cSanki Islam Issa bu kitab\u0131 yazmak i\u00e7in do\u011fmu\u015f gibi.\u201dPaul Strathern, The Medici\u2019nin yazar\u0131\u201cHem dokunakl\u0131 bir aile an\u0131s\u0131 hem heyecan verici bir seyahat kitab\u0131, hem de d\u00fcnyan\u0131n en heyecan verici \u015fehirlerinden birinin kapsaml\u0131 tarihi.\u201dMichael Wood, In the Footsteps of Alexander the Great\u2019in yazar\u0131<\/p>\n","protected":false},"excerpt":{"rendered":"<p>Homeros&#8217;un \u00f6yk\u00fclerinden ilham alan B\u00fcy\u00fck \u0130skender, bir imparatorluk kurma arzusuyla Akdeniz\u2019i a\u015f\u0131p M\u0131s\u0131r\u2019a \u00e7\u0131kt\u0131\u011f\u0131nda Afrika, Avrupa ve Asya&#8217;n\u0131n kesi\u015fti\u011fi noktada kendi ad\u0131n\u0131 ta\u015f\u0131yan bir \u015fehir olsun<span class=\"excerpt-hellip\"> [\u2026]<\/span><\/p>\n","protected":false},"featured_media":0,"template":"","meta":{"_monsterinsights_skip_tracking":false,"_monsterinsights_sitenote_active":false,"_monsterinsights_sitenote_note":"","_monsterinsights_sitenote_category":0},"product_brand":[],"product_cat":[12304],"product_tag":[],"class_list":{"0":"post-777435","1":"product","2":"type-product","3":"status-publish","5":"product_cat-tarih","6":"pa_cilt-ciltsiz","7":"pa_tur-kitap","8":"pa_yayinevi-timas-yayinlari","9":"pa_yazar-islam-issa","11":"first","12":"instock","13":"sale","14":"shipping-taxable","15":"purchasable","16":"product-type-simple"},"_links":{"self":[{"href":"https:\/\/roveyayinevi.com.tr\/index.php\/wp-json\/wp\/v2\/product\/777435","targetHints":{"allow":["GET"]}}],"collection":[{"href":"https:\/\/roveyayinevi.com.tr\/index.php\/wp-json\/wp\/v2\/product"}],"about":[{"href":"https:\/\/roveyayinevi.com.tr\/index.php\/wp-json\/wp\/v2\/types\/product"}],"wp:attachment":[{"href":"https:\/\/roveyayinevi.com.tr\/index.php\/wp-json\/wp\/v2\/media?parent=777435"}],"wp:term":[{"taxonomy":"product_brand","embeddable":true,"href":"https:\/\/roveyayinevi.com.tr\/index.php\/wp-json\/wp\/v2\/product_brand?post=777435"},{"taxonomy":"product_cat","embeddable":true,"href":"https:\/\/roveyayinevi.com.tr\/index.php\/wp-json\/wp\/v2\/product_cat?post=777435"},{"taxonomy":"product_tag","embeddable":true,"href":"https:\/\/roveyayinevi.com.tr\/index.php\/wp-json\/wp\/v2\/product_tag?post=777435"}],"curies":[{"name":"wp","href":"https:\/\/api.w.org\/{rel}","templated":true}]}}