{"id":777434,"date":"2025-10-16T04:43:36","date_gmt":"2025-10-16T01:43:36","guid":{"rendered":"https:\/\/roveyayinevi.com.tr\/index.php\/urun\/bilim-ne-degildir\/"},"modified":"2026-04-15T03:43:16","modified_gmt":"2026-04-15T00:43:16","slug":"bilim-ne-degildir","status":"publish","type":"product","link":"https:\/\/roveyayinevi.com.tr\/index.php\/urun\/bilim-ne-degildir\/","title":{"rendered":"Bilim Ne De\u011fildir?"},"content":{"rendered":"<p>Bilim, her soruya cevap verebilir mi? Do\u011fa bilimleri d\u0131\u015f\u0131ndaki bilgi t\u00fcrleri de\u011fersiz midir? Din ile bilim aras\u0131nda ka\u00e7\u0131n\u0131lmaz bir \u00e7at\u0131\u015fma m\u0131 vard\u0131r? Bilim tarihi, dinin bilime engel oldu\u011funu mu g\u00f6stermektedir? Din, toplumun d\u00fc\u015fman\u0131 m\u0131d\u0131r? M\u00fcsl\u00fcman toplumlar\u0131n geri kalm\u0131\u015f olmalar\u0131n\u0131n sebebi \u0130slam m\u0131d\u0131r? Sek\u00fclerle\u015fme \u00e7a\u011f\u0131nda din, birey ve toplum i\u00e7in ne ifade etmektedir? Dinlerin sonu gelmi\u015f midir?T\u00fcrkiye\u2019nin \u00f6nemli sosyal bilimcilerinden Alper Bilgili, bu kitab\u0131nda, ele\u015ftirel ve usta kalemiyle Yeni Ateizmin bu ve benzeri bir\u00e7ok iddias\u0131n\u0131 sorguluyor, tarihsel ve bilimsel kan\u0131tlarla din ve bilim ili\u015fkisine dair ger\u00e7ek\u00e7i bir resim \u00e7iziyor. G\u00fc\u00e7l\u00fc arg\u00fcmanlarla desteklenen bu kapsaml\u0131 \u00e7al\u0131\u015fma, bilim-din ili\u015fkisi ekseninde yap\u0131lan tart\u0131\u015fmalar\u0131n ideolojilerin esiri olmaktan kurtar\u0131lmas\u0131na \u00f6nemli bir katk\u0131 sunacakt\u0131r. \u201cAlper Bilgili\u2019nin Bilim Ne De\u011fildir? adl\u0131 eseri, bilimin do\u011fas\u0131, ama\u00e7lar\u0131 ve me\u015fru s\u0131n\u0131rlar\u0131 \u00fczerine yap\u0131lan pop\u00fcler ve akademik tart\u0131\u015fmalara T\u00fcrkiye\u2019den ciddi ve \u00f6nemli bir katk\u0131 niteli\u011finde. Teorik fizik\u00e7i bir okur olarak, metindeki yakla\u015f\u0131m bana bir kuramsal fizik\u00e7inin, teoremleri analiz etmedeki titizli\u011fini hat\u0131rlatt\u0131: \u00f6n kabulleri g\u00f6r\u00fcn\u00fcr k\u0131lmak, bu aksiyomlar\u0131n \u00e7eli\u015fki \u00fcretip \u00fcretmedi\u011fini s\u0131namak, aksiyomlara dayanan \u00e7\u0131karsamalar\u0131n do\u011fal sonu\u00e7lar\u0131n\u0131 g\u00fcncel verilerle test etmek. Bilgili, aksiyom-sonu\u00e7 zincirini ad\u0131m ad\u0131m kuran \u00fcslubu ve berrak y\u00f6ntemiyle arg\u00fcmanlar\u0131 sa\u011flam bir \u00e7er\u00e7evede sunuyor ve din-bilim tart\u0131\u015fmas\u0131n\u0131 \u2018\u00e7at\u0131\u015fma\u2019 kli\u015fesinin \u00f6tesine ta\u015f\u0131yor.\u201d  Prof. Dr. Emre Onur Kahya\u0130T\u00dc Fizik B\u00f6l\u00fcm\u00fc \u00d6\u011fretim \u00dcyesi<\/p>\n","protected":false},"excerpt":{"rendered":"<p>Bilim, her soruya cevap verebilir mi? Do\u011fa bilimleri d\u0131\u015f\u0131ndaki bilgi t\u00fcrleri de\u011fersiz midir? Din ile bilim aras\u0131nda ka\u00e7\u0131n\u0131lmaz bir \u00e7at\u0131\u015fma m\u0131 vard\u0131r? Bilim tarihi, dinin bilime<span class=\"excerpt-hellip\"> [\u2026]<\/span><\/p>\n","protected":false},"featured_media":0,"template":"","meta":{"_monsterinsights_skip_tracking":false,"_monsterinsights_sitenote_active":false,"_monsterinsights_sitenote_note":"","_monsterinsights_sitenote_category":0},"product_brand":[],"product_cat":[13005,15998],"product_tag":[],"class_list":{"0":"post-777434","1":"product","2":"type-product","3":"status-publish","5":"product_cat-bilim-muhendislik","6":"product_cat-bilim-tarihi","7":"pa_cilt-ciltsiz","8":"pa_tur-kitap","9":"pa_yayinevi-timas-yayinlari","10":"pa_yazar-alper-bilgili","12":"first","13":"instock","14":"sale","15":"shipping-taxable","16":"purchasable","17":"product-type-simple"},"_links":{"self":[{"href":"https:\/\/roveyayinevi.com.tr\/index.php\/wp-json\/wp\/v2\/product\/777434","targetHints":{"allow":["GET"]}}],"collection":[{"href":"https:\/\/roveyayinevi.com.tr\/index.php\/wp-json\/wp\/v2\/product"}],"about":[{"href":"https:\/\/roveyayinevi.com.tr\/index.php\/wp-json\/wp\/v2\/types\/product"}],"wp:attachment":[{"href":"https:\/\/roveyayinevi.com.tr\/index.php\/wp-json\/wp\/v2\/media?parent=777434"}],"wp:term":[{"taxonomy":"product_brand","embeddable":true,"href":"https:\/\/roveyayinevi.com.tr\/index.php\/wp-json\/wp\/v2\/product_brand?post=777434"},{"taxonomy":"product_cat","embeddable":true,"href":"https:\/\/roveyayinevi.com.tr\/index.php\/wp-json\/wp\/v2\/product_cat?post=777434"},{"taxonomy":"product_tag","embeddable":true,"href":"https:\/\/roveyayinevi.com.tr\/index.php\/wp-json\/wp\/v2\/product_tag?post=777434"}],"curies":[{"name":"wp","href":"https:\/\/api.w.org\/{rel}","templated":true}]}}