{"id":777432,"date":"2025-10-16T04:43:31","date_gmt":"2025-10-16T01:43:31","guid":{"rendered":"https:\/\/roveyayinevi.com.tr\/index.php\/urun\/aileni-suclamayi-birak-olgunlasmaya-bak\/"},"modified":"2026-04-15T03:43:16","modified_gmt":"2026-04-15T00:43:16","slug":"aileni-suclamayi-birak-olgunlasmaya-bak","status":"publish","type":"product","link":"https:\/\/roveyayinevi.com.tr\/index.php\/urun\/aileni-suclamayi-birak-olgunlasmaya-bak\/","title":{"rendered":"Aileni Su\u00e7lamay\u0131 B\u0131rak Olgunla\u015fmaya Bak"},"content":{"rendered":"<p>Bir d\u00f6nem \u201cailenizi ba\u011f\u0131\u015flay\u0131n\u201d, \u201cailenizi sevin\u201d \u00f6\u011f\u00fctlerini duyduk. Ne ya\u015fad\u0131\u011f\u0131m\u0131za ne hissetti\u011fimize odaklanmadan kendimizi bunu yapmak zorunda hissettik. Bir d\u00f6nem iyi ailenin olmad\u0131\u011f\u0131n\u0131, ailemizi affetmeyebilece\u011fimizi, ailemizin yanl\u0131\u015f yapt\u0131\u011f\u0131n\u0131 duyduk. Ac\u0131 \u00e7ektik, uzakla\u015fmak istedik. \u015eimdi bu kitapta ise ailenizle olan ili\u015fkilerinizde \u00e7ocuklu\u011funuza tak\u0131l\u0131 kalmaktansa yeti\u015fkin olma sorumlulu\u011funu kazanmam\u0131z gerekti\u011fini ruhunuzun derinliklerinde duyumsayacaks\u0131n\u0131z.Haz\u0131rsan\u0131z e\u011fer, \u00e7ocukluktan yeti\u015fkinli\u011fe uzanan yolculu\u011fumuz ba\u015fl\u0131yor\u2026 Klinik Psikolog \u0130rem Oturakl\u0131o\u011flu Kaya, ge\u00e7mi\u015fe tak\u0131l\u0131 kalmak ve birilerini su\u00e7lamak yerine hayat\u0131m\u0131z\u0131n sorumlulu\u011funu \u00fczerimize al\u0131p yeni bir rota \u00e7izecek g\u00fcc\u00fc bulmam\u0131za yard\u0131mc\u0131 oluyor.Ge\u00e7mi\u015fle ve kendimizle kavga etmeden, anne babam\u0131z\u0131 su\u00e7lamadan olgunla\u015fmaya giden yola do\u011fru bir ba\u015flang\u0131\u00e7\u2026<\/p>\n","protected":false},"excerpt":{"rendered":"<p>Bir d\u00f6nem \u201cailenizi ba\u011f\u0131\u015flay\u0131n\u201d, \u201cailenizi sevin\u201d \u00f6\u011f\u00fctlerini duyduk. Ne ya\u015fad\u0131\u011f\u0131m\u0131za ne hissetti\u011fimize odaklanmadan kendimizi bunu yapmak zorunda hissettik. Bir d\u00f6nem iyi ailenin olmad\u0131\u011f\u0131n\u0131, ailemizi affetmeyebilece\u011fimizi, ailemizin<span class=\"excerpt-hellip\"> [\u2026]<\/span><\/p>\n","protected":false},"featured_media":0,"template":"","meta":{"_monsterinsights_skip_tracking":false,"_monsterinsights_sitenote_active":false,"_monsterinsights_sitenote_note":"","_monsterinsights_sitenote_category":0},"product_brand":[],"product_cat":[141304],"product_tag":[],"class_list":{"0":"post-777432","1":"product","2":"type-product","3":"status-publish","5":"product_cat-yeni-cikanlar","6":"pa_cilt-ciltsiz","7":"pa_tur-kitap","8":"pa_yayinevi-timas-yayinlari","9":"pa_yazar-irem-oturaklioglu-kaya","11":"first","12":"instock","13":"sale","14":"shipping-taxable","15":"purchasable","16":"product-type-simple"},"_links":{"self":[{"href":"https:\/\/roveyayinevi.com.tr\/index.php\/wp-json\/wp\/v2\/product\/777432","targetHints":{"allow":["GET"]}}],"collection":[{"href":"https:\/\/roveyayinevi.com.tr\/index.php\/wp-json\/wp\/v2\/product"}],"about":[{"href":"https:\/\/roveyayinevi.com.tr\/index.php\/wp-json\/wp\/v2\/types\/product"}],"wp:attachment":[{"href":"https:\/\/roveyayinevi.com.tr\/index.php\/wp-json\/wp\/v2\/media?parent=777432"}],"wp:term":[{"taxonomy":"product_brand","embeddable":true,"href":"https:\/\/roveyayinevi.com.tr\/index.php\/wp-json\/wp\/v2\/product_brand?post=777432"},{"taxonomy":"product_cat","embeddable":true,"href":"https:\/\/roveyayinevi.com.tr\/index.php\/wp-json\/wp\/v2\/product_cat?post=777432"},{"taxonomy":"product_tag","embeddable":true,"href":"https:\/\/roveyayinevi.com.tr\/index.php\/wp-json\/wp\/v2\/product_tag?post=777432"}],"curies":[{"name":"wp","href":"https:\/\/api.w.org\/{rel}","templated":true}]}}