{"id":777431,"date":"2025-10-16T04:43:30","date_gmt":"2025-10-16T01:43:30","guid":{"rendered":"https:\/\/roveyayinevi.com.tr\/index.php\/urun\/gozler-gazzede-yok-edilmeye-taniklik\/"},"modified":"2026-04-12T03:33:28","modified_gmt":"2026-04-12T00:33:28","slug":"gozler-gazzede-yok-edilmeye-taniklik","status":"publish","type":"product","link":"https:\/\/roveyayinevi.com.tr\/index.php\/urun\/gozler-gazzede-yok-edilmeye-taniklik\/","title":{"rendered":"G\u00f6zler Gazze\u2019de Yok Edilmeye Tan\u0131kl\u0131k"},"content":{"rendered":"<p>7 Ekim&#8217;den sonra Gazze&#8217;de ger\u00e7ekten neler oldu\u011funu tam idrak edebilmi\u015f de\u011filiz. \u0130\u015fte bu kitap, bu s\u00fcre\u00e7te Gazze&#8217;nin nas\u0131l bir ablukaya al\u0131nd\u0131\u011f\u0131n\u0131 ve d\u00fcnyan\u0131n g\u00f6z\u00fc \u00f6n\u00fcnde nas\u0131l bir etnik temizlik sahas\u0131na \u00e7evrildi\u011fini ortaya koyuyor.Gazze&#8217;de ba\u015flayan k\u0131y\u0131m, hayat\u0131n\u0131 kaybedenlerin say\u0131s\u0131yla de\u011fil, insanl\u0131k haf\u0131zas\u0131na kaz\u0131nan derin yaralarla \u00f6l\u00e7\u00fclebilir. G\u00f6zler Gazze&#8217;de, bombalar\u0131n g\u00f6lgesinde ya\u015famaya mahkum edilen bir halk\u0131n; her g\u00fcn biraz daha kararan d\u00fcnyan\u0131n g\u00f6zleri \u00f6n\u00fcnde yok edili\u015fine tan\u0131kl\u0131k ediyor. Khaled A. Beydoun, soyk\u0131r\u0131m\u0131n dijital \u00e7a\u011fda nas\u0131l belgelendi\u011fini, medyan\u0131n nas\u0131l b\u00fcy\u00fck bir ikiy\u00fczl\u00fcl\u00fck sergiledi\u011fini, M\u00fcsl\u00fcmanlar\u0131n katledilmesindeki pervas\u0131zl\u0131\u011f\u0131n nas\u0131l bir bilin\u00e7alt\u0131yla \u015fekillendi\u011fini ve Filistin halk\u0131n\u0131n yok edili\u015fine kar\u015f\u0131 d\u00fcnyan\u0131n hangi s\u0131navlarla y\u00fczle\u015fti\u011fini anlat\u0131yor. Bu kitap, bir \u00e7a\u011fr\u0131! Emperyal tarihe kar\u015f\u0131 sessiz kalmamaya, tan\u0131k oldu\u011fumuz deh\u015feti ink\u00e2r etmemeye, haf\u0131zam\u0131z\u0131 diri tutmaya bir \u00e7a\u011fr\u0131&#8230;<\/p>\n","protected":false},"excerpt":{"rendered":"<p>7 Ekim&#8217;den sonra Gazze&#8217;de ger\u00e7ekten neler oldu\u011funu tam idrak edebilmi\u015f de\u011filiz. \u0130\u015fte bu kitap, bu s\u00fcre\u00e7te Gazze&#8217;nin nas\u0131l bir ablukaya al\u0131nd\u0131\u011f\u0131n\u0131 ve d\u00fcnyan\u0131n g\u00f6z\u00fc \u00f6n\u00fcnde nas\u0131l<span class=\"excerpt-hellip\"> [\u2026]<\/span><\/p>\n","protected":false},"featured_media":0,"template":"","meta":{"_monsterinsights_skip_tracking":false,"_monsterinsights_sitenote_active":false,"_monsterinsights_sitenote_note":"","_monsterinsights_sitenote_category":0},"product_brand":[],"product_cat":[20085,12337],"product_tag":[],"class_list":{"0":"post-777431","1":"product","2":"type-product","3":"status-publish","5":"product_cat-islam-ortadogu","6":"product_cat-politika-siyaset","7":"pa_cilt-ciltsiz","8":"pa_tur-kitap","9":"pa_yayinevi-timas-yayinlari","10":"pa_yazar-khaled-a-beydoun","12":"first","13":"instock","14":"sale","15":"shipping-taxable","16":"purchasable","17":"product-type-simple"},"_links":{"self":[{"href":"https:\/\/roveyayinevi.com.tr\/index.php\/wp-json\/wp\/v2\/product\/777431","targetHints":{"allow":["GET"]}}],"collection":[{"href":"https:\/\/roveyayinevi.com.tr\/index.php\/wp-json\/wp\/v2\/product"}],"about":[{"href":"https:\/\/roveyayinevi.com.tr\/index.php\/wp-json\/wp\/v2\/types\/product"}],"wp:attachment":[{"href":"https:\/\/roveyayinevi.com.tr\/index.php\/wp-json\/wp\/v2\/media?parent=777431"}],"wp:term":[{"taxonomy":"product_brand","embeddable":true,"href":"https:\/\/roveyayinevi.com.tr\/index.php\/wp-json\/wp\/v2\/product_brand?post=777431"},{"taxonomy":"product_cat","embeddable":true,"href":"https:\/\/roveyayinevi.com.tr\/index.php\/wp-json\/wp\/v2\/product_cat?post=777431"},{"taxonomy":"product_tag","embeddable":true,"href":"https:\/\/roveyayinevi.com.tr\/index.php\/wp-json\/wp\/v2\/product_tag?post=777431"}],"curies":[{"name":"wp","href":"https:\/\/api.w.org\/{rel}","templated":true}]}}