{"id":777425,"date":"2025-10-16T04:43:20","date_gmt":"2025-10-16T01:43:20","guid":{"rendered":"https:\/\/roveyayinevi.com.tr\/index.php\/urun\/getto\/"},"modified":"2026-04-15T03:43:15","modified_gmt":"2026-04-15T00:43:15","slug":"getto","status":"publish","type":"product","link":"https:\/\/roveyayinevi.com.tr\/index.php\/urun\/getto\/","title":{"rendered":"Getto"},"content":{"rendered":"<p>Getto, erken d\u00f6nem Chicago Ekol\u00fcn\u00fcn en bilinen vaka incelemelerindendir. 1928\u2019de yay\u0131mlanan eser, Park, Burgess ve McKenzie\u2019nin geli\u015ftirdi\u011fi \u201cinsan ekolojisi\u201d yakla\u015f\u0131m\u0131 ile \u201ce\u015f merkezli b\u00f6lgeler\u201d modelinin en yetkin \u00f6rneklerinden biridir. Wirth, Yahudi gettosunun tarihsel seyri ve Chicago\u2019daki geli\u015fimini \u201cdo\u011fal tarih\u201d yakla\u015f\u0131m\u0131 i\u00e7inde ele al\u0131r; mek\u00e2nsal da\u011f\u0131l\u0131m ile k\u00fclt\u00fcrel entegrasyonu birlikte d\u00fc\u015f\u00fcnerek, do\u011fal ve ka\u00e7\u0131n\u0131lmaz varsay\u0131lan temas, rekabet, uyum ve asimilasyon d\u00f6ng\u00fcs\u00fcn\u00fc Chicago Yahudi toplulu\u011fu \u00fczerinden s\u0131nar: Gettodan d\u0131\u015fa do\u011fru hareketlilik, Yahudilerin toplumsal y\u00fckseli\u015fi ve Amerika\u2019ya entegrasyonunu simgeler. Bu s\u00fcre\u00e7, yazar\u0131n kaleminde iki toplumsal tipte cisimle\u015fir: getto i\u00e7inde kalm\u0131\u015f Ortodoks Yahudi ile gettodan \u00e7\u0131km\u0131\u015f kozmopolit Yahudi. Asimilasyon yolundaki bu \u201cyeni\u201d Yahudi, \u201cb\u00f6l\u00fcnm\u00fc\u015f bilin\u00e7\u201d sahibidir; ne d\u00e2hil olmak istedi\u011fi d\u00fcnyaya ne de ayr\u0131ld\u0131\u011f\u0131 cemaatine b\u00fct\u00fcn\u00fcyle aittir. Bu a\u00e7\u0131dan bir sosyal psikoloji denemesi olarak da okunabilecek Getto, salt bir monografinin \u00f6tesindedir; Simmel\u2019in Yabanc\u0131s\u0131ndan Park\u2019\u0131n Marjinal \u0130nsan\u0131na uzanan bir hatt\u0131n par\u00e7as\u0131 olarak, kentteki devinim, temas ve kar\u015f\u0131la\u015fmalar\u0131n asimilasyon, k\u00fclt\u00fcrel melezlenme ve kozmopolitizmle sonu\u00e7lanaca\u011f\u0131na dair sars\u0131lmaz bir iyimserli\u011fi yeniden \u00fcretir. Bu inan\u00e7, erken d\u00f6nem Chicago Ekol\u00fcn\u00fcn d\u00fc\u015f\u00fcnsel uzla\u015f\u0131s\u0131n\u0131 tan\u0131mlayan liberal h\u00fcmanizmin temelindedir. Ne var ki kentsel ekolojinin \u201cdo\u011fal b\u00f6lgeler\u201d yakla\u015f\u0131m\u0131n\u0131n i\u00e7erdi\u011fi nat\u00fcralist-i\u015flevselci \u00e7ekirdek, kentsel e\u015fitsizlik ve m\u00fccadeleleri tarihsizle\u015ftirerek politik eylemlili\u011fin ufkunu daraltma riskini de ta\u015f\u0131r.<\/p>\n","protected":false},"excerpt":{"rendered":"<p>Getto, erken d\u00f6nem Chicago Ekol\u00fcn\u00fcn en bilinen vaka incelemelerindendir. 1928\u2019de yay\u0131mlanan eser, Park, Burgess ve McKenzie\u2019nin geli\u015ftirdi\u011fi \u201cinsan ekolojisi\u201d yakla\u015f\u0131m\u0131 ile \u201ce\u015f merkezli b\u00f6lgeler\u201d modelinin en<span class=\"excerpt-hellip\"> [\u2026]<\/span><\/p>\n","protected":false},"featured_media":0,"template":"","meta":{"_monsterinsights_skip_tracking":false,"_monsterinsights_sitenote_active":false,"_monsterinsights_sitenote_note":"","_monsterinsights_sitenote_category":0},"product_brand":[],"product_cat":[12324],"product_tag":[],"class_list":{"0":"post-777425","1":"product","2":"type-product","3":"status-publish","5":"product_cat-sosyoloji","6":"pa_cilt-ciltsiz","7":"pa_tur-kitap","8":"pa_yayinevi-heretik-yayincilik","9":"pa_yazar-louis-wirth","11":"first","12":"instock","13":"sale","14":"shipping-taxable","15":"purchasable","16":"product-type-simple"},"_links":{"self":[{"href":"https:\/\/roveyayinevi.com.tr\/index.php\/wp-json\/wp\/v2\/product\/777425","targetHints":{"allow":["GET"]}}],"collection":[{"href":"https:\/\/roveyayinevi.com.tr\/index.php\/wp-json\/wp\/v2\/product"}],"about":[{"href":"https:\/\/roveyayinevi.com.tr\/index.php\/wp-json\/wp\/v2\/types\/product"}],"wp:attachment":[{"href":"https:\/\/roveyayinevi.com.tr\/index.php\/wp-json\/wp\/v2\/media?parent=777425"}],"wp:term":[{"taxonomy":"product_brand","embeddable":true,"href":"https:\/\/roveyayinevi.com.tr\/index.php\/wp-json\/wp\/v2\/product_brand?post=777425"},{"taxonomy":"product_cat","embeddable":true,"href":"https:\/\/roveyayinevi.com.tr\/index.php\/wp-json\/wp\/v2\/product_cat?post=777425"},{"taxonomy":"product_tag","embeddable":true,"href":"https:\/\/roveyayinevi.com.tr\/index.php\/wp-json\/wp\/v2\/product_tag?post=777425"}],"curies":[{"name":"wp","href":"https:\/\/api.w.org\/{rel}","templated":true}]}}