{"id":777411,"date":"2025-10-16T04:42:37","date_gmt":"2025-10-16T01:42:37","guid":{"rendered":"https:\/\/roveyayinevi.com.tr\/index.php\/urun\/gunluk-yasamin-psikopatolojisi-2\/"},"modified":"2026-04-15T03:43:12","modified_gmt":"2026-04-15T00:43:12","slug":"gunluk-yasamin-psikopatolojisi-2","status":"publish","type":"product","link":"https:\/\/roveyayinevi.com.tr\/index.php\/urun\/gunluk-yasamin-psikopatolojisi-2\/","title":{"rendered":"Gu\u0308nlu\u0308k Ya\u015fam\u0131n Psikopatolojisi"},"content":{"rendered":"<p>Hepimiz hata yap\u0131yoruz, bir \u015feyleri unutuyoruz ya da hat\u0131rlayam\u0131yoruz, irili ufakl\u0131 kazalar ya\u015f\u0131yoruz, bir \u015fey s\u00f6yleyecekken dilimiz s\u00fcr\u00e7\u00fcyor, anlaml\u0131 veya anlams\u0131z ba\u015fka bir \u015fey s\u00f6yl\u00fcyoruz. \u201cOlur b\u00f6yle \u015feyler,\u201d deyip do\u011fal kar\u015f\u0131l\u0131yoruz. \u0130nsanl\u0131k hali evet, olur, ama her hata, her dil s\u00fcr\u00e7mesi, her unutkanl\u0131k Freud\u2019a g\u00f6re zihnimizin derinliklerine, bilin\u00e7d\u0131\u015f\u0131m\u0131za a\u00e7\u0131lan birer kap\u0131d\u0131r. E\u011fer belli bir ki\u015finin evine gitmek \u00fczere sokakta y\u00fcr\u00fcrken kendinizi ba\u015fka birinin evinin \u00f6n\u00fcnde buluyorsan\u0131z, bu sadece bir dalg\u0131nl\u0131k olamaz. Fiziksel ya da n\u00f6rolojik bir kusurunuz olmad\u0131\u011f\u0131 halde ikide bir d\u00fc\u015f\u00fcyorsan\u0131z, bu kazalar\u0131n ard\u0131nda pek \u00e7ok \u015fey gizli olabilir. G\u00fcndelik hayatta ya\u015fad\u0131\u011f\u0131n\u0131z bu t\u00fcr aksakl\u0131klar \u00fczerinde kendi ba\u015f\u0131n\u0131za ya da bir uzmandan yard\u0131m alarak d\u00fc\u015f\u00fcnmeniz size hayat\u0131n\u0131za dair \u00e7ok \u00f6nemli ipu\u00e7lar\u0131 sa\u011flayabilir, b\u00f6ylece sorunlar\u0131n\u0131z\u0131n fark\u0131na varman\u0131z ve onlar\u0131 \u00e7\u00f6zmeniz m\u00fcmk\u00fcn hale gelebilir. Sigmund Freud birbirinden ilgin\u00e7 vaka \u00f6yk\u00fcleriyle de destekledi\u011fi bu kitab\u0131nda insan ruhuna daha farkl\u0131 bir a\u00e7\u0131dan \u0131\u015f\u0131k tutuyor. <\/p>\n","protected":false},"excerpt":{"rendered":"<p>Hepimiz hata yap\u0131yoruz, bir \u015feyleri unutuyoruz ya da hat\u0131rlayam\u0131yoruz, irili ufakl\u0131 kazalar ya\u015f\u0131yoruz, bir \u015fey s\u00f6yleyecekken dilimiz s\u00fcr\u00e7\u00fcyor, anlaml\u0131 veya anlams\u0131z ba\u015fka bir \u015fey s\u00f6yl\u00fcyoruz. \u201cOlur<span class=\"excerpt-hellip\"> [\u2026]<\/span><\/p>\n","protected":false},"featured_media":0,"template":"","meta":{"_monsterinsights_skip_tracking":false,"_monsterinsights_sitenote_active":false,"_monsterinsights_sitenote_note":"","_monsterinsights_sitenote_category":0},"product_brand":[],"product_cat":[12357],"product_tag":[],"class_list":{"0":"post-777411","1":"product","2":"type-product","3":"status-publish","5":"product_cat-psikoloji","6":"pa_cilt-ciltsiz","7":"pa_tur-kitap","8":"pa_yayinevi-say-yayinlari","9":"pa_yazar-sigmund-freud","11":"first","12":"instock","13":"sale","14":"shipping-taxable","15":"purchasable","16":"product-type-simple"},"_links":{"self":[{"href":"https:\/\/roveyayinevi.com.tr\/index.php\/wp-json\/wp\/v2\/product\/777411","targetHints":{"allow":["GET"]}}],"collection":[{"href":"https:\/\/roveyayinevi.com.tr\/index.php\/wp-json\/wp\/v2\/product"}],"about":[{"href":"https:\/\/roveyayinevi.com.tr\/index.php\/wp-json\/wp\/v2\/types\/product"}],"wp:attachment":[{"href":"https:\/\/roveyayinevi.com.tr\/index.php\/wp-json\/wp\/v2\/media?parent=777411"}],"wp:term":[{"taxonomy":"product_brand","embeddable":true,"href":"https:\/\/roveyayinevi.com.tr\/index.php\/wp-json\/wp\/v2\/product_brand?post=777411"},{"taxonomy":"product_cat","embeddable":true,"href":"https:\/\/roveyayinevi.com.tr\/index.php\/wp-json\/wp\/v2\/product_cat?post=777411"},{"taxonomy":"product_tag","embeddable":true,"href":"https:\/\/roveyayinevi.com.tr\/index.php\/wp-json\/wp\/v2\/product_tag?post=777411"}],"curies":[{"name":"wp","href":"https:\/\/api.w.org\/{rel}","templated":true}]}}