{"id":777409,"date":"2025-10-16T04:42:25","date_gmt":"2025-10-16T01:42:25","guid":{"rendered":"https:\/\/roveyayinevi.com.tr\/index.php\/urun\/kuzey-kilici-efsanesi-2\/"},"modified":"2026-04-15T03:43:11","modified_gmt":"2026-04-15T00:43:11","slug":"kuzey-kilici-efsanesi-2","status":"publish","type":"product","link":"https:\/\/roveyayinevi.com.tr\/index.php\/urun\/kuzey-kilici-efsanesi-2\/","title":{"rendered":"Kuzey K\u0131l\u0131c\u0131 Efsanesi 2"},"content":{"rendered":"<p>Kuzeyin Sessizli\u011fi Bozuluyor! Sessizli\u011fe g\u00f6m\u00fclen Kuzey G\u00f6kleri\u2019nin varisi yeniden uyan\u0131yor ve geri d\u00f6nen efsanevi teknik, kuzey duvarlar\u0131nda yank\u0131lan\u0131yor! Ka\u00e7\u0131n\u0131lmaz, y\u00fcrek burkan bir veday\u0131 kalbine g\u00f6men Mu-Won Jin, tek ger\u00e7ek koruyucusu olan Hwang Amca\u2019y\u0131 bulmak i\u00e7in yola koyuluyor\u2026 FAKAT BU YOLCULUK, KANLA YO\u011eRULMU\u015e B\u0130R FIRTINAYI DA BERABER\u0130NDE GET\u0130R\u0130YOR! <\/p>\n","protected":false},"excerpt":{"rendered":"<p>Kuzeyin Sessizli\u011fi Bozuluyor! Sessizli\u011fe g\u00f6m\u00fclen Kuzey G\u00f6kleri\u2019nin varisi yeniden uyan\u0131yor ve geri d\u00f6nen efsanevi teknik, kuzey duvarlar\u0131nda yank\u0131lan\u0131yor! Ka\u00e7\u0131n\u0131lmaz, y\u00fcrek burkan bir veday\u0131 kalbine g\u00f6men Mu-Won<span class=\"excerpt-hellip\"> [\u2026]<\/span><\/p>\n","protected":false},"featured_media":0,"template":"","meta":{"_monsterinsights_skip_tracking":false,"_monsterinsights_sitenote_active":false,"_monsterinsights_sitenote_note":"","_monsterinsights_sitenote_category":0},"product_brand":[],"product_cat":[12416,12291],"product_tag":[],"class_list":{"0":"post-777409","1":"product","2":"type-product","3":"status-publish","5":"product_cat-cizgi-roman","6":"product_cat-edebiyat","7":"pa_cilt-ciltsiz","8":"pa_tur-kitap","9":"pa_yayinevi-kurukafa","10":"pa_yazar-woo-gak","12":"first","13":"instock","14":"sale","15":"shipping-taxable","16":"purchasable","17":"product-type-simple"},"_links":{"self":[{"href":"https:\/\/roveyayinevi.com.tr\/index.php\/wp-json\/wp\/v2\/product\/777409","targetHints":{"allow":["GET"]}}],"collection":[{"href":"https:\/\/roveyayinevi.com.tr\/index.php\/wp-json\/wp\/v2\/product"}],"about":[{"href":"https:\/\/roveyayinevi.com.tr\/index.php\/wp-json\/wp\/v2\/types\/product"}],"wp:attachment":[{"href":"https:\/\/roveyayinevi.com.tr\/index.php\/wp-json\/wp\/v2\/media?parent=777409"}],"wp:term":[{"taxonomy":"product_brand","embeddable":true,"href":"https:\/\/roveyayinevi.com.tr\/index.php\/wp-json\/wp\/v2\/product_brand?post=777409"},{"taxonomy":"product_cat","embeddable":true,"href":"https:\/\/roveyayinevi.com.tr\/index.php\/wp-json\/wp\/v2\/product_cat?post=777409"},{"taxonomy":"product_tag","embeddable":true,"href":"https:\/\/roveyayinevi.com.tr\/index.php\/wp-json\/wp\/v2\/product_tag?post=777409"}],"curies":[{"name":"wp","href":"https:\/\/api.w.org\/{rel}","templated":true}]}}