{"id":777405,"date":"2025-10-16T04:42:18","date_gmt":"2025-10-16T01:42:18","guid":{"rendered":"https:\/\/roveyayinevi.com.tr\/index.php\/urun\/sabah-namazina-kalkabilmek\/"},"modified":"2026-01-28T04:04:59","modified_gmt":"2026-01-28T01:04:59","slug":"sabah-namazina-kalkabilmek","status":"publish","type":"product","link":"https:\/\/roveyayinevi.com.tr\/index.php\/urun\/sabah-namazina-kalkabilmek\/","title":{"rendered":"Sabah Namaz\u0131na Kalkabilmek"},"content":{"rendered":"<p>Sabah namaz\u0131na kalkmakta zorlan\u0131yor musunuz? Alarm\u0131 kuruyor ama sabah olunca yine \u201certele\u201d tu\u015funa m\u0131 bas\u0131yorsunuz? Ailenizle birlikte g\u00fcne huzur ve bereketle ba\u015flamak istemenize ra\u011fmen modern hayat\u0131n yorgunlu\u011funa m\u0131 yeniliyorsunuz? Bu kitap, seher vaktinin bereketini kucaklamak isteyenler i\u00e7in yaz\u0131ld\u0131! Kur\u2019an\u2019da sabah namaz\u0131n\u0131n yeri nedir? Modern ya\u015fam tarz\u0131 bizi neden ge\u00e7 uyumaya mahk\u00fbm ediyor? Beynimiz, biyolojik saatimiz ve ruhumuz bu ibadetten nas\u0131l etkileniyor? Sabah namaz\u0131 aile ili\u015fkilerine nas\u0131l huzur ve bereket kat\u0131yor? Kur\u2019an ve hadis temelli analizler, sosyolojik okumalar ve hayat\u0131n i\u00e7inden \u00f6rneklerle haz\u0131rlanm\u0131\u015f bu eser, sabah namaz\u0131n\u0131 sadece bir ibadet olarak ele alm\u0131yor; seher vaktinde uyan\u0131k olman\u0131n nas\u0131l aile huzuruna, i\u00e7sel dirili\u015fe ve hayat bereketine d\u00f6n\u00fc\u015febilece\u011finin yolunu da g\u00f6steriyor. Sayfalar\u0131 \u00e7evirdik\u00e7e g\u00f6receksiniz ki, sabah namaz\u0131na kalkmak sadece bir kulluk g\u00f6revi de\u011fildir, ailemizde huzur ve bereketi in\u015fa eden sars\u0131lmaz bir kaledir. <\/p>\n","protected":false},"excerpt":{"rendered":"<p>Sabah namaz\u0131na kalkmakta zorlan\u0131yor musunuz? Alarm\u0131 kuruyor ama sabah olunca yine \u201certele\u201d tu\u015funa m\u0131 bas\u0131yorsunuz? Ailenizle birlikte g\u00fcne huzur ve bereketle ba\u015flamak istemenize ra\u011fmen modern hayat\u0131n<span class=\"excerpt-hellip\"> [\u2026]<\/span><\/p>\n","protected":false},"featured_media":0,"template":"","meta":{"_monsterinsights_skip_tracking":false,"_monsterinsights_sitenote_active":false,"_monsterinsights_sitenote_note":"","_monsterinsights_sitenote_category":0},"product_brand":[],"product_cat":[12357],"product_tag":[],"class_list":{"0":"post-777405","1":"product","2":"type-product","3":"status-publish","5":"product_cat-psikoloji","6":"pa_cilt-ciltsiz","7":"pa_tur-kitap","8":"pa_yayinevi-aile-yayinlari","9":"pa_yazar-ahmet-bulut","11":"first","12":"instock","13":"sale","14":"shipping-taxable","15":"purchasable","16":"product-type-simple"},"_links":{"self":[{"href":"https:\/\/roveyayinevi.com.tr\/index.php\/wp-json\/wp\/v2\/product\/777405","targetHints":{"allow":["GET"]}}],"collection":[{"href":"https:\/\/roveyayinevi.com.tr\/index.php\/wp-json\/wp\/v2\/product"}],"about":[{"href":"https:\/\/roveyayinevi.com.tr\/index.php\/wp-json\/wp\/v2\/types\/product"}],"wp:attachment":[{"href":"https:\/\/roveyayinevi.com.tr\/index.php\/wp-json\/wp\/v2\/media?parent=777405"}],"wp:term":[{"taxonomy":"product_brand","embeddable":true,"href":"https:\/\/roveyayinevi.com.tr\/index.php\/wp-json\/wp\/v2\/product_brand?post=777405"},{"taxonomy":"product_cat","embeddable":true,"href":"https:\/\/roveyayinevi.com.tr\/index.php\/wp-json\/wp\/v2\/product_cat?post=777405"},{"taxonomy":"product_tag","embeddable":true,"href":"https:\/\/roveyayinevi.com.tr\/index.php\/wp-json\/wp\/v2\/product_tag?post=777405"}],"curies":[{"name":"wp","href":"https:\/\/api.w.org\/{rel}","templated":true}]}}