{"id":777388,"date":"2025-10-16T04:40:00","date_gmt":"2025-10-16T01:40:00","guid":{"rendered":"https:\/\/roveyayinevi.com.tr\/index.php\/urun\/geleneksel-turk-halk-tiyatrosu\/"},"modified":"2026-04-15T03:42:39","modified_gmt":"2026-04-15T00:42:39","slug":"geleneksel-turk-halk-tiyatrosu","status":"publish","type":"product","link":"https:\/\/roveyayinevi.com.tr\/index.php\/urun\/geleneksel-turk-halk-tiyatrosu\/","title":{"rendered":"Geleneksel T\u00fcrk Halk Tiyatrosu"},"content":{"rendered":"<p>\u201cGeleneksel Tiyatro\u201d denilince, akla \u015fu kavramlar geliyor: G\u00f6lge Oyunu Karag\u00f6z, K\u00f6y Seyirlik Oyunlar\u0131, Kukla Oyunlar\u0131, Ortaoyunu ve Meddahl\u0131k. Ad\u0131n\u0131 verdi\u011fim bu halk tipi geleneksel seyirlik oyunlar, Bat\u0131 tipi tiyatrodan farkl\u0131d\u0131r. Bat\u0131\u2019dan k\u00fclt\u00fcr\u00fcm\u00fcze ithal etti\u011fimiz sanatl\u0131, m\u00fczikli, metinli, konulu, ortaya koyanlar\u0131 belli oyunlar \u201ctiyatro\u201d olarak adland\u0131r\u0131l\u0131r. Sanat\u0131n niteli\u011fi ve niceli\u011fine g\u00f6re; trajedi, drama, komedi, opera, pandomim, tul\u00fbat, operet, m\u00fczikal, varyete gibi t\u00fcrleri bulunan bu ithal tiyatro \u201cgeleneksel tiyatro\u201d kavram\u0131m\u0131z\u0131n d\u0131\u015f\u0131ndaki seyirlik oyunlard\u0131r. Evet, bu sanatl\u0131 tiyatronun da binlerce y\u0131ll\u0131k bir gelene\u011fi bulunuyor. Bizim bu kitapta anlatmaya \u00e7al\u0131\u015ft\u0131\u011f\u0131m\u0131z sanatl\u0131 tiyatronun d\u0131\u015f\u0131nda, halk\u0131n yaratt\u0131\u011f\u0131 \u201cgeleneksel halk tiyatrosu\u201ddur. Benim geleneksel s\u00f6zc\u00fc\u011f\u00fcnden kast\u0131m; toplumun halk kesiminde, eskiden kalm\u0131\u015f olmalar\u0131 dolay\u0131s\u0131yla, sayg\u0131n g\u00f6r\u00fclerek ku\u015faktan ku\u015fa\u011fa aktar\u0131lan, seyredilebilen, al\u0131\u015fkanl\u0131klarla s\u00fcrd\u00fcr\u00fclen, biraz  bilgi i\u00e7eren, t\u00f6resi bulunan, davran\u0131\u015f ve s\u00f6zlerle icra edilen, anonim ya da bireysel olarak yarat\u0131lm\u0131\u015f, tiyatral taraf\u0131 da olan e\u011flence ama\u00e7l\u0131 g\u00f6sterilerdir. Bunlar\u0131n neler oldu\u011funu ve adlar\u0131n\u0131 da yukarda s\u0131ralad\u0131m. Geleneksel T\u00fcrk halk tiyatrosu olarak sayd\u0131\u011f\u0131m bu tiyatral e\u011flence ama\u00e7l\u0131 t\u00fcrler; geleneksellik (traditional) niteli\u011fine sahiptirler. Ayr\u0131ca konvensiyonel (conventional) bir yanlar\u0131 da vard\u0131r. \u0130\u015fin en \u00f6nemlisi de bu oyunlar\u0131n al\u0131\u015f\u0131lm\u0131\u015f (customary), al\u0131\u015fagelmi\u015f, adetler gere\u011fince yap\u0131lagelmi\u015f olmalar\u0131d\u0131r. Modas\u0131 ge\u00e7mi\u015f olmalar\u0131na ra\u011fmen bir k\u00f6kleri, tabanlar\u0131, eskilikleri, hat\u0131ralar\u0131, de\u011ferleri, inan\u00e7 kabulleri vard\u0131r. Bu nedenlerle biz halk bilimciler; milli olan, T\u00fcrk niteli\u011fi ve kimli\u011fi olan bu oyunlar\u0131n, bizi daha \u00e7ok temsil etti\u011fine inananlardan\u0131z. Bu oyunlar\u0131n; ya\u015fat\u0131lmas\u0131n\u0131, y\u00fcceltilmesini, geli\u015ftirilmesini, \u00e7e\u015fitlendirilmesini, sanat\u00e7\u0131lar\u0131n\u0131n desteklenmesini, \u00e7a\u011f\u0131m\u0131za-g\u00fcn\u00fcm\u00fcze uygun olarak seyredebilir h\u00e2le getirilmesini istemekteyiz. Her \u015feyden \u00f6nce bu oyunlar birer k\u00fclt\u00fcr \u00fcr\u00fcn\u00fcd\u00fcrler. Bu k\u00fclt\u00fcr \u00fcr\u00fcnlerinin kaybolup gitmesine kimsenin g\u00f6nl\u00fc raz\u0131 olmaz. \u00dcstelik  bu k\u00fclt\u00fcr \u00fcr\u00fcnleri d\u0131\u015fardan adapte edilmi\u015f, transfer k\u00fclt\u00fcrler de\u011fildir. Bizim \u00f6z mill\u00ee k\u00fclt\u00fcrlerimizdir. <\/p>\n","protected":false},"excerpt":{"rendered":"<p>\u201cGeleneksel Tiyatro\u201d denilince, akla \u015fu kavramlar geliyor: G\u00f6lge Oyunu Karag\u00f6z, K\u00f6y Seyirlik Oyunlar\u0131, Kukla Oyunlar\u0131, Ortaoyunu ve Meddahl\u0131k. Ad\u0131n\u0131 verdi\u011fim bu halk tipi geleneksel seyirlik oyunlar,<span class=\"excerpt-hellip\"> [\u2026]<\/span><\/p>\n","protected":false},"featured_media":0,"template":"","meta":{"_monsterinsights_skip_tracking":false,"_monsterinsights_sitenote_active":false,"_monsterinsights_sitenote_note":"","_monsterinsights_sitenote_category":0},"product_brand":[],"product_cat":[13072,12291],"product_tag":[],"class_list":{"0":"post-777388","1":"product","2":"type-product","3":"status-publish","5":"product_cat-arastirma-inceleme-referans","6":"product_cat-edebiyat","7":"pa_cilt-ciltsiz","8":"pa_tur-kitap","9":"pa_yayinevi-kultur-ajans-yayinlari","10":"pa_yazar-hayrettin-ivgin","12":"first","13":"instock","14":"sale","15":"shipping-taxable","16":"purchasable","17":"product-type-simple"},"_links":{"self":[{"href":"https:\/\/roveyayinevi.com.tr\/index.php\/wp-json\/wp\/v2\/product\/777388","targetHints":{"allow":["GET"]}}],"collection":[{"href":"https:\/\/roveyayinevi.com.tr\/index.php\/wp-json\/wp\/v2\/product"}],"about":[{"href":"https:\/\/roveyayinevi.com.tr\/index.php\/wp-json\/wp\/v2\/types\/product"}],"wp:attachment":[{"href":"https:\/\/roveyayinevi.com.tr\/index.php\/wp-json\/wp\/v2\/media?parent=777388"}],"wp:term":[{"taxonomy":"product_brand","embeddable":true,"href":"https:\/\/roveyayinevi.com.tr\/index.php\/wp-json\/wp\/v2\/product_brand?post=777388"},{"taxonomy":"product_cat","embeddable":true,"href":"https:\/\/roveyayinevi.com.tr\/index.php\/wp-json\/wp\/v2\/product_cat?post=777388"},{"taxonomy":"product_tag","embeddable":true,"href":"https:\/\/roveyayinevi.com.tr\/index.php\/wp-json\/wp\/v2\/product_tag?post=777388"}],"curies":[{"name":"wp","href":"https:\/\/api.w.org\/{rel}","templated":true}]}}