{"id":777379,"date":"2025-10-16T00:42:39","date_gmt":"2025-10-15T21:42:39","guid":{"rendered":"https:\/\/roveyayinevi.com.tr\/index.php\/urun\/kabus-3\/"},"modified":"2026-04-16T02:52:10","modified_gmt":"2026-04-15T23:52:10","slug":"kabus-3","status":"publish","type":"product","link":"https:\/\/roveyayinevi.com.tr\/index.php\/urun\/kabus-3\/","title":{"rendered":"Kabus"},"content":{"rendered":"<p>Hayat ini\u015fli \u00e7\u0131k\u0131\u015fl\u0131 bir yolculuktur. Bu yolculukta insan\u0131n kar\u015f\u0131s\u0131na bir\u00e7ok g\u00fc\u00e7l\u00fck \u00e7\u0131kabilir. Her zaman bahar olmaz. Bazen kara k\u0131\u015f gelir hayat\u0131m\u0131za. \u00d6nemli olan bu hayat yolculu\u011funda \u00f6n\u00fcm\u00fcze \u00e7\u0131kan zorluklar, engeller kar\u015f\u0131s\u0131nda pes etmemektir. Hz. Allah (C.C), y\u00fcce kitab\u0131m\u0131z Kur&#8217;an-\u0131 Kerimde yer alan \u0130n\u015firah suresinde, \u201cDemek ki zorlukla beraber bir kolayl\u0131k vard\u0131r,\u201d buyuruyor. Ger\u00e7ekten de insan hayat\u0131nda zorlukla beraber kolayl\u0131k vard\u0131r. Bunu hayat\u0131mda bir\u00e7ok kere ya\u015fad\u0131m. Eminim ki her insan da ya\u015fam\u0131\u015ft\u0131r. Her s\u0131k\u0131nt\u0131n\u0131n ard\u0131ndan bir kolayl\u0131k her k\u0131\u015ftan sonra bahar gelir. Bize d\u00fc\u015fen, hayat m\u00fccadelesinde pes etmemek, sabretmek, azmetmek ve her d\u00fc\u015ft\u00fc\u011f\u00fcnde aya\u011fa kalkabilmektir.    \u0130nsan\u0131n karakteri, ya\u015fad\u0131\u011f\u0131 olaylar sonunda \u015fekillenir. \u00c7ekilen ac\u0131lar insan\u0131 g\u00fc\u00e7lendirir. Yunus Emre\u2019nin dedi\u011fi gibi \u201cBir ben vard\u0131r benden i\u00e7eri,\u201d demeliyiz. \u0130nsan bazen bunal\u0131r, s\u0131k\u0131l\u0131r, hatta bir an kendisi i\u00e7in hayat\u0131n bitti\u011fini zanneder. Ama mutlaka g\u00fczel g\u00fcnler gelecektir. \u00d6nemli olan i\u00e7imizdeki beni ortaya \u00e7\u0131karabilmek, yarat\u0131lm\u0131\u015flar\u0131 sevebilmek, iyi bir insan olabilmektir. Her insan bir romand\u0131r. Herkesin \u00e7ekti\u011fi s\u0131k\u0131nt\u0131 kendine b\u00fcy\u00fckt\u00fcr. Bu roman\u0131mda da farkl\u0131 hayat hik\u00e2yeleri olan \u00fc\u00e7 arkada\u015f\u0131 anlat\u0131yorum. Bakal\u0131m hangisinin \u00e7ekti\u011fi s\u0131k\u0131nt\u0131lar daha b\u00fcy\u00fck? Karar sizin!    Roman\u0131mda \u00fc\u00e7 arkada\u015f\u0131n bir k\u0131\u015f g\u00fcn\u00fc yapt\u0131klar\u0131 tatili anlatt\u0131m. Bu tatilde, birbirleri hakk\u0131nda bilmedikleri her \u015feyi \u00f6\u011frenir, Derbeder, Yavuz ve Emrah.    \u00d6mr\u00fc boyunca aray\u0131p bulamad\u0131\u011f\u0131 sevgiyi D\u00fcnya isimli k\u0131zda bulmaya \u00e7al\u0131\u015fan ama kar\u015f\u0131l\u0131k g\u00f6remedi\u011fi bu a\u015fk sebebiyle akl\u0131n\u0131 yitiren, sonunda kalbinden \u00e7\u0131kard\u0131\u011f\u0131 D\u00fcnya\u2019n\u0131n yerine Allah (C.C.) a\u015fk\u0131n\u0131 koyan DERBEDER\u2019 in hazin hik\u00e2yesini,    G\u00f6n\u00fcl verdi\u011fi \u00dclk\u00fc isimli sevdas\u0131ndan dolay\u0131 12 Eyl\u00fcl Askeri Darbesi ile Mamak Askeri Cezaevine girip t\u00fcrl\u00fc i\u015fkenceler g\u00f6ren, y\u0131llarca cezaevinde kalan, cezaevinden \u00e7\u0131kt\u0131ktan sonra karanl\u0131k i\u015flere bula\u015fan ama asla vatan a\u015fk\u0131ndan vazge\u00e7meyen YALNIZ KURT\u2019 un \u00e7ileli hik\u00e2yesini&#8230;    Aile ve i\u015f hayat\u0131nda t\u00fcrl\u00fc problemler ya\u015fayan, bazen y\u0131k\u0131lan ama her seferinde aya\u011fa kalkmay\u0131 ba\u015faran, hayat m\u00fccadelesinde asla pes etmeyen BAHTSIZ BEDEV\u0130\u2019nin zorluklarla dolu dramatik hayat hik\u00e2yesini okurken bazen h\u00fcz\u00fcnlenecek, bazen ac\u0131ma hissiyle dolacak, bazen de sinirlenecek ama mutlaka kendinizden bir \u015feyler bulacaks\u0131n\u0131z. <\/p>\n","protected":false},"excerpt":{"rendered":"<p>Hayat ini\u015fli \u00e7\u0131k\u0131\u015fl\u0131 bir yolculuktur. Bu yolculukta insan\u0131n kar\u015f\u0131s\u0131na bir\u00e7ok g\u00fc\u00e7l\u00fck \u00e7\u0131kabilir. Her zaman bahar olmaz. Bazen kara k\u0131\u015f gelir hayat\u0131m\u0131za. \u00d6nemli olan bu hayat yolculu\u011funda<span class=\"excerpt-hellip\"> [\u2026]<\/span><\/p>\n","protected":false},"featured_media":0,"template":"","meta":{"_monsterinsights_skip_tracking":false,"_monsterinsights_sitenote_active":false,"_monsterinsights_sitenote_note":"","_monsterinsights_sitenote_category":0},"product_brand":[],"product_cat":[12291,12711],"product_tag":[],"class_list":{"0":"post-777379","1":"product","2":"type-product","3":"status-publish","5":"product_cat-edebiyat","6":"product_cat-roman-oyku","7":"pa_cilt-ciltsiz","8":"pa_tur-kitap","9":"pa_yayinevi-somut-yayinlari","10":"pa_yazar-yunus-emre-albayrak","12":"first","13":"instock","14":"sale","15":"shipping-taxable","16":"purchasable","17":"product-type-simple"},"_links":{"self":[{"href":"https:\/\/roveyayinevi.com.tr\/index.php\/wp-json\/wp\/v2\/product\/777379","targetHints":{"allow":["GET"]}}],"collection":[{"href":"https:\/\/roveyayinevi.com.tr\/index.php\/wp-json\/wp\/v2\/product"}],"about":[{"href":"https:\/\/roveyayinevi.com.tr\/index.php\/wp-json\/wp\/v2\/types\/product"}],"wp:attachment":[{"href":"https:\/\/roveyayinevi.com.tr\/index.php\/wp-json\/wp\/v2\/media?parent=777379"}],"wp:term":[{"taxonomy":"product_brand","embeddable":true,"href":"https:\/\/roveyayinevi.com.tr\/index.php\/wp-json\/wp\/v2\/product_brand?post=777379"},{"taxonomy":"product_cat","embeddable":true,"href":"https:\/\/roveyayinevi.com.tr\/index.php\/wp-json\/wp\/v2\/product_cat?post=777379"},{"taxonomy":"product_tag","embeddable":true,"href":"https:\/\/roveyayinevi.com.tr\/index.php\/wp-json\/wp\/v2\/product_tag?post=777379"}],"curies":[{"name":"wp","href":"https:\/\/api.w.org\/{rel}","templated":true}]}}