{"id":777378,"date":"2025-10-15T23:28:19","date_gmt":"2025-10-15T20:28:19","guid":{"rendered":"https:\/\/roveyayinevi.com.tr\/index.php\/urun\/disi-kedi\/"},"modified":"2026-04-11T02:45:43","modified_gmt":"2026-04-10T23:45:43","slug":"disi-kedi","status":"publish","type":"product","link":"https:\/\/roveyayinevi.com.tr\/index.php\/urun\/disi-kedi\/","title":{"rendered":"Di\u015fi Kedi"},"content":{"rendered":"<p>Frans\u0131z edebiyat\u0131n\u0131n sansasyonel kalemi Colette, u\u00e7ar\u0131, ele avuca s\u0131\u011fmaz bir kad\u0131n ve ma\u011frur bir di\u015fi kediyi asalet, k\u0131skan\u00e7l\u0131k, gurur ve cesaretle yo\u011frulmu\u015f bir a\u015fk karma\u015fas\u0131n\u0131n tam kalbine yerle\u015ftiriyor; t\u0131rnaklar bir b\u0131\u00e7ak gibi bilenip keskinle\u015fiyor, tatl\u0131 tatl\u0131 bakan g\u00f6zleri yaban\u0131l, \u00fcrk\u00fct\u00fcc\u00fc bir karanl\u0131k kapl\u0131yor.Di\u015fi Kedi c\u00fcretk\u00e2r, u\u011frunda kan bile d\u00f6kebilecek kadar ihtirasl\u0131 bir a\u015fk\u0131n k\u0131skac\u0131nda ehlile\u015ftirilemez g\u00fcd\u00fcleriyle bilinmeyene do\u011fru yol alma cesareti g\u00f6sterebilen yabani di\u015filere has, netameli bir kurmaca&#8230;<\/p>\n","protected":false},"excerpt":{"rendered":"<p>Frans\u0131z edebiyat\u0131n\u0131n sansasyonel kalemi Colette, u\u00e7ar\u0131, ele avuca s\u0131\u011fmaz bir kad\u0131n ve ma\u011frur bir di\u015fi kediyi asalet, k\u0131skan\u00e7l\u0131k, gurur ve cesaretle yo\u011frulmu\u015f bir a\u015fk karma\u015fas\u0131n\u0131n tam<span class=\"excerpt-hellip\"> [\u2026]<\/span><\/p>\n","protected":false},"featured_media":0,"template":"","meta":{"_monsterinsights_skip_tracking":false,"_monsterinsights_sitenote_active":false,"_monsterinsights_sitenote_note":"","_monsterinsights_sitenote_category":0},"product_brand":[],"product_cat":[12291,12711],"product_tag":[],"class_list":{"0":"post-777378","1":"product","2":"type-product","3":"status-publish","5":"product_cat-edebiyat","6":"product_cat-roman-oyku","7":"pa_cilt-ciltsiz","8":"pa_tur-kitap","9":"pa_yayinevi-sel-yayincilik","10":"pa_yazar-colette","12":"first","13":"instock","14":"sale","15":"shipping-taxable","16":"purchasable","17":"product-type-simple"},"_links":{"self":[{"href":"https:\/\/roveyayinevi.com.tr\/index.php\/wp-json\/wp\/v2\/product\/777378","targetHints":{"allow":["GET"]}}],"collection":[{"href":"https:\/\/roveyayinevi.com.tr\/index.php\/wp-json\/wp\/v2\/product"}],"about":[{"href":"https:\/\/roveyayinevi.com.tr\/index.php\/wp-json\/wp\/v2\/types\/product"}],"wp:attachment":[{"href":"https:\/\/roveyayinevi.com.tr\/index.php\/wp-json\/wp\/v2\/media?parent=777378"}],"wp:term":[{"taxonomy":"product_brand","embeddable":true,"href":"https:\/\/roveyayinevi.com.tr\/index.php\/wp-json\/wp\/v2\/product_brand?post=777378"},{"taxonomy":"product_cat","embeddable":true,"href":"https:\/\/roveyayinevi.com.tr\/index.php\/wp-json\/wp\/v2\/product_cat?post=777378"},{"taxonomy":"product_tag","embeddable":true,"href":"https:\/\/roveyayinevi.com.tr\/index.php\/wp-json\/wp\/v2\/product_tag?post=777378"}],"curies":[{"name":"wp","href":"https:\/\/api.w.org\/{rel}","templated":true}]}}