{"id":777377,"date":"2025-10-15T22:59:59","date_gmt":"2025-10-15T19:59:59","guid":{"rendered":"https:\/\/roveyayinevi.com.tr\/index.php\/urun\/erken-pers\/"},"modified":"2026-04-16T02:33:35","modified_gmt":"2026-04-15T23:33:35","slug":"erken-pers","status":"publish","type":"product","link":"https:\/\/roveyayinevi.com.tr\/index.php\/urun\/erken-pers\/","title":{"rendered":"Erken Pers"},"content":{"rendered":"<p>Erken Tarih profes\u00f6r\u00fc ve Pers ara\u015ft\u0131rmalar\u0131nda sayg\u0131n bir uzman olan Josef Wieseh\u00f6fer, Antik \u0130ran tarihinin, toplumunun ve medeniyetinin renkli ancak bir o kadar da sade bir tasvirini bizlere sunuyor. Rahat okunabilen bu anlat\u0131m\u0131n cazibesi, ku\u015fkusuz son derece de\u011ferli Pers kaynaklar\u0131n\u0131n derinlemesine ara\u015ft\u0131r\u0131lmas\u0131nda sakl\u0131d\u0131r.Yak\u0131n zamana kadar Antik Pers tarihi, Avrupa perspektifinden anlat\u0131l\u0131yordu. Bunun ba\u015fl\u0131ca nedeni kaynaklar\u0131 do\u011fru ifade edebilecek Eski ve Orta Pers dili konusunda yayg\u0131n olmayan bilgilerdir. M.\u00d6. 5. yy\u2019\u0131n ilk \u00e7eyre\u011finde Greklerin, Pers istila denemelerini geri p\u00fcsk\u00fcrtt\u00fckleri o b\u00fcy\u00fck \u00e7arp\u0131\u015fmada Avrupal\u0131 olarak kazananlar taraf\u0131nda oldu\u011fu biliniyorken, bu dilleri \u00f6\u011frenmenin gere\u011fi neydi? Tarih yaz\u0131m\u0131 hem ge\u00e7mi\u015fte hem de g\u00fcn\u00fcm\u00fczde h\u00e2l\u00e2 s\u0131k\u00e7a sadece kazananlar\u0131n s\u00f6ylemlerine dayand\u0131r\u0131l\u0131r. Bu tutum ke\u015fifte \u00fcz\u00fcc\u00fc bir ihmale en az\u0131ndan eski Do\u011fu halklar\u0131n\u0131n en \u00f6nemlilerinden biri olan Perslerin tarihi ve zengin k\u00fclt\u00fcr\u00fc hakk\u0131ndaki bilgilerimizde derin bo\u015fluklara yol a\u00e7t\u0131. Bu nedenle bu kitap Antik Pers\u2019in antik d\u00fcnya imparatorlu\u011fundan \u0130slam\u2019\u0131n ortaya \u00e7\u0131k\u0131\u015f\u0131na kadarki bin y\u0131ldan fazla olan tarihi ve k\u00fclt\u00fcrel geli\u015fimine genel bir bak\u0131\u015f sa\u011flamaktad\u0131r.<\/p>\n","protected":false},"excerpt":{"rendered":"<p>Erken Tarih profes\u00f6r\u00fc ve Pers ara\u015ft\u0131rmalar\u0131nda sayg\u0131n bir uzman olan Josef Wieseh\u00f6fer, Antik \u0130ran tarihinin, toplumunun ve medeniyetinin renkli ancak bir o kadar da sade bir<span class=\"excerpt-hellip\"> [\u2026]<\/span><\/p>\n","protected":false},"featured_media":0,"template":"","meta":{"_monsterinsights_skip_tracking":false,"_monsterinsights_sitenote_active":false,"_monsterinsights_sitenote_note":"","_monsterinsights_sitenote_category":0},"product_brand":[],"product_cat":[12370,12304],"product_tag":[],"class_list":{"0":"post-777377","1":"product","2":"type-product","3":"status-publish","5":"product_cat-arastirma-inceleme","6":"product_cat-tarih","7":"pa_cilt-ciltsiz","8":"pa_tur-kitap","9":"pa_yayinevi-totem-yayinlari","10":"pa_yazar-josef-wiesehofer","12":"first","13":"instock","14":"sale","15":"shipping-taxable","16":"purchasable","17":"product-type-simple"},"_links":{"self":[{"href":"https:\/\/roveyayinevi.com.tr\/index.php\/wp-json\/wp\/v2\/product\/777377","targetHints":{"allow":["GET"]}}],"collection":[{"href":"https:\/\/roveyayinevi.com.tr\/index.php\/wp-json\/wp\/v2\/product"}],"about":[{"href":"https:\/\/roveyayinevi.com.tr\/index.php\/wp-json\/wp\/v2\/types\/product"}],"wp:attachment":[{"href":"https:\/\/roveyayinevi.com.tr\/index.php\/wp-json\/wp\/v2\/media?parent=777377"}],"wp:term":[{"taxonomy":"product_brand","embeddable":true,"href":"https:\/\/roveyayinevi.com.tr\/index.php\/wp-json\/wp\/v2\/product_brand?post=777377"},{"taxonomy":"product_cat","embeddable":true,"href":"https:\/\/roveyayinevi.com.tr\/index.php\/wp-json\/wp\/v2\/product_cat?post=777377"},{"taxonomy":"product_tag","embeddable":true,"href":"https:\/\/roveyayinevi.com.tr\/index.php\/wp-json\/wp\/v2\/product_tag?post=777377"}],"curies":[{"name":"wp","href":"https:\/\/api.w.org\/{rel}","templated":true}]}}