{"id":777376,"date":"2025-10-15T21:33:35","date_gmt":"2025-10-15T18:33:35","guid":{"rendered":"https:\/\/roveyayinevi.com.tr\/index.php\/urun\/faydasizligin-faydasi-manifesto\/"},"modified":"2026-04-16T02:21:47","modified_gmt":"2026-04-15T23:21:47","slug":"faydasizligin-faydasi-manifesto","status":"publish","type":"product","link":"https:\/\/roveyayinevi.com.tr\/index.php\/urun\/faydasizligin-faydasi-manifesto\/","title":{"rendered":"Faydas\u0131zl\u0131\u011f\u0131n Faydas\u0131: Manifesto"},"content":{"rendered":"<p>Faydas\u0131zl\u0131\u011f\u0131n Faydas\u0131: Manifesto adl\u0131 bu \u00e7al\u0131\u015fma, b\u00fct\u00fcn eylemlerin \u00e7\u0131kara ve b\u00fct\u00fcn zamanlar\u0131n nakde d\u00f6n\u00fc\u015ft\u00fcr\u00fclmesini te\u015fvik eden bir \u00e7a\u011fda, ba\u015fka bir yolun m\u00fcmk\u00fcn oldu\u011funu savunuyor. Ordine\u2019nin sorular\u0131 21. y\u00fczy\u0131lda unutulmaya y\u00fcz tutmu\u015f de\u011ferleri hat\u0131rlat\u0131yor: Kazan\u00e7 getirmeyen bilgi faydas\u0131z m\u0131d\u0131r? Bir teoremden ne elde edilir? Ge\u00e7mi\u015fin dilleri ne i\u015fe yarar? G\u00fczel olandan al\u0131nan zevkin \u00e7\u0131kar\u0131 nedir? Sevgi ve hakikate sahip olunabilir mi?  \u0130lk b\u00f6l\u00fcmde edebiyat ve fayda ili\u015fkisini ele alan Ordine; Dante\u2019den Platon\u2019a, John Locke\u2019tan Baudelaire\u2019e, Heidegger, Calvino ve Cioran gibi isimleri de katarak \u00e7ok zengin bir inceleme zemini olu\u015fturuyor. \u0130kinci b\u00f6l\u00fcmde, g\u00fcn\u00fcm\u00fczde \u00fcniversitelerin ya\u015fad\u0131\u011f\u0131 d\u00f6n\u00fc\u015f\u00fcm\u00fc inceleyen yazar \u201c\u015firketle\u015fen\u201d \u00fcniversiteler ile \u201cm\u00fc\u015fterile\u015fen\u201d \u00f6\u011frenciler \u00fczerine ele\u015ftirilerini sunuyor, hem de Tocqueville, Herzen ve Hugo gibi d\u00fc\u015f\u00fcn\u00fcrlere referanslar vererek. Son b\u00f6l\u00fcmde, duygular\u0131m\u0131z\u0131n fayda ile etkile\u015fimini ele alan yazar, faydas\u0131z g\u00f6r\u00fclen \u015feylerin hayat\u0131m\u0131zdaki \u00f6nemi \u00fczerine bir manifesto sunuyor. Elinizdeki \u00e7al\u0131\u015fma, Abraham Flexner\u2019in klasikle\u015fmi\u015f makalesi \u201cFaydas\u0131z Bilginin Faydas\u0131\u201d eki ile son buluyor. Nuccio Ordine\u2019nin bu kitab\u0131, bir felsefe metni olman\u0131n yan\u0131 s\u0131ra siyaset bilimi, sosyoloji ve edebiyat gibi disiplinlerin bak\u0131\u015f a\u00e7\u0131lar\u0131nda d\u00f6n\u00fc\u015f\u00fcm yaratabilecek d\u00fc\u015f\u00fcnceleri tart\u0131\u015f\u0131yor. Bu anlamda, Faydas\u0131zl\u0131\u011f\u0131n Faydas\u0131: Manifesto hem zihin d\u00fcnyas\u0131n\u0131 geni\u015fletmek isteyen okura hem de disiplinleraras\u0131 d\u00fc\u015f\u00fcnmekten ka\u00e7\u0131nmayan akademisyenler i\u00e7in olduk\u00e7a yararl\u0131 bir eser olmak niteli\u011fini ta\u015f\u0131yor. <\/p>\n","protected":false},"excerpt":{"rendered":"<p>Faydas\u0131zl\u0131\u011f\u0131n Faydas\u0131: Manifesto adl\u0131 bu \u00e7al\u0131\u015fma, b\u00fct\u00fcn eylemlerin \u00e7\u0131kara ve b\u00fct\u00fcn zamanlar\u0131n nakde d\u00f6n\u00fc\u015ft\u00fcr\u00fclmesini te\u015fvik eden bir \u00e7a\u011fda, ba\u015fka bir yolun m\u00fcmk\u00fcn oldu\u011funu savunuyor. Ordine\u2019nin sorular\u0131<span class=\"excerpt-hellip\"> [\u2026]<\/span><\/p>\n","protected":false},"featured_media":0,"template":"","meta":{"_monsterinsights_skip_tracking":false,"_monsterinsights_sitenote_active":false,"_monsterinsights_sitenote_note":"","_monsterinsights_sitenote_category":0},"product_brand":[],"product_cat":[20351,12388],"product_tag":[],"class_list":{"0":"post-777376","1":"product","2":"type-product","3":"status-publish","5":"product_cat-dusunce","6":"product_cat-felsefe","7":"pa_cilt-ciltsiz","8":"pa_tur-kitap","9":"pa_yayinevi-istanbul-bilgi-universitesi-yayinlari","10":"pa_yazar-nuccio-ordine","12":"first","13":"instock","14":"sale","15":"shipping-taxable","16":"purchasable","17":"product-type-simple"},"_links":{"self":[{"href":"https:\/\/roveyayinevi.com.tr\/index.php\/wp-json\/wp\/v2\/product\/777376","targetHints":{"allow":["GET"]}}],"collection":[{"href":"https:\/\/roveyayinevi.com.tr\/index.php\/wp-json\/wp\/v2\/product"}],"about":[{"href":"https:\/\/roveyayinevi.com.tr\/index.php\/wp-json\/wp\/v2\/types\/product"}],"wp:attachment":[{"href":"https:\/\/roveyayinevi.com.tr\/index.php\/wp-json\/wp\/v2\/media?parent=777376"}],"wp:term":[{"taxonomy":"product_brand","embeddable":true,"href":"https:\/\/roveyayinevi.com.tr\/index.php\/wp-json\/wp\/v2\/product_brand?post=777376"},{"taxonomy":"product_cat","embeddable":true,"href":"https:\/\/roveyayinevi.com.tr\/index.php\/wp-json\/wp\/v2\/product_cat?post=777376"},{"taxonomy":"product_tag","embeddable":true,"href":"https:\/\/roveyayinevi.com.tr\/index.php\/wp-json\/wp\/v2\/product_tag?post=777376"}],"curies":[{"name":"wp","href":"https:\/\/api.w.org\/{rel}","templated":true}]}}