{"id":777375,"date":"2025-10-15T21:06:31","date_gmt":"2025-10-15T18:06:31","guid":{"rendered":"https:\/\/roveyayinevi.com.tr\/index.php\/urun\/makine-dinamigi\/"},"modified":"2026-02-03T02:29:16","modified_gmt":"2026-02-02T23:29:16","slug":"makine-dinamigi","status":"publish","type":"product","link":"https:\/\/roveyayinevi.com.tr\/index.php\/urun\/makine-dinamigi\/","title":{"rendered":"Makine Dinami\u011fi"},"content":{"rendered":"<p>Makine dinami\u011fi, \u00e7e\u015fitli end\u00fcstri sekt\u00f6rlerinde uygulama alan\u0131 olan bir bilim dal\u0131d\u0131r. Makine m\u00fchendisli\u011fi \u00f6\u011frencileri i\u00e7in yaz\u0131lm\u0131\u015f olan bu kitab\u0131n amac\u0131, \u00f6\u011frenciye bu sekt\u00f6rlerden herhangi birindeki bir makine dinami\u011fi problemini te\u015fhis etmek ve incelemek i\u00e7in l\u00fczumlu olan temel formasyonu kazand\u0131rmakt\u0131r. Kitap d\u00f6rt b\u00f6l\u00fcmden olu\u015fup, d\u00fczlemsel mekanizma kinemati\u011fiyle \u00e7al\u0131\u015fan makinelerdeki h\u0131z, ivme, kuvvet, gerilme, dinamik hareket, volan, dengeleme ve titre\u015fim hesaplar\u0131n\u0131 \u00f6zg\u00fcn bir b\u00fct\u00fcnl\u00fckte sunmaktad\u0131r. B\u00f6l\u00fcm i\u00e7eriklerine do\u011frudan hitap eden bir bilgisayar yaz\u0131l\u0131m\u0131 (MAKDIN) da mevcuttur. Kitab\u0131n i\u00e7eri\u011fi, lisans d\u00fczeyinde yar\u0131y\u0131ll\u0131k bir ders i\u00e7in d\u00fczenlenmi\u015f olmakla beraber, makine m\u00fchendisli\u011fi b\u00f6l\u00fcmlerinin hedeflerine uygun programlara destek vermek i\u00e7in de kullan\u0131labilir. <\/p>\n","protected":false},"excerpt":{"rendered":"<p>Makine dinami\u011fi, \u00e7e\u015fitli end\u00fcstri sekt\u00f6rlerinde uygulama alan\u0131 olan bir bilim dal\u0131d\u0131r. Makine m\u00fchendisli\u011fi \u00f6\u011frencileri i\u00e7in yaz\u0131lm\u0131\u015f olan bu kitab\u0131n amac\u0131, \u00f6\u011frenciye bu sekt\u00f6rlerden herhangi birindeki bir<span class=\"excerpt-hellip\"> [\u2026]<\/span><\/p>\n","protected":false},"featured_media":0,"template":"","meta":{"_monsterinsights_skip_tracking":false,"_monsterinsights_sitenote_active":false,"_monsterinsights_sitenote_note":"","_monsterinsights_sitenote_category":0},"product_brand":[],"product_cat":[12573,12566],"product_tag":[],"class_list":{"0":"post-777375","1":"product","2":"type-product","3":"status-publish","5":"product_cat-akademik-kitaplar","6":"product_cat-egitim","7":"pa_cilt-ciltsiz","8":"pa_tur-kitap","9":"pa_yayinevi-nobel-akademik-yayincilik","10":"pa_yazar-erkan-dokumaci","12":"first","13":"instock","14":"sale","15":"shipping-taxable","16":"purchasable","17":"product-type-simple"},"_links":{"self":[{"href":"https:\/\/roveyayinevi.com.tr\/index.php\/wp-json\/wp\/v2\/product\/777375","targetHints":{"allow":["GET"]}}],"collection":[{"href":"https:\/\/roveyayinevi.com.tr\/index.php\/wp-json\/wp\/v2\/product"}],"about":[{"href":"https:\/\/roveyayinevi.com.tr\/index.php\/wp-json\/wp\/v2\/types\/product"}],"wp:attachment":[{"href":"https:\/\/roveyayinevi.com.tr\/index.php\/wp-json\/wp\/v2\/media?parent=777375"}],"wp:term":[{"taxonomy":"product_brand","embeddable":true,"href":"https:\/\/roveyayinevi.com.tr\/index.php\/wp-json\/wp\/v2\/product_brand?post=777375"},{"taxonomy":"product_cat","embeddable":true,"href":"https:\/\/roveyayinevi.com.tr\/index.php\/wp-json\/wp\/v2\/product_cat?post=777375"},{"taxonomy":"product_tag","embeddable":true,"href":"https:\/\/roveyayinevi.com.tr\/index.php\/wp-json\/wp\/v2\/product_tag?post=777375"}],"curies":[{"name":"wp","href":"https:\/\/api.w.org\/{rel}","templated":true}]}}