{"id":777374,"date":"2025-10-15T21:06:29","date_gmt":"2025-10-15T18:06:29","guid":{"rendered":"https:\/\/roveyayinevi.com.tr\/index.php\/urun\/okulda-degerler-egitimi-yontemler-etkinlikler-kaynaklar\/"},"modified":"2026-04-16T02:18:02","modified_gmt":"2026-04-15T23:18:02","slug":"okulda-degerler-egitimi-yontemler-etkinlikler-kaynaklar","status":"publish","type":"product","link":"https:\/\/roveyayinevi.com.tr\/index.php\/urun\/okulda-degerler-egitimi-yontemler-etkinlikler-kaynaklar\/","title":{"rendered":"Okulda De\u011ferler E\u011fitimi Y\u00f6ntemler-Etkinlikler-Kaynaklar"},"content":{"rendered":"<p>Son y\u0131llarda h\u0131zla yok olmaya do\u011fru giden de\u011ferlerimizi korumak, \u00e7ocuklar\u0131m\u0131za daha ya\u015fan\u0131labilir bir d\u00fcnya b\u0131rakmak i\u00e7in Mill\u00ee E\u011fitim Bakanl\u0131\u011f\u0131 yeni geli\u015ftirdi\u011fi \u00f6\u011fretim programlar\u0131na do\u011frudan de\u011ferlerimizle ilgili konular\u0131 yerle\u015ftirmi\u015ftir.  Derslerin yan\u0131nda Mill\u00ee E\u011fitim Bakanl\u0131\u011f\u0131 2010 y\u0131l\u0131ndan itibaren ilk ve orta dereceli okullarda de\u011ferler e\u011fitimi \u00e7al\u0131\u015fmalar\u0131n\u0131n yap\u0131lmas\u0131n\u0131 istemektedir. Okulda de\u011fer e\u011fitimi \u00e7al\u0131\u015fmas\u0131 t\u00fcm okul personelinin g\u00f6revidir. Bakanl\u0131\u011f\u0131n de\u011fer e\u011fitimi \u00e7al\u0131\u015fmalar\u0131 istemesi \u00fczerine okulda, ba\u015fta y\u00f6netici ve PDR\u2019ciler olmak \u00fczere t\u00fcm \u00f6\u011fretmenler bir aray\u0131\u015fa ge\u00e7tiler ve bir\u00e7ok ba\u015far\u0131l\u0131 \u00e7al\u0131\u015fmalar yapt\u0131lar. Ancak \u201cDe\u011fer e\u011fitimiyle ilgili ne yapabiliriz?\u201c aray\u0131\u015f\u0131 ve kaynak ihtiyac\u0131 devam etti.  Bu kitap, e\u011fitimcilerimizin de\u011fer e\u011fitimi \u00e7al\u0131\u015fmalar\u0131na yard\u0131mc\u0131 olmak \u00fczere derlenmi\u015f bir \u00e7al\u0131\u015fmad\u0131r. Burada tavsiye edilen etkinlik ve y\u00f6ntemler \u00e7e\u015fitli kaynaklarda bulunabilir biz bunlar\u0131 bir araya getirdik ve e\u011fitimcilerimizin hizmetine sunmak istedik. Bu a\u00e7\u0131dan bu eserin bir anlamda el kitab\u0131 olma \u00f6zelli\u011fi vard\u0131r. <\/p>\n","protected":false},"excerpt":{"rendered":"<p>Son y\u0131llarda h\u0131zla yok olmaya do\u011fru giden de\u011ferlerimizi korumak, \u00e7ocuklar\u0131m\u0131za daha ya\u015fan\u0131labilir bir d\u00fcnya b\u0131rakmak i\u00e7in Mill\u00ee E\u011fitim Bakanl\u0131\u011f\u0131 yeni geli\u015ftirdi\u011fi \u00f6\u011fretim programlar\u0131na do\u011frudan de\u011ferlerimizle ilgili<span class=\"excerpt-hellip\"> [\u2026]<\/span><\/p>\n","protected":false},"featured_media":0,"template":"","meta":{"_monsterinsights_skip_tracking":false,"_monsterinsights_sitenote_active":false,"_monsterinsights_sitenote_note":"","_monsterinsights_sitenote_category":0},"product_brand":[],"product_cat":[12312,12304],"product_tag":[],"class_list":{"0":"post-777374","1":"product","2":"type-product","3":"status-publish","5":"product_cat-diger","6":"product_cat-tarih","7":"pa_cilt-ciltsiz","8":"pa_tur-kitap","9":"pa_yayinevi-nobel-akademik-yayincilik","10":"pa_yazar-kolektif","12":"first","13":"instock","14":"sale","15":"shipping-taxable","16":"purchasable","17":"product-type-simple"},"_links":{"self":[{"href":"https:\/\/roveyayinevi.com.tr\/index.php\/wp-json\/wp\/v2\/product\/777374","targetHints":{"allow":["GET"]}}],"collection":[{"href":"https:\/\/roveyayinevi.com.tr\/index.php\/wp-json\/wp\/v2\/product"}],"about":[{"href":"https:\/\/roveyayinevi.com.tr\/index.php\/wp-json\/wp\/v2\/types\/product"}],"wp:attachment":[{"href":"https:\/\/roveyayinevi.com.tr\/index.php\/wp-json\/wp\/v2\/media?parent=777374"}],"wp:term":[{"taxonomy":"product_brand","embeddable":true,"href":"https:\/\/roveyayinevi.com.tr\/index.php\/wp-json\/wp\/v2\/product_brand?post=777374"},{"taxonomy":"product_cat","embeddable":true,"href":"https:\/\/roveyayinevi.com.tr\/index.php\/wp-json\/wp\/v2\/product_cat?post=777374"},{"taxonomy":"product_tag","embeddable":true,"href":"https:\/\/roveyayinevi.com.tr\/index.php\/wp-json\/wp\/v2\/product_tag?post=777374"}],"curies":[{"name":"wp","href":"https:\/\/api.w.org\/{rel}","templated":true}]}}