{"id":777373,"date":"2025-10-15T20:39:49","date_gmt":"2025-10-15T17:39:49","guid":{"rendered":"https:\/\/roveyayinevi.com.tr\/index.php\/urun\/aslanlar-seviye-1\/"},"modified":"2026-04-16T02:14:05","modified_gmt":"2026-04-15T23:14:05","slug":"aslanlar-seviye-1","status":"publish","type":"product","link":"https:\/\/roveyayinevi.com.tr\/index.php\/urun\/aslanlar-seviye-1\/","title":{"rendered":"Aslanlar Seviye 1"},"content":{"rendered":"<p>National Geographic\u2019in uzman foto\u011fraf\u00e7\u0131lar\u0131n\u0131n imzas\u0131n\u0131 ta\u015f\u0131yan g\u00f6rsellerle, zengin bir i\u00e7erik olarak bu kitapta bir araya geldi. 15 kitaptan olu\u015fan, 1. seviye okuma kitaplar\u0131ndan biri olanAslanlar,g\u00f6rsel a\u011f\u0131rl\u0131\u011f\u0131 sayesinde \u00e7ocuklar\u0131n konudan kopmamalar\u0131n\u0131 sa\u011flar ve yeni kelimelerin anlamlar\u0131n\u0131 a\u00e7\u0131klayarak onlar\u0131 tek ba\u015flar\u0131na okumaya te\u015fvik eder.<\/p>\n","protected":false},"excerpt":{"rendered":"<p>National Geographic\u2019in uzman foto\u011fraf\u00e7\u0131lar\u0131n\u0131n imzas\u0131n\u0131 ta\u015f\u0131yan g\u00f6rsellerle, zengin bir i\u00e7erik olarak bu kitapta bir araya geldi. 15 kitaptan olu\u015fan, 1. seviye okuma kitaplar\u0131ndan biri olanAslanlar,g\u00f6rsel a\u011f\u0131rl\u0131\u011f\u0131<span class=\"excerpt-hellip\"> [\u2026]<\/span><\/p>\n","protected":false},"featured_media":0,"template":"","meta":{"_monsterinsights_skip_tracking":false,"_monsterinsights_sitenote_active":false,"_monsterinsights_sitenote_note":"","_monsterinsights_sitenote_category":0},"product_brand":[],"product_cat":[13829,12274],"product_tag":[],"class_list":{"0":"post-777373","1":"product","2":"type-product","3":"status-publish","5":"product_cat-bilimsel-kitaplar","6":"product_cat-cocuk-ve-genclik-kitaplari","7":"pa_cilt-ciltsiz","8":"pa_tur-kitap","9":"pa_yayinevi-beta-kids","10":"pa_yazar-laura-marsh","12":"first","13":"instock","14":"sale","15":"shipping-taxable","16":"purchasable","17":"product-type-simple"},"_links":{"self":[{"href":"https:\/\/roveyayinevi.com.tr\/index.php\/wp-json\/wp\/v2\/product\/777373","targetHints":{"allow":["GET"]}}],"collection":[{"href":"https:\/\/roveyayinevi.com.tr\/index.php\/wp-json\/wp\/v2\/product"}],"about":[{"href":"https:\/\/roveyayinevi.com.tr\/index.php\/wp-json\/wp\/v2\/types\/product"}],"wp:attachment":[{"href":"https:\/\/roveyayinevi.com.tr\/index.php\/wp-json\/wp\/v2\/media?parent=777373"}],"wp:term":[{"taxonomy":"product_brand","embeddable":true,"href":"https:\/\/roveyayinevi.com.tr\/index.php\/wp-json\/wp\/v2\/product_brand?post=777373"},{"taxonomy":"product_cat","embeddable":true,"href":"https:\/\/roveyayinevi.com.tr\/index.php\/wp-json\/wp\/v2\/product_cat?post=777373"},{"taxonomy":"product_tag","embeddable":true,"href":"https:\/\/roveyayinevi.com.tr\/index.php\/wp-json\/wp\/v2\/product_tag?post=777373"}],"curies":[{"name":"wp","href":"https:\/\/api.w.org\/{rel}","templated":true}]}}