{"id":777369,"date":"2025-10-15T19:33:16","date_gmt":"2025-10-15T16:33:16","guid":{"rendered":"https:\/\/roveyayinevi.com.tr\/index.php\/urun\/petersburg-oykuleri-2\/"},"modified":"2025-11-22T02:39:33","modified_gmt":"2025-11-21T23:39:33","slug":"petersburg-oykuleri-2","status":"publish","type":"product","link":"https:\/\/roveyayinevi.com.tr\/index.php\/urun\/petersburg-oykuleri-2\/","title":{"rendered":"Petersburg \u00d6yk\u00fcleri"},"content":{"rendered":"<p>Ergin Altay \u00e7evirisi, Victor Peppard&#8217;\u0131n \u00f6ns\u00f6s\u00fc, R.W. Hallett&#8217;\u0131n sons\u00f6z\u00fc, Yazar ve d\u00f6nem kronolojisi, Kitaba dair g\u00f6rsellerle. Gogol\u2019\u00fcn Rus edebiyat\u0131n\u0131n kaderini de\u011fi\u015ftiren hik\u00e2yelerini bir araya getiren Petersburg \u00d6yk\u00fcleri, kendisinden sonra gelen yazarlar ku\u015fa\u011f\u0131 i\u00e7in b\u00fcy\u00fck bir ilham kayna\u011f\u0131 oldu. Petersburg \u00d6yk\u00fcleri\u2019nde, Rusya\u2019n\u0131n \u00fcnl\u00fc bulvarlar\u0131ndan ge\u00e7ip memurlar\u0131n tekd\u00fcze ya\u015famlar\u0131na, soylular\u0131n g\u00f6steri\u015fli yemek davetlerine, yoksul bir ressam\u0131n virane at\u00f6lyesine konuk oluyoruz. Kahkahayla g\u00f6zya\u015f\u0131 aras\u0131nda hassas bir dengede ilerleyen \u00f6yk\u00fcler, her sat\u0131rda bize g\u00fclmenin karanl\u0131k y\u00fcz\u00fcn\u00fc hissettiyor. Yay\u0131mland\u0131\u011f\u0131 d\u00f6nemde Gogol\u2019\u00fcn b\u00fcy\u00fck toplumsal tepkiyle kar\u015f\u0131la\u015fmas\u0131na sebep olan \u00f6yk\u00fcler, \u00c7arl\u0131k Rusyas\u0131\u2019nda ya\u015fanan sosyal s\u0131n\u0131f \u00e7eli\u015fkisini zek\u00e2 dolu bir alayc\u0131l\u0131kla yans\u0131t\u0131yor. \u201cGogol tuhaf bir yarat\u0131kt\u0131, ama zaten deha hep tuhaft\u0131r.\u201d VLADIMIR NABOKOV \u201cGogol, hiciv alan\u0131nda \u00e7ok ender rastlanan bir sanatsal yetene\u011fe sahipti.\u201d SERGEY DOVLATOV<\/p>\n","protected":false},"excerpt":{"rendered":"<p>Ergin Altay \u00e7evirisi, Victor Peppard&#8217;\u0131n \u00f6ns\u00f6s\u00fc, R.W. Hallett&#8217;\u0131n sons\u00f6z\u00fc, Yazar ve d\u00f6nem kronolojisi, Kitaba dair g\u00f6rsellerle. Gogol\u2019\u00fcn Rus edebiyat\u0131n\u0131n kaderini de\u011fi\u015ftiren hik\u00e2yelerini bir araya getiren Petersburg<span class=\"excerpt-hellip\"> [\u2026]<\/span><\/p>\n","protected":false},"featured_media":0,"template":"","meta":{"_monsterinsights_skip_tracking":false,"_monsterinsights_sitenote_active":false,"_monsterinsights_sitenote_note":"","_monsterinsights_sitenote_category":0},"product_brand":[],"product_cat":[12291,13570],"product_tag":[],"class_list":{"0":"post-777369","1":"product","2":"type-product","3":"status-publish","5":"product_cat-edebiyat","6":"product_cat-rus-edebiyati","7":"pa_cilt-ciltsiz","8":"pa_tur-kitap","9":"pa_yayinevi-iletisim-yayinlari","10":"pa_yazar-nikolay-vasilyevic-gogol","12":"first","13":"instock","14":"sale","15":"shipping-taxable","16":"purchasable","17":"product-type-simple"},"_links":{"self":[{"href":"https:\/\/roveyayinevi.com.tr\/index.php\/wp-json\/wp\/v2\/product\/777369","targetHints":{"allow":["GET"]}}],"collection":[{"href":"https:\/\/roveyayinevi.com.tr\/index.php\/wp-json\/wp\/v2\/product"}],"about":[{"href":"https:\/\/roveyayinevi.com.tr\/index.php\/wp-json\/wp\/v2\/types\/product"}],"wp:attachment":[{"href":"https:\/\/roveyayinevi.com.tr\/index.php\/wp-json\/wp\/v2\/media?parent=777369"}],"wp:term":[{"taxonomy":"product_brand","embeddable":true,"href":"https:\/\/roveyayinevi.com.tr\/index.php\/wp-json\/wp\/v2\/product_brand?post=777369"},{"taxonomy":"product_cat","embeddable":true,"href":"https:\/\/roveyayinevi.com.tr\/index.php\/wp-json\/wp\/v2\/product_cat?post=777369"},{"taxonomy":"product_tag","embeddable":true,"href":"https:\/\/roveyayinevi.com.tr\/index.php\/wp-json\/wp\/v2\/product_tag?post=777369"}],"curies":[{"name":"wp","href":"https:\/\/api.w.org\/{rel}","templated":true}]}}