{"id":777367,"date":"2025-10-15T19:31:48","date_gmt":"2025-10-15T16:31:48","guid":{"rendered":"https:\/\/roveyayinevi.com.tr\/index.php\/urun\/1970lerde-turkiye-solu\/"},"modified":"2026-03-07T02:07:03","modified_gmt":"2026-03-06T23:07:03","slug":"1970lerde-turkiye-solu","status":"publish","type":"product","link":"https:\/\/roveyayinevi.com.tr\/index.php\/urun\/1970lerde-turkiye-solu\/","title":{"rendered":"1970&#8217;lerde T\u00fcrkiye Solu"},"content":{"rendered":"<p>T\u00fcrkiye solunun en kitlesel oldu\u011fu d\u00f6nem 1970\u2019lerdir. Bug\u00fcn dahi solun farkl\u0131 renklerinden siyasi hareketlerin, o d\u00f6nemdeki \u00f6nc\u00fcl \u00f6rg\u00fctlerine ve o \u00f6rg\u00fctlerin kitleselli\u011fine referansla sergiledikleri \u00f6zg\u00fcven, bu tespiti h\u00e2l\u00e2 ge\u00e7erli k\u0131lmaktad\u0131r. Asker\u00ee darbeye kadar varl\u0131\u011f\u0131n\u0131 ve kitleselli\u011fini muhafaza eden sol parti, \u00f6rg\u00fct ve hareketlerin, darbeyle beraber \u00e7ekildikleri mevziler ise, 1970\u2019lerle k\u0131yasland\u0131\u011f\u0131nda olduk\u00e7a sathi bir siyasal etkiye i\u015faret eder. 1970\u2019lerde T\u00fcrkiye Solu, solun en canl\u0131 y\u0131llar\u0131n\u0131n ve bu \u201ccana geli\u015fin\u201d tarihini anlat\u0131yor. 1971 darbesiyle sona eren THKO, THKP-C ve T\u0130KKO-TKP\/(ML) hareketlerinin miras\u00e7\u0131s\u0131 olan \u00f6rg\u00fct ve hareketlerle, yeni kurulan siyasi partilerin ama\u00e7lar\u0131n\u0131, kurulu\u015f ve \u00f6rg\u00fctleni\u015f faaliyetlerini, kitlesel g\u00fc\u00e7lerini, ideolojik farklar\u0131n\u0131 etrafl\u0131 bir \u015fekilde aktar\u0131rken, d\u00f6nemin kapsaml\u0131 bir panoramas\u0131n\u0131 da \u00e7iziyor. Vehbi Ersan, bu kitapta ele ald\u0131\u011f\u0131 parti, \u00f6rg\u00fct ve hareketlerin 1980 sonras\u0131 ya\u015fad\u0131klar\u0131 de\u011fi\u015fim, d\u00f6n\u00fc\u015f\u00fcm ve yeniden partile\u015fme s\u00fcre\u00e7lerine de de\u011finerek, T\u00fcrkiye\u2019de solun tarihinin daha geni\u015f bir perspektiften ele al\u0131nmas\u0131n\u0131 sa\u011fl\u0131yor. <\/p>\n","protected":false},"excerpt":{"rendered":"<p>T\u00fcrkiye solunun en kitlesel oldu\u011fu d\u00f6nem 1970\u2019lerdir. Bug\u00fcn dahi solun farkl\u0131 renklerinden siyasi hareketlerin, o d\u00f6nemdeki \u00f6nc\u00fcl \u00f6rg\u00fctlerine ve o \u00f6rg\u00fctlerin kitleselli\u011fine referansla sergiledikleri \u00f6zg\u00fcven, bu<span class=\"excerpt-hellip\"> [\u2026]<\/span><\/p>\n","protected":false},"featured_media":0,"template":"","meta":{"_monsterinsights_skip_tracking":false,"_monsterinsights_sitenote_active":false,"_monsterinsights_sitenote_note":"","_monsterinsights_sitenote_category":0},"product_brand":[],"product_cat":[13656,12337],"product_tag":[],"class_list":{"0":"post-777367","1":"product","2":"type-product","3":"status-publish","5":"product_cat-azinliklar-etnik-sorunlar","6":"product_cat-politika-siyaset","7":"pa_cilt-ciltsiz","8":"pa_tur-kitap","9":"pa_yayinevi-iletisim-yayinlari","10":"pa_yazar-vehbi-ersan","12":"first","13":"instock","14":"sale","15":"shipping-taxable","16":"purchasable","17":"product-type-simple"},"_links":{"self":[{"href":"https:\/\/roveyayinevi.com.tr\/index.php\/wp-json\/wp\/v2\/product\/777367","targetHints":{"allow":["GET"]}}],"collection":[{"href":"https:\/\/roveyayinevi.com.tr\/index.php\/wp-json\/wp\/v2\/product"}],"about":[{"href":"https:\/\/roveyayinevi.com.tr\/index.php\/wp-json\/wp\/v2\/types\/product"}],"wp:attachment":[{"href":"https:\/\/roveyayinevi.com.tr\/index.php\/wp-json\/wp\/v2\/media?parent=777367"}],"wp:term":[{"taxonomy":"product_brand","embeddable":true,"href":"https:\/\/roveyayinevi.com.tr\/index.php\/wp-json\/wp\/v2\/product_brand?post=777367"},{"taxonomy":"product_cat","embeddable":true,"href":"https:\/\/roveyayinevi.com.tr\/index.php\/wp-json\/wp\/v2\/product_cat?post=777367"},{"taxonomy":"product_tag","embeddable":true,"href":"https:\/\/roveyayinevi.com.tr\/index.php\/wp-json\/wp\/v2\/product_tag?post=777367"}],"curies":[{"name":"wp","href":"https:\/\/api.w.org\/{rel}","templated":true}]}}