{"id":777366,"date":"2025-10-15T19:18:49","date_gmt":"2025-10-15T16:18:49","guid":{"rendered":"https:\/\/roveyayinevi.com.tr\/index.php\/urun\/noel-icin-tek-dilegim\/"},"modified":"2026-04-16T02:02:40","modified_gmt":"2026-04-15T23:02:40","slug":"noel-icin-tek-dilegim","status":"publish","type":"product","link":"https:\/\/roveyayinevi.com.tr\/index.php\/urun\/noel-icin-tek-dilegim\/","title":{"rendered":"Noel \u0130\u00e7in Tek Dile\u011fim"},"content":{"rendered":"<p>Yeni y\u0131l yakla\u015f\u0131rken hayata dair farkl\u0131 hayallere ve umutlara sahip birbirinden farkl\u0131 \u00fc\u00e7 kad\u0131n\u0131n yolu, bir \u0130talyan kafesi olan Bal K\u00fcp\u00fc\u2019nde kesi\u015fir. Kafenin sahibi Bea ge\u00e7mi\u015fini geride b\u0131rakmak ve o\u011fluyla yeni bir hayata ba\u015flamak istemektedir. Sevdi\u011fi adamla d\u00fc\u011f\u00fcn haz\u0131rl\u0131\u011f\u0131 i\u00e7indeki Olivia\u2019n\u0131n evlilik konusunda karma\u015f\u0131k d\u00fc\u015f\u00fcnceleri vard\u0131r. Gen\u00e7 ve g\u00fczel avukat Chloe ise yasak a\u015fk\u0131n kuca\u011f\u0131nda huzursuz g\u00fcnler ge\u00e7irmektedir. Ancak Bea\u2019nin kafede verece\u011fi Noel partisi \u00fc\u00e7 kad\u0131n i\u00e7in de s\u00fcrpriz geli\u015fmelere sahne olacakt\u0131r! Noel \u0130\u00e7in Tek Dile\u011fim, bazen en g\u00fczel hediyelerin Noel a\u011fac\u0131n\u0131n alt\u0131ndaki paketlerde de\u011fil, yan\u0131 ba\u015f\u0131m\u0131zda durdu\u011fu halde fark edemedi\u011fimiz g\u00fczelliklerde oldu\u011funu anlatan s\u0131cac\u0131k ve sihirli bir yeni y\u0131l masal\u0131&#8230; <\/p>\n","protected":false},"excerpt":{"rendered":"<p>Yeni y\u0131l yakla\u015f\u0131rken hayata dair farkl\u0131 hayallere ve umutlara sahip birbirinden farkl\u0131 \u00fc\u00e7 kad\u0131n\u0131n yolu, bir \u0130talyan kafesi olan Bal K\u00fcp\u00fc\u2019nde kesi\u015fir. Kafenin sahibi Bea ge\u00e7mi\u015fini<span class=\"excerpt-hellip\"> [\u2026]<\/span><\/p>\n","protected":false},"featured_media":0,"template":"","meta":{"_monsterinsights_skip_tracking":false,"_monsterinsights_sitenote_active":false,"_monsterinsights_sitenote_note":"","_monsterinsights_sitenote_category":0},"product_brand":[],"product_cat":[12891,12291],"product_tag":[],"class_list":{"0":"post-777366","1":"product","2":"type-product","3":"status-publish","5":"product_cat-amerikan-edebiyati","6":"product_cat-edebiyat","7":"pa_cilt-ciltsiz","8":"pa_tur-kitap","9":"pa_yayinevi-sayfa6-yayinlari","10":"pa_yazar-amy-silver","12":"first","13":"instock","14":"sale","15":"shipping-taxable","16":"purchasable","17":"product-type-simple"},"_links":{"self":[{"href":"https:\/\/roveyayinevi.com.tr\/index.php\/wp-json\/wp\/v2\/product\/777366","targetHints":{"allow":["GET"]}}],"collection":[{"href":"https:\/\/roveyayinevi.com.tr\/index.php\/wp-json\/wp\/v2\/product"}],"about":[{"href":"https:\/\/roveyayinevi.com.tr\/index.php\/wp-json\/wp\/v2\/types\/product"}],"wp:attachment":[{"href":"https:\/\/roveyayinevi.com.tr\/index.php\/wp-json\/wp\/v2\/media?parent=777366"}],"wp:term":[{"taxonomy":"product_brand","embeddable":true,"href":"https:\/\/roveyayinevi.com.tr\/index.php\/wp-json\/wp\/v2\/product_brand?post=777366"},{"taxonomy":"product_cat","embeddable":true,"href":"https:\/\/roveyayinevi.com.tr\/index.php\/wp-json\/wp\/v2\/product_cat?post=777366"},{"taxonomy":"product_tag","embeddable":true,"href":"https:\/\/roveyayinevi.com.tr\/index.php\/wp-json\/wp\/v2\/product_tag?post=777366"}],"curies":[{"name":"wp","href":"https:\/\/api.w.org\/{rel}","templated":true}]}}