{"id":777362,"date":"2025-10-14T11:48:06","date_gmt":"2025-10-14T08:48:06","guid":{"rendered":"https:\/\/roveyayinevi.com.tr\/index.php\/urun\/yer-gumburduyor\/"},"modified":"2026-04-15T03:43:15","modified_gmt":"2026-04-15T00:43:15","slug":"yer-gumburduyor","status":"publish","type":"product","link":"https:\/\/roveyayinevi.com.tr\/index.php\/urun\/yer-gumburduyor\/","title":{"rendered":"Yer G\u00fcmb\u00fcrd\u00fcyor"},"content":{"rendered":"<p>\u201cSadece do\u011fmam\u0131\u015f olanlar ve art\u0131k ya\u015famayanlaryaralanmaktan muaf. Ya\u015famak, yaralanmak veiyile\u015febilmekle y\u00fcr\u00fcnen bir menzil.\u201dYer G\u00fcmb\u00fcrd\u00fcyor, Kemal Sayar\u2019la yap\u0131lm\u0131\u015f s\u00f6yle\u015filerin geni\u015fletilmi\u015f bir se\u00e7kisi. \u00dclke ve d\u00fcnya g\u00fcndemiyle \u00e7alkalanan ruhlara bir tutunma rehberi: \u0130yile\u015fme, merhamet, empati, aile, sosyal medya, edebiyat ve bizi tan\u0131mlayan, d\u00f6n\u00fc\u015ft\u00fcren g\u00fcncel pek \u00e7ok olguya dair ilham verici, \u00e7ok boyutlu bir gergef.\u201cBu kitap, son y\u0131llarda farkl\u0131 edebiyat ve d\u00fc\u015f\u00fcnce dergilerine verdi\u011fim m\u00fclakatlardan derledi\u011fim bir \u00e7al\u0131\u015fma. Kitab\u0131 yay\u0131ma haz\u0131rlarken baz\u0131 hususlar\u0131n daha iyi anla\u015f\u0131labilmesi i\u00e7in kimi ilave ve \u00e7\u0131karmalar yapt\u0131m. T\u00fcm bu s\u00f6yle\u015filer \u00fcmit ederim ki i\u00e7imizde ya\u015fayan ve i\u00e7inde ya\u015fad\u0131\u011f\u0131m\u0131z d\u00fcnyay\u0131 bir nebze daha iyi anlamam\u0131za vesile olur. Her uzun yolculuk, k\u00fc\u00e7\u00fck bir ad\u0131mla ba\u015flar.\u201d<\/p>\n","protected":false},"excerpt":{"rendered":"<p>\u201cSadece do\u011fmam\u0131\u015f olanlar ve art\u0131k ya\u015famayanlaryaralanmaktan muaf. Ya\u015famak, yaralanmak veiyile\u015febilmekle y\u00fcr\u00fcnen bir menzil.\u201dYer G\u00fcmb\u00fcrd\u00fcyor, Kemal Sayar\u2019la yap\u0131lm\u0131\u015f s\u00f6yle\u015filerin geni\u015fletilmi\u015f bir se\u00e7kisi. \u00dclke ve d\u00fcnya g\u00fcndemiyle \u00e7alkalanan<span class=\"excerpt-hellip\"> [\u2026]<\/span><\/p>\n","protected":false},"featured_media":0,"template":"","meta":{"_monsterinsights_skip_tracking":false,"_monsterinsights_sitenote_active":false,"_monsterinsights_sitenote_note":"","_monsterinsights_sitenote_category":0},"product_brand":[],"product_cat":[12291,30969],"product_tag":[],"class_list":{"0":"post-777362","1":"product","2":"type-product","3":"status-publish","5":"product_cat-edebiyat","6":"product_cat-soylesi-edebiyat","7":"pa_cilt-ciltsiz","8":"pa_tur-kitap","9":"pa_yayinevi-kapi-yayinlari","10":"pa_yazar-kemal-sayar","12":"first","13":"instock","14":"sale","15":"shipping-taxable","16":"purchasable","17":"product-type-simple"},"_links":{"self":[{"href":"https:\/\/roveyayinevi.com.tr\/index.php\/wp-json\/wp\/v2\/product\/777362","targetHints":{"allow":["GET"]}}],"collection":[{"href":"https:\/\/roveyayinevi.com.tr\/index.php\/wp-json\/wp\/v2\/product"}],"about":[{"href":"https:\/\/roveyayinevi.com.tr\/index.php\/wp-json\/wp\/v2\/types\/product"}],"wp:attachment":[{"href":"https:\/\/roveyayinevi.com.tr\/index.php\/wp-json\/wp\/v2\/media?parent=777362"}],"wp:term":[{"taxonomy":"product_brand","embeddable":true,"href":"https:\/\/roveyayinevi.com.tr\/index.php\/wp-json\/wp\/v2\/product_brand?post=777362"},{"taxonomy":"product_cat","embeddable":true,"href":"https:\/\/roveyayinevi.com.tr\/index.php\/wp-json\/wp\/v2\/product_cat?post=777362"},{"taxonomy":"product_tag","embeddable":true,"href":"https:\/\/roveyayinevi.com.tr\/index.php\/wp-json\/wp\/v2\/product_tag?post=777362"}],"curies":[{"name":"wp","href":"https:\/\/api.w.org\/{rel}","templated":true}]}}